{"id":43484,"date":"2025-11-21T20:35:11","date_gmt":"2025-11-21T17:35:11","guid":{"rendered":"https:\/\/baldumarket.lt\/product\/grace-160-bed-with-drawers-color-beige\/"},"modified":"2026-02-04T00:49:28","modified_gmt":"2026-02-03T21:49:28","slug":"grace-160-bed-with-drawers-color-beige","status":"publish","type":"product","link":"https:\/\/baldumarket.lt\/lt\/product\/grace-160-bed-with-drawers-color-beige\/","title":{"rendered":"GRACE 160 lova su stal\u010diais, spalva: sm\u0117lio spalvos"},"content":{"rendered":"<h5><span style=\"color: #54859b\">Apsilankykite m\u016bs\u0173 virtualioje HALMAR MEBLE prek\u0117s \u017eenklo parduotuv\u0117je<\/span><\/h5>\n<p> <a href=\"https:\/\/my.matterport.com\/show\/?m=A37Zvh6YfmB\" target=\"_blank\" rel=\"noopener\"><span style=\"color: #e47025\">https:\/\/my.matterport.com\/<\/span><\/a><\/p>","protected":false},"excerpt":{"rendered":"<p>Lova su stal\u010diais, med\u017eiaga: audinys \/ kau\u010diukmedis, spalva: sm\u0117lio spalvos, *lova be \u010diu\u017einio, pasirinktinai galima rinktis \u010diu\u017ein\u012f POLARIS 160 arba SYRIUSZ 160<\/p>","protected":false},"featured_media":43485,"comment_status":"open","ping_status":"open","template":"","meta":[],"product_brand":[],"product_cat":[505,2013,9148],"product_tag":[],"class_list":{"0":"post-43484","1":"product","2":"type-product","3":"status-publish","4":"has-post-thumbnail","6":"product_cat-bedroom-beds","7":"product_cat-halmar","8":"product_cat-beds-halmar","10":"first","11":"instock","12":"purchasable","13":"product-type-simple"},"_links":{"self":[{"href":"https:\/\/baldumarket.lt\/lt\/wp-json\/wp\/v2\/product\/43484","targetHints":{"allow":["GET"]}}],"collection":[{"href":"https:\/\/baldumarket.lt\/lt\/wp-json\/wp\/v2\/product"}],"about":[{"href":"https:\/\/baldumarket.lt\/lt\/wp-json\/wp\/v2\/types\/product"}],"replies":[{"embeddable":true,"href":"https:\/\/baldumarket.lt\/lt\/wp-json\/wp\/v2\/comments?post=43484"}],"wp:featuredmedia":[{"embeddable":true,"href":"https:\/\/baldumarket.lt\/lt\/wp-json\/wp\/v2\/media\/43485"}],"wp:attachment":[{"href":"https:\/\/baldumarket.lt\/lt\/wp-json\/wp\/v2\/media?parent=43484"}],"wp:term":[{"taxonomy":"product_brand","embeddable":true,"href":"https:\/\/baldumarket.lt\/lt\/wp-json\/wp\/v2\/product_brand?post=43484"},{"taxonomy":"product_cat","embeddable":true,"href":"https:\/\/baldumarket.lt\/lt\/wp-json\/wp\/v2\/product_cat?post=43484"},{"taxonomy":"product_tag","embeddable":true,"href":"https:\/\/baldumarket.lt\/lt\/wp-json\/wp\/v2\/product_tag?post=43484"}],"curies":[{"name":"wp","href":"https:\/\/api.w.org\/{rel}","templated":true}]}}