{"id":43355,"date":"2025-11-21T20:33:25","date_gmt":"2025-11-21T17:33:25","guid":{"rendered":"https:\/\/baldumarket.lt\/product\/continental-2-160-bed-beige-monolith-09\/"},"modified":"2026-02-04T00:49:45","modified_gmt":"2026-02-03T21:49:45","slug":"continental-2-160-bed-beige-monolith-09","status":"publish","type":"product","link":"https:\/\/baldumarket.lt\/lt\/product\/continental-2-160-bed-beige-monolith-09\/","title":{"rendered":"CONTINENTAL 2 160 lova, sm\u0117lio spalvos \u2013 Monolith 09"},"content":{"rendered":"<h5><span style=\"color: #54859b\">Apsilankykite m\u016bs\u0173 virtualioje HALMAR MEBLE prek\u0117s \u017eenklo parduotuv\u0117je<\/span><\/h5>\n<p> <a href=\"https:\/\/my.matterport.com\/show\/?m=A37Zvh6YfmB\" target=\"_blank\" rel=\"noopener\"><span style=\"color: #e47025\">https:\/\/my.matterport.com\/<\/span><\/a><\/p>","protected":false},"excerpt":{"rendered":"<p>Lova su patalyn\u0117s d\u0117\u017ee, med\u017eiaga: aksominis audinys \/ med\u017eio masyvas, spalva: sm\u0117lio spalvos, *lova be \u010diu\u017einio, pasirinktinai galima rinktis \u010diu\u017ein\u012f POLARIS 160 arba SYRIUSZ 160<\/p>","protected":false},"featured_media":43356,"comment_status":"open","ping_status":"open","template":"","meta":[],"product_brand":[],"product_cat":[505,514,2013,9148],"product_tag":[],"class_list":{"0":"post-43355","1":"product","2":"type-product","3":"status-publish","4":"has-post-thumbnail","6":"product_cat-bedroom-beds","7":"product_cat-continental-beds","8":"product_cat-halmar","9":"product_cat-beds-halmar","11":"first","12":"instock","13":"purchasable","14":"product-type-simple"},"_links":{"self":[{"href":"https:\/\/baldumarket.lt\/lt\/wp-json\/wp\/v2\/product\/43355","targetHints":{"allow":["GET"]}}],"collection":[{"href":"https:\/\/baldumarket.lt\/lt\/wp-json\/wp\/v2\/product"}],"about":[{"href":"https:\/\/baldumarket.lt\/lt\/wp-json\/wp\/v2\/types\/product"}],"replies":[{"embeddable":true,"href":"https:\/\/baldumarket.lt\/lt\/wp-json\/wp\/v2\/comments?post=43355"}],"wp:featuredmedia":[{"embeddable":true,"href":"https:\/\/baldumarket.lt\/lt\/wp-json\/wp\/v2\/media\/43356"}],"wp:attachment":[{"href":"https:\/\/baldumarket.lt\/lt\/wp-json\/wp\/v2\/media?parent=43355"}],"wp:term":[{"taxonomy":"product_brand","embeddable":true,"href":"https:\/\/baldumarket.lt\/lt\/wp-json\/wp\/v2\/product_brand?post=43355"},{"taxonomy":"product_cat","embeddable":true,"href":"https:\/\/baldumarket.lt\/lt\/wp-json\/wp\/v2\/product_cat?post=43355"},{"taxonomy":"product_tag","embeddable":true,"href":"https:\/\/baldumarket.lt\/lt\/wp-json\/wp\/v2\/product_tag?post=43355"}],"curies":[{"name":"wp","href":"https:\/\/api.w.org\/{rel}","templated":true}]}}