{"id":43223,"date":"2025-11-21T20:31:40","date_gmt":"2025-11-21T17:31:40","guid":{"rendered":"https:\/\/baldumarket.lt\/product\/asento-160-bed-light-beige-element17\/"},"modified":"2026-02-04T00:49:58","modified_gmt":"2026-02-03T21:49:58","slug":"asento-160-bed-light-beige-element17","status":"publish","type":"product","link":"https:\/\/baldumarket.lt\/lt\/product\/asento-160-bed-light-beige-element17\/","title":{"rendered":"ASENTO 160 lova, \u0161viesiai sm\u0117lio spalvos ELEMENT #17"},"content":{"rendered":"<h5><span style=\"color: #54859b\">Apsilankykite m\u016bs\u0173 virtualioje HALMAR MEBLE prek\u0117s \u017eenklo parduotuv\u0117je<\/span><\/h5>\n<p> <a href=\"https:\/\/my.matterport.com\/show\/?m=A37Zvh6YfmB\" target=\"_blank\" rel=\"noopener\"><span style=\"color: #e47025\">https:\/\/my.matterport.com\/<\/span><\/a><\/p>","protected":false},"excerpt":{"rendered":"<p>Matmenys: 162\/210\/121 cm; kontinentin\u0117 lova su patalyn\u0117s d\u0117\u017ee, med\u017eiaga: audinys \u2013 ELEMENT, spalva \u0161viesiai sm\u0117lio spalvos ELEMENT#17, * lova be \u010diu\u017einio, pasirinktinai galimas \u010diu\u017einys POLARIS 160 arba SYRIUSZ 160<\/p>","protected":false},"featured_media":43224,"comment_status":"open","ping_status":"open","template":"","meta":[],"product_brand":[],"product_cat":[505,2013,9148],"product_tag":[],"class_list":{"0":"post-43223","1":"product","2":"type-product","3":"status-publish","4":"has-post-thumbnail","6":"product_cat-bedroom-beds","7":"product_cat-halmar","8":"product_cat-beds-halmar","10":"first","11":"instock","12":"purchasable","13":"product-type-simple"},"_links":{"self":[{"href":"https:\/\/baldumarket.lt\/lt\/wp-json\/wp\/v2\/product\/43223","targetHints":{"allow":["GET"]}}],"collection":[{"href":"https:\/\/baldumarket.lt\/lt\/wp-json\/wp\/v2\/product"}],"about":[{"href":"https:\/\/baldumarket.lt\/lt\/wp-json\/wp\/v2\/types\/product"}],"replies":[{"embeddable":true,"href":"https:\/\/baldumarket.lt\/lt\/wp-json\/wp\/v2\/comments?post=43223"}],"wp:featuredmedia":[{"embeddable":true,"href":"https:\/\/baldumarket.lt\/lt\/wp-json\/wp\/v2\/media\/43224"}],"wp:attachment":[{"href":"https:\/\/baldumarket.lt\/lt\/wp-json\/wp\/v2\/media?parent=43223"}],"wp:term":[{"taxonomy":"product_brand","embeddable":true,"href":"https:\/\/baldumarket.lt\/lt\/wp-json\/wp\/v2\/product_brand?post=43223"},{"taxonomy":"product_cat","embeddable":true,"href":"https:\/\/baldumarket.lt\/lt\/wp-json\/wp\/v2\/product_cat?post=43223"},{"taxonomy":"product_tag","embeddable":true,"href":"https:\/\/baldumarket.lt\/lt\/wp-json\/wp\/v2\/product_tag?post=43223"}],"curies":[{"name":"wp","href":"https:\/\/api.w.org\/{rel}","templated":true}]}}