{"id":43189,"date":"2025-11-21T20:31:12","date_gmt":"2025-11-21T17:31:12","guid":{"rendered":"https:\/\/baldumarket.lt\/product\/ariza-double-bed-with-pull-out-extra-mattress-space-white\/"},"modified":"2026-02-04T00:50:03","modified_gmt":"2026-02-03T21:50:03","slug":"ariza-double-bed-with-pull-out-extra-mattress-space-white","status":"publish","type":"product","link":"https:\/\/baldumarket.lt\/lt\/product\/ariza-double-bed-with-pull-out-extra-mattress-space-white\/","title":{"rendered":"ARIZA dvigul\u0117 lova sutraukiama papildoma \u010diu\u017einio dalimi, balta"},"content":{"rendered":"<h5><span style=\"color: #54859b\">Apsilankykite m\u016bs\u0173 virtualioje HALMAR MEBLE prek\u0117s \u017eenklo parduotuv\u0117je<\/span><\/h5>\n<p> <a href=\"https:\/\/my.matterport.com\/show\/?m=A37Zvh6YfmB\" target=\"_blank\" rel=\"noopener\"><span style=\"color: #e47025\">https:\/\/my.matterport.com\/<\/span><\/a><\/p>","protected":false},"excerpt":{"rendered":"<p>Dvigul\u0117 lova su i\u0161traukiama papildoma vieta \u010diu\u017einiui, med\u017eiaga: milteliniu b\u016bdu da\u017eytas plienas, spalva: balta, *lova be \u010diu\u017einio, \u010diu\u017einiai pasirinktinai PIZA<\/p>","protected":false},"featured_media":43190,"comment_status":"open","ping_status":"open","template":"","meta":[],"product_brand":[],"product_cat":[505,2013,9148],"product_tag":[],"class_list":{"0":"post-43189","1":"product","2":"type-product","3":"status-publish","4":"has-post-thumbnail","6":"product_cat-bedroom-beds","7":"product_cat-halmar","8":"product_cat-beds-halmar","10":"first","11":"instock","12":"purchasable","13":"product-type-simple"},"_links":{"self":[{"href":"https:\/\/baldumarket.lt\/lt\/wp-json\/wp\/v2\/product\/43189","targetHints":{"allow":["GET"]}}],"collection":[{"href":"https:\/\/baldumarket.lt\/lt\/wp-json\/wp\/v2\/product"}],"about":[{"href":"https:\/\/baldumarket.lt\/lt\/wp-json\/wp\/v2\/types\/product"}],"replies":[{"embeddable":true,"href":"https:\/\/baldumarket.lt\/lt\/wp-json\/wp\/v2\/comments?post=43189"}],"wp:featuredmedia":[{"embeddable":true,"href":"https:\/\/baldumarket.lt\/lt\/wp-json\/wp\/v2\/media\/43190"}],"wp:attachment":[{"href":"https:\/\/baldumarket.lt\/lt\/wp-json\/wp\/v2\/media?parent=43189"}],"wp:term":[{"taxonomy":"product_brand","embeddable":true,"href":"https:\/\/baldumarket.lt\/lt\/wp-json\/wp\/v2\/product_brand?post=43189"},{"taxonomy":"product_cat","embeddable":true,"href":"https:\/\/baldumarket.lt\/lt\/wp-json\/wp\/v2\/product_cat?post=43189"},{"taxonomy":"product_tag","embeddable":true,"href":"https:\/\/baldumarket.lt\/lt\/wp-json\/wp\/v2\/product_tag?post=43189"}],"curies":[{"name":"wp","href":"https:\/\/api.w.org\/{rel}","templated":true}]}}