{"id":43160,"date":"2025-11-21T20:30:46","date_gmt":"2025-11-21T17:30:46","guid":{"rendered":"https:\/\/baldumarket.lt\/product\/alabama-double-bed-with-pull-out-bottom-mattress-space-creamy\/"},"modified":"2026-02-04T00:50:08","modified_gmt":"2026-02-03T21:50:08","slug":"alabama-double-bed-with-pull-out-bottom-mattress-space-creamy","status":"publish","type":"product","link":"https:\/\/baldumarket.lt\/lt\/product\/alabama-double-bed-with-pull-out-bottom-mattress-space-creamy\/","title":{"rendered":"ALABAMA dvigul\u0117 lova sutraukiamu apatiniu \u010diu\u017einio plotu, kremin\u0117s spalvos"},"content":{"rendered":"<h5><span style=\"color: #54859b\">Apsilankykite m\u016bs\u0173 virtualioje HALMAR MEBLE prek\u0117s \u017eenklo parduotuv\u0117je<\/span><\/h5>\n<p> <a href=\"https:\/\/my.matterport.com\/show\/?m=A37Zvh6YfmB\" target=\"_blank\" rel=\"noopener\"><span style=\"color: #e47025\">https:\/\/my.matterport.com\/<\/span><\/a><\/p>","protected":false},"excerpt":{"rendered":"<p>Dvigul\u0117 lova su i\u0161traukiamu apatiniu \u010diu\u017einio sluoksniu, med\u017eiaga: audinys, spalva: kremin\u0117,* lova be \u010diu\u017einio, pasirinktinai galimas \u010diu\u017einys POLARIS 90 arba SYRIUSZ 90<\/p>","protected":false},"featured_media":43161,"comment_status":"open","ping_status":"open","template":"","meta":[],"product_brand":[],"product_cat":[505,2013,9148],"product_tag":[],"class_list":{"0":"post-43160","1":"product","2":"type-product","3":"status-publish","4":"has-post-thumbnail","6":"product_cat-bedroom-beds","7":"product_cat-halmar","8":"product_cat-beds-halmar","10":"first","11":"instock","12":"purchasable","13":"product-type-simple"},"_links":{"self":[{"href":"https:\/\/baldumarket.lt\/lt\/wp-json\/wp\/v2\/product\/43160","targetHints":{"allow":["GET"]}}],"collection":[{"href":"https:\/\/baldumarket.lt\/lt\/wp-json\/wp\/v2\/product"}],"about":[{"href":"https:\/\/baldumarket.lt\/lt\/wp-json\/wp\/v2\/types\/product"}],"replies":[{"embeddable":true,"href":"https:\/\/baldumarket.lt\/lt\/wp-json\/wp\/v2\/comments?post=43160"}],"wp:featuredmedia":[{"embeddable":true,"href":"https:\/\/baldumarket.lt\/lt\/wp-json\/wp\/v2\/media\/43161"}],"wp:attachment":[{"href":"https:\/\/baldumarket.lt\/lt\/wp-json\/wp\/v2\/media?parent=43160"}],"wp:term":[{"taxonomy":"product_brand","embeddable":true,"href":"https:\/\/baldumarket.lt\/lt\/wp-json\/wp\/v2\/product_brand?post=43160"},{"taxonomy":"product_cat","embeddable":true,"href":"https:\/\/baldumarket.lt\/lt\/wp-json\/wp\/v2\/product_cat?post=43160"},{"taxonomy":"product_tag","embeddable":true,"href":"https:\/\/baldumarket.lt\/lt\/wp-json\/wp\/v2\/product_tag?post=43160"}],"curies":[{"name":"wp","href":"https:\/\/api.w.org\/{rel}","templated":true}]}}