{"id":43120,"date":"2025-11-21T20:30:00","date_gmt":"2025-11-21T17:30:00","guid":{"rendered":"https:\/\/baldumarket.lt\/product\/wall-unit-luna-plum-black\/"},"modified":"2026-02-04T00:50:16","modified_gmt":"2026-02-03T21:50:16","slug":"wall-unit-luna-plum-black","status":"publish","type":"product","link":"https:\/\/baldumarket.lt\/lt\/product\/wall-unit-luna-plum-black\/","title":{"rendered":"sienin\u0117 spintel\u0117 LUNA slyv\u0173\/juoda"},"content":{"rendered":"<h5><span style=\"color: #54859b\">Apsilankykite m\u016bs\u0173 virtualioje HALMAR MEBLE prek\u0117s \u017eenklo parduotuv\u0117je<\/span><\/h5>\n<p> <a href=\"https:\/\/my.matterport.com\/show\/?m=A37Zvh6YfmB\" target=\"_blank\" rel=\"noopener\"><span style=\"color: #e47025\">https:\/\/my.matterport.com\/<\/span><\/a><\/p>","protected":false},"excerpt":{"rendered":"<p>Matmenys: auk\u0161tis\/plotis\/gylis - 190\/260\/44<br \/>\nmed\u017eiaga<br \/>\nKorpusas; laminuota matin\u0117 med\u017eio dro\u017eli\u0173 plok\u0161t\u0117<br \/>\nPriekin\u0117s dalys: laminuota, blizgi MDF plok\u0161t\u0117, gr\u016bdintas stiklas<br \/>\nRankena; plastikin\u0117 med\u017eiaga<br \/>\n(ap\u0161vietimas ne\u012fskai\u010diuotas, 2LED ap\u0161vietim\u0105 reikia u\u017esisakyti atskirai)<\/p>","protected":false},"featured_media":43121,"comment_status":"open","ping_status":"open","template":"","meta":[],"product_brand":[],"product_cat":[2013,2008],"product_tag":[],"class_list":{"0":"post-43120","1":"product","2":"type-product","3":"status-publish","4":"has-post-thumbnail","6":"product_cat-halmar","7":"product_cat-wall-units","9":"first","10":"instock","11":"purchasable","12":"product-type-simple"},"_links":{"self":[{"href":"https:\/\/baldumarket.lt\/lt\/wp-json\/wp\/v2\/product\/43120","targetHints":{"allow":["GET"]}}],"collection":[{"href":"https:\/\/baldumarket.lt\/lt\/wp-json\/wp\/v2\/product"}],"about":[{"href":"https:\/\/baldumarket.lt\/lt\/wp-json\/wp\/v2\/types\/product"}],"replies":[{"embeddable":true,"href":"https:\/\/baldumarket.lt\/lt\/wp-json\/wp\/v2\/comments?post=43120"}],"wp:featuredmedia":[{"embeddable":true,"href":"https:\/\/baldumarket.lt\/lt\/wp-json\/wp\/v2\/media\/43121"}],"wp:attachment":[{"href":"https:\/\/baldumarket.lt\/lt\/wp-json\/wp\/v2\/media?parent=43120"}],"wp:term":[{"taxonomy":"product_brand","embeddable":true,"href":"https:\/\/baldumarket.lt\/lt\/wp-json\/wp\/v2\/product_brand?post=43120"},{"taxonomy":"product_cat","embeddable":true,"href":"https:\/\/baldumarket.lt\/lt\/wp-json\/wp\/v2\/product_cat?post=43120"},{"taxonomy":"product_tag","embeddable":true,"href":"https:\/\/baldumarket.lt\/lt\/wp-json\/wp\/v2\/product_tag?post=43120"}],"curies":[{"name":"wp","href":"https:\/\/api.w.org\/{rel}","templated":true}]}}