{"id":42972,"date":"2025-11-21T20:27:38","date_gmt":"2025-11-21T17:27:38","guid":{"rendered":"https:\/\/baldumarket.lt\/product\/smart-reg-1-regal-color-natural-oak-black\/"},"modified":"2026-02-04T00:50:41","modified_gmt":"2026-02-03T21:50:41","slug":"smart-reg-1-regal-color-natural-oak-black","status":"publish","type":"product","link":"https:\/\/baldumarket.lt\/lt\/product\/smart-reg-1-regal-color-natural-oak-black\/","title":{"rendered":"SMART REG-1 karali\u0161ka spalva: nat\u016bralus \u0105\u017euolas \/ juoda"},"content":{"rendered":"<h5><span style=\"color: #54859b\">Apsilankykite m\u016bs\u0173 virtualioje HALMAR MEBLE prek\u0117s \u017eenklo parduotuv\u0117je<\/span><\/h5>\n<p> <a href=\"https:\/\/my.matterport.com\/show\/?m=A37Zvh6YfmB\" target=\"_blank\" rel=\"noopener\"><span style=\"color: #e47025\">https:\/\/my.matterport.com\/<\/span><\/a><\/p>","protected":false},"excerpt":{"rendered":"<p>Regal, matmenys: 97\/37\/196 cm, med\u017eiaga: MDF + nat\u016bralaus \u0105\u017euolo faneruot\u0117 \/ med\u017eio dro\u017eli\u0173 plok\u0161t\u0117 + nat\u016bralaus \u0105\u017euolo faneruot\u0117 \/ milteliniu b\u016bdu da\u017eytas plienas, spalva: nat\u016bralus \u0105\u017euolas \/ juoda<\/p>","protected":false},"featured_media":42973,"comment_status":"open","ping_status":"open","template":"","meta":[],"product_brand":[],"product_cat":[2013,1987],"product_tag":[],"class_list":{"0":"post-42972","1":"product","2":"type-product","3":"status-publish","4":"has-post-thumbnail","6":"product_cat-halmar","7":"product_cat-shelving-units","9":"first","10":"instock","11":"purchasable","12":"product-type-simple"},"_links":{"self":[{"href":"https:\/\/baldumarket.lt\/lt\/wp-json\/wp\/v2\/product\/42972","targetHints":{"allow":["GET"]}}],"collection":[{"href":"https:\/\/baldumarket.lt\/lt\/wp-json\/wp\/v2\/product"}],"about":[{"href":"https:\/\/baldumarket.lt\/lt\/wp-json\/wp\/v2\/types\/product"}],"replies":[{"embeddable":true,"href":"https:\/\/baldumarket.lt\/lt\/wp-json\/wp\/v2\/comments?post=42972"}],"wp:featuredmedia":[{"embeddable":true,"href":"https:\/\/baldumarket.lt\/lt\/wp-json\/wp\/v2\/media\/42973"}],"wp:attachment":[{"href":"https:\/\/baldumarket.lt\/lt\/wp-json\/wp\/v2\/media?parent=42972"}],"wp:term":[{"taxonomy":"product_brand","embeddable":true,"href":"https:\/\/baldumarket.lt\/lt\/wp-json\/wp\/v2\/product_brand?post=42972"},{"taxonomy":"product_cat","embeddable":true,"href":"https:\/\/baldumarket.lt\/lt\/wp-json\/wp\/v2\/product_cat?post=42972"},{"taxonomy":"product_tag","embeddable":true,"href":"https:\/\/baldumarket.lt\/lt\/wp-json\/wp\/v2\/product_tag?post=42972"}],"curies":[{"name":"wp","href":"https:\/\/api.w.org\/{rel}","templated":true}]}}