{"id":42947,"date":"2025-11-21T20:27:18","date_gmt":"2025-11-21T17:27:18","guid":{"rendered":"https:\/\/baldumarket.lt\/product\/slide-rtv-200-k-black\/"},"modified":"2026-02-04T00:50:46","modified_gmt":"2026-02-03T21:50:46","slug":"slide-rtv-200-k-black","status":"publish","type":"product","link":"https:\/\/baldumarket.lt\/lt\/product\/slide-rtv-200-k-black\/","title":{"rendered":"SLIDE RTV 200 K juoda"},"content":{"rendered":"<h5><span style=\"color: #54859b\">Apsilankykite m\u016bs\u0173 virtualioje HALMAR MEBLE prek\u0117s \u017eenklo parduotuv\u0117je<\/span><\/h5>\n<p> <a href=\"https:\/\/my.matterport.com\/show\/?m=A37Zvh6YfmB\" target=\"_blank\" rel=\"noopener\"><span style=\"color: #e47025\">https:\/\/my.matterport.com\/<\/span><\/a><\/p>","protected":false},"excerpt":{"rendered":"<p>Galimyb\u0117 \u012fmontuoti lentyn\u0105 arba \u017eidin\u012f. \u017didinys parduodamas atskirai. (CAMA-KOMINEK\u2026. Priekin\u0117s, \u0161onin\u0117s ir vir\u0161utin\u0117s dalys pagamintos i\u0161 blizgaus pavir\u0161iaus. Priekin\u0117s dalys atidaromos \u017eemyn. Spintel\u0117 tvirtinama prie sienos. Pakabinimas kai\u0161\u010diais \u2013 jie pridedami prie pakuot\u0117s.<br \/>\nmatmenys: auk\u0161tis\/plotis\/gylis 37 cm \/ 200 cm \/ 40 cm,<br \/>\nKorpusas: 16 mm blizgiai laminuota med\u017eio dro\u017eli\u0173 plok\u0161t\u0117<br \/>\nfasadas: 16 mm blizgios MDF plok\u0161t\u0117s<br \/>\nrankena: n\u0117ra, PUSH-CLICK sistema<br \/>\nvyriai: peties (nuimami)<\/p>","protected":false},"featured_media":42948,"comment_status":"open","ping_status":"open","template":"","meta":[],"product_brand":[],"product_cat":[2013,9152,1175],"product_tag":[],"class_list":{"0":"post-42947","1":"product","2":"type-product","3":"status-publish","4":"has-post-thumbnail","6":"product_cat-halmar","7":"product_cat-rtv-tables-halmar","8":"product_cat-tv-stands","10":"first","11":"instock","12":"purchasable","13":"product-type-simple"},"_links":{"self":[{"href":"https:\/\/baldumarket.lt\/lt\/wp-json\/wp\/v2\/product\/42947","targetHints":{"allow":["GET"]}}],"collection":[{"href":"https:\/\/baldumarket.lt\/lt\/wp-json\/wp\/v2\/product"}],"about":[{"href":"https:\/\/baldumarket.lt\/lt\/wp-json\/wp\/v2\/types\/product"}],"replies":[{"embeddable":true,"href":"https:\/\/baldumarket.lt\/lt\/wp-json\/wp\/v2\/comments?post=42947"}],"wp:featuredmedia":[{"embeddable":true,"href":"https:\/\/baldumarket.lt\/lt\/wp-json\/wp\/v2\/media\/42948"}],"wp:attachment":[{"href":"https:\/\/baldumarket.lt\/lt\/wp-json\/wp\/v2\/media?parent=42947"}],"wp:term":[{"taxonomy":"product_brand","embeddable":true,"href":"https:\/\/baldumarket.lt\/lt\/wp-json\/wp\/v2\/product_brand?post=42947"},{"taxonomy":"product_cat","embeddable":true,"href":"https:\/\/baldumarket.lt\/lt\/wp-json\/wp\/v2\/product_cat?post=42947"},{"taxonomy":"product_tag","embeddable":true,"href":"https:\/\/baldumarket.lt\/lt\/wp-json\/wp\/v2\/product_tag?post=42947"}],"curies":[{"name":"wp","href":"https:\/\/api.w.org\/{rel}","templated":true}]}}