{"id":42773,"date":"2025-11-21T20:24:57","date_gmt":"2025-11-21T17:24:57","guid":{"rendered":"https:\/\/baldumarket.lt\/product\/piza-foldable-foam-mattress-color-light-ecru\/"},"modified":"2026-02-04T00:51:03","modified_gmt":"2026-02-03T21:51:03","slug":"piza-foldable-foam-mattress-color-light-ecru","status":"publish","type":"product","link":"https:\/\/baldumarket.lt\/lt\/product\/piza-foldable-foam-mattress-color-light-ecru\/","title":{"rendered":"PIZA sulankstomas put\u0173 \u010diu\u017einys, spalva: \u0161viesiai gelsvai ruda"},"content":{"rendered":"<h5><span style=\"color: #54859b\">Apsilankykite m\u016bs\u0173 virtualioje HALMAR MEBLE prek\u0117s \u017eenklo parduotuv\u0117je<\/span><\/h5>\n<p> <a href=\"https:\/\/my.matterport.com\/show\/?m=A37Zvh6YfmB\" target=\"_blank\" rel=\"noopener\"><span style=\"color: #e47025\">https:\/\/my.matterport.com\/<\/span><\/a><\/p>","protected":false},"excerpt":{"rendered":"<p>Sulankstomas put\u0173 poliuretano \u010diu\u017einys, matmenys: 200x90x18 cm \u2013 i\u0161skleistas 200x180x9 cm, med\u017eiaga: \u012fd\u0117klas \u2013 poliuretano putos T18, u\u017evalkalas \u2013 ALASKA BED \u010diu\u017einio audinys, sud\u0117tis: polipropilenas \/ poliesteris, spalva: \u0161viesiai gelsva<\/p>","protected":false},"featured_media":42774,"comment_status":"open","ping_status":"open","template":"","meta":[],"product_brand":[],"product_cat":[2013,1099],"product_tag":[],"class_list":{"0":"post-42773","1":"product","2":"type-product","3":"status-publish","4":"has-post-thumbnail","6":"product_cat-halmar","7":"product_cat-mattresses","9":"first","10":"instock","11":"purchasable","12":"product-type-simple"},"_links":{"self":[{"href":"https:\/\/baldumarket.lt\/lt\/wp-json\/wp\/v2\/product\/42773","targetHints":{"allow":["GET"]}}],"collection":[{"href":"https:\/\/baldumarket.lt\/lt\/wp-json\/wp\/v2\/product"}],"about":[{"href":"https:\/\/baldumarket.lt\/lt\/wp-json\/wp\/v2\/types\/product"}],"replies":[{"embeddable":true,"href":"https:\/\/baldumarket.lt\/lt\/wp-json\/wp\/v2\/comments?post=42773"}],"wp:featuredmedia":[{"embeddable":true,"href":"https:\/\/baldumarket.lt\/lt\/wp-json\/wp\/v2\/media\/42774"}],"wp:attachment":[{"href":"https:\/\/baldumarket.lt\/lt\/wp-json\/wp\/v2\/media?parent=42773"}],"wp:term":[{"taxonomy":"product_brand","embeddable":true,"href":"https:\/\/baldumarket.lt\/lt\/wp-json\/wp\/v2\/product_brand?post=42773"},{"taxonomy":"product_cat","embeddable":true,"href":"https:\/\/baldumarket.lt\/lt\/wp-json\/wp\/v2\/product_cat?post=42773"},{"taxonomy":"product_tag","embeddable":true,"href":"https:\/\/baldumarket.lt\/lt\/wp-json\/wp\/v2\/product_tag?post=42773"}],"curies":[{"name":"wp","href":"https:\/\/api.w.org\/{rel}","templated":true}]}}