{"id":42716,"date":"2025-11-21T20:24:12","date_gmt":"2025-11-21T17:24:12","guid":{"rendered":"https:\/\/baldumarket.lt\/product\/palazzo-night-stand-2pcs-1-set\/"},"modified":"2026-02-04T00:51:13","modified_gmt":"2026-02-03T21:51:13","slug":"palazzo-night-stand-2pcs-1-set","status":"publish","type":"product","link":"https:\/\/baldumarket.lt\/lt\/product\/palazzo-night-stand-2pcs-1-set\/","title":{"rendered":"PALAZZO naktinis staliukas (2 vnt. = 1 komplektas)"},"content":{"rendered":"<h5><span style=\"color: #54859b\">Apsilankykite m\u016bs\u0173 virtualioje HALMAR MEBLE prek\u0117s \u017eenklo parduotuv\u0117je<\/span><\/h5>\n<p> <a href=\"https:\/\/my.matterport.com\/show\/?m=A37Zvh6YfmB\" target=\"_blank\" rel=\"noopener\"><span style=\"color: #e47025\">https:\/\/my.matterport.com\/<\/span><\/a><\/p>","protected":false},"excerpt":{"rendered":"<p>matmenys: auk\u0161tis\/plotis\/gylis cm\/cm\/cm,<br \/>\nmed\u017eiaga:<br \/>\nKorpusas: matin\u0117 laminuota med\u017eio dro\u017eli\u0173 plok\u0161t\u0117, 16 mm<br \/>\nPriekin\u0117 dalis: 16 mm MDF plok\u0161t\u0117<br \/>\nKojel\u0117s: juodos spalvos metalin\u0117s, auk\u0161tis 20 cm<br \/>\nRankena: sistema STUMTI \u2013 SPRAUKTI<\/p>","protected":false},"featured_media":42717,"comment_status":"open","ping_status":"open","template":"","meta":[],"product_brand":[],"product_cat":[1176,2013],"product_tag":[],"class_list":{"0":"post-42716","1":"product","2":"type-product","3":"status-publish","4":"has-post-thumbnail","6":"product_cat-bedside-tables","7":"product_cat-halmar","9":"first","10":"instock","11":"purchasable","12":"product-type-simple"},"_links":{"self":[{"href":"https:\/\/baldumarket.lt\/lt\/wp-json\/wp\/v2\/product\/42716","targetHints":{"allow":["GET"]}}],"collection":[{"href":"https:\/\/baldumarket.lt\/lt\/wp-json\/wp\/v2\/product"}],"about":[{"href":"https:\/\/baldumarket.lt\/lt\/wp-json\/wp\/v2\/types\/product"}],"replies":[{"embeddable":true,"href":"https:\/\/baldumarket.lt\/lt\/wp-json\/wp\/v2\/comments?post=42716"}],"wp:featuredmedia":[{"embeddable":true,"href":"https:\/\/baldumarket.lt\/lt\/wp-json\/wp\/v2\/media\/42717"}],"wp:attachment":[{"href":"https:\/\/baldumarket.lt\/lt\/wp-json\/wp\/v2\/media?parent=42716"}],"wp:term":[{"taxonomy":"product_brand","embeddable":true,"href":"https:\/\/baldumarket.lt\/lt\/wp-json\/wp\/v2\/product_brand?post=42716"},{"taxonomy":"product_cat","embeddable":true,"href":"https:\/\/baldumarket.lt\/lt\/wp-json\/wp\/v2\/product_cat?post=42716"},{"taxonomy":"product_tag","embeddable":true,"href":"https:\/\/baldumarket.lt\/lt\/wp-json\/wp\/v2\/product_tag?post=42716"}],"curies":[{"name":"wp","href":"https:\/\/api.w.org\/{rel}","templated":true}]}}