{"id":42657,"date":"2025-11-21T20:23:26","date_gmt":"2025-11-21T17:23:26","guid":{"rendered":"https:\/\/baldumarket.lt\/product\/ovo-bookcase-4d-dark-concrete-primeval-oak\/"},"modified":"2026-02-04T00:51:19","modified_gmt":"2026-02-03T21:51:19","slug":"ovo-bookcase-4d-dark-concrete-primeval-oak","status":"publish","type":"product","link":"https:\/\/baldumarket.lt\/lt\/product\/ovo-bookcase-4d-dark-concrete-primeval-oak\/","title":{"rendered":"OVO knyg\u0173 lentyna 4D tamsus betonas \/ pirmyk\u0161tis \u0105\u017euolas"},"content":{"rendered":"<h5><span style=\"color: #54859b\">Apsilankykite m\u016bs\u0173 virtualioje HALMAR MEBLE prek\u0117s \u017eenklo parduotuv\u0117je<\/span><\/h5>\n<p> <a href=\"https:\/\/my.matterport.com\/show\/?m=A37Zvh6YfmB\" target=\"_blank\" rel=\"noopener\"><span style=\"color: #e47025\">https:\/\/my.matterport.com\/<\/span><\/a><\/p>","protected":false},"excerpt":{"rendered":"<p>Matmenys: auk\u0161tis\/plotis\/gylis 90 cm\/90 cm\/38 cm; med\u017eiaga: vir\u0161utin\u0117 ir apatin\u0117 briaunos: 16 mm laminuota med\u017eio dro\u017eli\u0173 plok\u0161t\u0117; \u0161onai: 16 mm laminuota med\u017eio dro\u017eli\u0173 plok\u0161t\u0117; priekis: 16 mm laminuota med\u017eio dro\u017eli\u0173 plok\u0161t\u0117; kojel\u0117s: plastikas, auk\u0161tis 120 mm; rankenos: atidaromos spaud\u017eiant<\/p>","protected":false},"featured_media":42658,"comment_status":"open","ping_status":"open","template":"","meta":[],"product_brand":[],"product_cat":[2013,1177],"product_tag":[],"class_list":{"0":"post-42657","1":"product","2":"type-product","3":"status-publish","4":"has-post-thumbnail","6":"product_cat-halmar","7":"product_cat-wardrobes","9":"first","10":"instock","11":"purchasable","12":"product-type-simple"},"_links":{"self":[{"href":"https:\/\/baldumarket.lt\/lt\/wp-json\/wp\/v2\/product\/42657","targetHints":{"allow":["GET"]}}],"collection":[{"href":"https:\/\/baldumarket.lt\/lt\/wp-json\/wp\/v2\/product"}],"about":[{"href":"https:\/\/baldumarket.lt\/lt\/wp-json\/wp\/v2\/types\/product"}],"replies":[{"embeddable":true,"href":"https:\/\/baldumarket.lt\/lt\/wp-json\/wp\/v2\/comments?post=42657"}],"wp:featuredmedia":[{"embeddable":true,"href":"https:\/\/baldumarket.lt\/lt\/wp-json\/wp\/v2\/media\/42658"}],"wp:attachment":[{"href":"https:\/\/baldumarket.lt\/lt\/wp-json\/wp\/v2\/media?parent=42657"}],"wp:term":[{"taxonomy":"product_brand","embeddable":true,"href":"https:\/\/baldumarket.lt\/lt\/wp-json\/wp\/v2\/product_brand?post=42657"},{"taxonomy":"product_cat","embeddable":true,"href":"https:\/\/baldumarket.lt\/lt\/wp-json\/wp\/v2\/product_cat?post=42657"},{"taxonomy":"product_tag","embeddable":true,"href":"https:\/\/baldumarket.lt\/lt\/wp-json\/wp\/v2\/product_tag?post=42657"}],"curies":[{"name":"wp","href":"https:\/\/api.w.org\/{rel}","templated":true}]}}