{"id":42624,"date":"2025-11-21T20:23:00","date_gmt":"2025-11-21T17:23:00","guid":{"rendered":"https:\/\/baldumarket.lt\/product\/nord-rtv-dab-wotan-antracyt\/"},"modified":"2026-02-04T00:51:21","modified_gmt":"2026-02-03T21:51:21","slug":"nord-rtv-dab-wotan-antracyt","status":"publish","type":"product","link":"https:\/\/baldumarket.lt\/lt\/product\/nord-rtv-dab-wotan-antracyt\/","title":{"rendered":"NORD RTV DAB WOTAN\/ANTRACIT"},"content":{"rendered":"<h5><span style=\"color: #54859b\">Apsilankykite m\u016bs\u0173 virtualioje HALMAR MEBLE prek\u0117s \u017eenklo parduotuv\u0117je<\/span><\/h5>\n<p> <a href=\"https:\/\/my.matterport.com\/show\/?m=A37Zvh6YfmB\" target=\"_blank\" rel=\"noopener\"><span style=\"color: #e47025\">https:\/\/my.matterport.com\/<\/span><\/a><\/p>","protected":false},"excerpt":{"rendered":"<p>matmenys: auk\u0161tis\/plotis\/gylis 42 cm \/ 185 cm \/ 38 cm,<br \/>\nmed\u017eiaga:<br \/>\nKorpusas: laminuota matin\u0117 med\u017eio dro\u017eli\u0173 plok\u0161t\u0117 16 mm<br \/>\nPriekin\u0117 dalis: laminuota matin\u0117 med\u017eio dro\u017eli\u0173 plok\u0161t\u0117 16 mm<br \/>\nRankena: tr\u016bksta<br \/>\nStal\u010diai: PASPAUSKITE, KAD ATIDARYTUM\u0116TE<\/p>","protected":false},"featured_media":42625,"comment_status":"open","ping_status":"open","template":"","meta":[],"product_brand":[],"product_cat":[2013,9152,1175],"product_tag":[],"class_list":{"0":"post-42624","1":"product","2":"type-product","3":"status-publish","4":"has-post-thumbnail","6":"product_cat-halmar","7":"product_cat-rtv-tables-halmar","8":"product_cat-tv-stands","10":"first","11":"instock","12":"purchasable","13":"product-type-simple"},"_links":{"self":[{"href":"https:\/\/baldumarket.lt\/lt\/wp-json\/wp\/v2\/product\/42624","targetHints":{"allow":["GET"]}}],"collection":[{"href":"https:\/\/baldumarket.lt\/lt\/wp-json\/wp\/v2\/product"}],"about":[{"href":"https:\/\/baldumarket.lt\/lt\/wp-json\/wp\/v2\/types\/product"}],"replies":[{"embeddable":true,"href":"https:\/\/baldumarket.lt\/lt\/wp-json\/wp\/v2\/comments?post=42624"}],"wp:featuredmedia":[{"embeddable":true,"href":"https:\/\/baldumarket.lt\/lt\/wp-json\/wp\/v2\/media\/42625"}],"wp:attachment":[{"href":"https:\/\/baldumarket.lt\/lt\/wp-json\/wp\/v2\/media?parent=42624"}],"wp:term":[{"taxonomy":"product_brand","embeddable":true,"href":"https:\/\/baldumarket.lt\/lt\/wp-json\/wp\/v2\/product_brand?post=42624"},{"taxonomy":"product_cat","embeddable":true,"href":"https:\/\/baldumarket.lt\/lt\/wp-json\/wp\/v2\/product_cat?post=42624"},{"taxonomy":"product_tag","embeddable":true,"href":"https:\/\/baldumarket.lt\/lt\/wp-json\/wp\/v2\/product_tag?post=42624"}],"curies":[{"name":"wp","href":"https:\/\/api.w.org\/{rel}","templated":true}]}}