{"id":42559,"date":"2025-11-21T20:22:09","date_gmt":"2025-11-21T17:22:09","guid":{"rendered":"https:\/\/baldumarket.lt\/product\/murano-km-1-chest-color-artisan-oak-black\/"},"modified":"2026-02-04T00:51:31","modified_gmt":"2026-02-03T21:51:31","slug":"murano-km-1-chest-color-artisan-oak-black","status":"publish","type":"product","link":"https:\/\/baldumarket.lt\/lt\/product\/murano-km-1-chest-color-artisan-oak-black\/","title":{"rendered":"MURANO KM-1 komoda, spalva: \u0105\u017euolas\/juoda"},"content":{"rendered":"<h5><span style=\"color: #54859b\">Apsilankykite m\u016bs\u0173 virtualioje HALMAR MEBLE prek\u0117s \u017eenklo parduotuv\u0117je<\/span><\/h5>\n<p> <a href=\"https:\/\/my.matterport.com\/show\/?m=A37Zvh6YfmB\" target=\"_blank\" rel=\"noopener\"><span style=\"color: #e47025\">https:\/\/my.matterport.com\/<\/span><\/a><\/p>","protected":false},"excerpt":{"rendered":"<p>Komoda, matmenys: 160\/40\/86 cm, med\u017eiaga: laminuota MDF \/ laminuota med\u017eio dro\u017eli\u0173 plok\u0161t\u0117 \/ milteliniu b\u016bdu da\u017eytas plienas, spalva: \u0105\u017euolas \/ juoda<\/p>","protected":false},"featured_media":42560,"comment_status":"open","ping_status":"open","template":"","meta":[],"product_brand":[],"product_cat":[1173,2013,9138],"product_tag":[],"class_list":{"0":"post-42559","1":"product","2":"type-product","3":"status-publish","4":"has-post-thumbnail","6":"product_cat-chests-of-drawers","7":"product_cat-halmar","8":"product_cat-furniture-systems-halmar","10":"first","11":"instock","12":"purchasable","13":"product-type-simple"},"_links":{"self":[{"href":"https:\/\/baldumarket.lt\/lt\/wp-json\/wp\/v2\/product\/42559","targetHints":{"allow":["GET"]}}],"collection":[{"href":"https:\/\/baldumarket.lt\/lt\/wp-json\/wp\/v2\/product"}],"about":[{"href":"https:\/\/baldumarket.lt\/lt\/wp-json\/wp\/v2\/types\/product"}],"replies":[{"embeddable":true,"href":"https:\/\/baldumarket.lt\/lt\/wp-json\/wp\/v2\/comments?post=42559"}],"wp:featuredmedia":[{"embeddable":true,"href":"https:\/\/baldumarket.lt\/lt\/wp-json\/wp\/v2\/media\/42560"}],"wp:attachment":[{"href":"https:\/\/baldumarket.lt\/lt\/wp-json\/wp\/v2\/media?parent=42559"}],"wp:term":[{"taxonomy":"product_brand","embeddable":true,"href":"https:\/\/baldumarket.lt\/lt\/wp-json\/wp\/v2\/product_brand?post=42559"},{"taxonomy":"product_cat","embeddable":true,"href":"https:\/\/baldumarket.lt\/lt\/wp-json\/wp\/v2\/product_cat?post=42559"},{"taxonomy":"product_tag","embeddable":true,"href":"https:\/\/baldumarket.lt\/lt\/wp-json\/wp\/v2\/product_tag?post=42559"}],"curies":[{"name":"wp","href":"https:\/\/api.w.org\/{rel}","templated":true}]}}