{"id":42541,"date":"2025-11-21T20:21:53","date_gmt":"2025-11-21T17:21:53","guid":{"rendered":"https:\/\/baldumarket.lt\/product\/modulo-w6-headboard-beige-monolith-09\/"},"modified":"2026-02-04T00:51:35","modified_gmt":"2026-02-03T21:51:35","slug":"modulo-w6-headboard-beige-monolith-09","status":"publish","type":"product","link":"https:\/\/baldumarket.lt\/lt\/product\/modulo-w6-headboard-beige-monolith-09\/","title":{"rendered":"MODULO W6 lovos gal\u016bgalis \u2013 sm\u0117lio spalvos Monolith 09"},"content":{"rendered":"<h5><span style=\"color: #54859b\">Apsilankykite m\u016bs\u0173 virtualioje HALMAR MEBLE prek\u0117s \u017eenklo parduotuv\u0117je<\/span><\/h5>\n<p> <a href=\"https:\/\/my.matterport.com\/show\/?m=A37Zvh6YfmB\" target=\"_blank\" rel=\"noopener\"><span style=\"color: #e47025\">https:\/\/my.matterport.com\/<\/span><\/a><\/p>","protected":false},"excerpt":{"rendered":"<p>Lovos galv\u016bgalis W-6 su patalyn\u0117s d\u0117\u017ee ir pakeltu r\u0117mu, matmenys: 175\/8\/120 cm, med\u017eiaga: audinys \u2013 aksomas, spalva: sm\u0117lio spalvos (Monolith 09). Nor\u0117dami sukomplektuoti vis\u0105 lov\u0105, u\u017esisakykite lovos korpus\u0105, galv\u016bgal\u012f ir kojeles.<\/p>","protected":false},"featured_media":42542,"comment_status":"open","ping_status":"open","template":"","meta":[],"product_brand":[],"product_cat":[2013,9150],"product_tag":[],"class_list":{"0":"post-42541","1":"product","2":"type-product","3":"status-publish","4":"has-post-thumbnail","6":"product_cat-halmar","7":"product_cat-complementary-furniture-halmar","9":"first","10":"instock","11":"purchasable","12":"product-type-simple"},"_links":{"self":[{"href":"https:\/\/baldumarket.lt\/lt\/wp-json\/wp\/v2\/product\/42541","targetHints":{"allow":["GET"]}}],"collection":[{"href":"https:\/\/baldumarket.lt\/lt\/wp-json\/wp\/v2\/product"}],"about":[{"href":"https:\/\/baldumarket.lt\/lt\/wp-json\/wp\/v2\/types\/product"}],"replies":[{"embeddable":true,"href":"https:\/\/baldumarket.lt\/lt\/wp-json\/wp\/v2\/comments?post=42541"}],"wp:featuredmedia":[{"embeddable":true,"href":"https:\/\/baldumarket.lt\/lt\/wp-json\/wp\/v2\/media\/42542"}],"wp:attachment":[{"href":"https:\/\/baldumarket.lt\/lt\/wp-json\/wp\/v2\/media?parent=42541"}],"wp:term":[{"taxonomy":"product_brand","embeddable":true,"href":"https:\/\/baldumarket.lt\/lt\/wp-json\/wp\/v2\/product_brand?post=42541"},{"taxonomy":"product_cat","embeddable":true,"href":"https:\/\/baldumarket.lt\/lt\/wp-json\/wp\/v2\/product_cat?post=42541"},{"taxonomy":"product_tag","embeddable":true,"href":"https:\/\/baldumarket.lt\/lt\/wp-json\/wp\/v2\/product_tag?post=42541"}],"curies":[{"name":"wp","href":"https:\/\/api.w.org\/{rel}","templated":true}]}}