{"id":42179,"date":"2025-11-21T20:17:15","date_gmt":"2025-11-21T17:17:15","guid":{"rendered":"https:\/\/baldumarket.lt\/product\/massive-worktop-extensions-color-light-oak\/"},"modified":"2026-02-04T00:52:21","modified_gmt":"2026-02-03T21:52:21","slug":"massive-worktop-extensions-color-light-oak","status":"publish","type":"product","link":"https:\/\/baldumarket.lt\/lt\/product\/massive-worktop-extensions-color-light-oak\/","title":{"rendered":"MAS\u016aV\u016aS stalvir\u0161io prailginimai, spalva: \u0161viesus \u0105\u017euolas"},"content":{"rendered":"<h5><span style=\"color: #54859b\">Apsilankykite m\u016bs\u0173 virtualioje HALMAR MEBLE prek\u0117s \u017eenklo parduotuv\u0117je<\/span><\/h5>\n<p> <a href=\"https:\/\/my.matterport.com\/show\/?m=A37Zvh6YfmB\" target=\"_blank\" rel=\"noopener\"><span style=\"color: #e47025\">https:\/\/my.matterport.com\/<\/span><\/a><\/p>","protected":false},"excerpt":{"rendered":"<p>MASSIVINIS stalvir\u0161io prailginimas (matmenys: 45 \u00d7 90 cm \u2013 2 vnt.), med\u017eiaga: stalvir\u0161is \u2013 faneruota lenta, kra\u0161tai \u2013 med\u017eio masyvas, spalva: stalvir\u0161is \u2013 \u0161viesus \u0105\u017euolas<br \/>\nAlyvuotas stalvir\u0161is \u2013 reikalauja specialios prie\u017ei\u016bros, i\u0161samesn\u0117 informacija pateikiama vadove.<\/p>","protected":false},"featured_media":42180,"comment_status":"open","ping_status":"open","template":"","meta":[],"product_brand":[],"product_cat":[2013,9150],"product_tag":[],"class_list":{"0":"post-42179","1":"product","2":"type-product","3":"status-publish","4":"has-post-thumbnail","6":"product_cat-halmar","7":"product_cat-complementary-furniture-halmar","9":"first","10":"instock","11":"purchasable","12":"product-type-simple"},"_links":{"self":[{"href":"https:\/\/baldumarket.lt\/lt\/wp-json\/wp\/v2\/product\/42179","targetHints":{"allow":["GET"]}}],"collection":[{"href":"https:\/\/baldumarket.lt\/lt\/wp-json\/wp\/v2\/product"}],"about":[{"href":"https:\/\/baldumarket.lt\/lt\/wp-json\/wp\/v2\/types\/product"}],"replies":[{"embeddable":true,"href":"https:\/\/baldumarket.lt\/lt\/wp-json\/wp\/v2\/comments?post=42179"}],"wp:featuredmedia":[{"embeddable":true,"href":"https:\/\/baldumarket.lt\/lt\/wp-json\/wp\/v2\/media\/42180"}],"wp:attachment":[{"href":"https:\/\/baldumarket.lt\/lt\/wp-json\/wp\/v2\/media?parent=42179"}],"wp:term":[{"taxonomy":"product_brand","embeddable":true,"href":"https:\/\/baldumarket.lt\/lt\/wp-json\/wp\/v2\/product_brand?post=42179"},{"taxonomy":"product_cat","embeddable":true,"href":"https:\/\/baldumarket.lt\/lt\/wp-json\/wp\/v2\/product_cat?post=42179"},{"taxonomy":"product_tag","embeddable":true,"href":"https:\/\/baldumarket.lt\/lt\/wp-json\/wp\/v2\/product_tag?post=42179"}],"curies":[{"name":"wp","href":"https:\/\/api.w.org\/{rel}","templated":true}]}}