{"id":42155,"date":"2025-11-21T20:16:57","date_gmt":"2025-11-21T17:16:57","guid":{"rendered":"https:\/\/baldumarket.lt\/product\/marmo-kom-150-3d-white\/"},"modified":"2026-02-04T00:52:24","modified_gmt":"2026-02-03T21:52:24","slug":"marmo-kom-150-3d-white","status":"publish","type":"product","link":"https:\/\/baldumarket.lt\/lt\/product\/marmo-kom-150-3d-white\/","title":{"rendered":"MARMO KOM 150\/3D balta"},"content":{"rendered":"<h5><span style=\"color: #54859b\">Apsilankykite m\u016bs\u0173 virtualioje HALMAR MEBLE prek\u0117s \u017eenklo parduotuv\u0117je<\/span><\/h5>\n<p> <a href=\"https:\/\/my.matterport.com\/show\/?m=A37Zvh6YfmB\" target=\"_blank\" rel=\"noopener\"><span style=\"color: #e47025\">https:\/\/my.matterport.com\/<\/span><\/a><\/p>","protected":false},"excerpt":{"rendered":"<p>matmenys: auk\u0161tis\/plotis\/gylis 80,5 cm\/150 cm\/45 cm,<br \/>\nmed\u017eiaga:<br \/>\nKorpusas: laminuota med\u017eio dro\u017eli\u0173 plok\u0161t\u0117 16 mm<br \/>\nfasadas: laminuota med\u017eio dro\u017eli\u0173 plok\u0161t\u0117 16 mm, marmuro imitacija<br \/>\nKra\u0161tai: ABS<br \/>\nKojel\u0117s: plastikin\u0117s<br \/>\nRankena: sistema PUSH-CLICK<\/p>","protected":false},"featured_media":42156,"comment_status":"open","ping_status":"open","template":"","meta":[],"product_brand":[],"product_cat":[1173,2013,9138],"product_tag":[],"class_list":{"0":"post-42155","1":"product","2":"type-product","3":"status-publish","4":"has-post-thumbnail","6":"product_cat-chests-of-drawers","7":"product_cat-halmar","8":"product_cat-furniture-systems-halmar","10":"first","11":"instock","12":"purchasable","13":"product-type-simple"},"_links":{"self":[{"href":"https:\/\/baldumarket.lt\/lt\/wp-json\/wp\/v2\/product\/42155","targetHints":{"allow":["GET"]}}],"collection":[{"href":"https:\/\/baldumarket.lt\/lt\/wp-json\/wp\/v2\/product"}],"about":[{"href":"https:\/\/baldumarket.lt\/lt\/wp-json\/wp\/v2\/types\/product"}],"replies":[{"embeddable":true,"href":"https:\/\/baldumarket.lt\/lt\/wp-json\/wp\/v2\/comments?post=42155"}],"wp:featuredmedia":[{"embeddable":true,"href":"https:\/\/baldumarket.lt\/lt\/wp-json\/wp\/v2\/media\/42156"}],"wp:attachment":[{"href":"https:\/\/baldumarket.lt\/lt\/wp-json\/wp\/v2\/media?parent=42155"}],"wp:term":[{"taxonomy":"product_brand","embeddable":true,"href":"https:\/\/baldumarket.lt\/lt\/wp-json\/wp\/v2\/product_brand?post=42155"},{"taxonomy":"product_cat","embeddable":true,"href":"https:\/\/baldumarket.lt\/lt\/wp-json\/wp\/v2\/product_cat?post=42155"},{"taxonomy":"product_tag","embeddable":true,"href":"https:\/\/baldumarket.lt\/lt\/wp-json\/wp\/v2\/product_tag?post=42155"}],"curies":[{"name":"wp","href":"https:\/\/api.w.org\/{rel}","templated":true}]}}