{"id":42145,"date":"2025-11-21T20:16:47","date_gmt":"2025-11-21T17:16:47","guid":{"rendered":"https:\/\/baldumarket.lt\/product\/margaret-3-260-wallnut\/"},"modified":"2026-02-04T00:52:26","modified_gmt":"2026-02-03T21:52:26","slug":"margaret-3-260-wallnut","status":"publish","type":"product","link":"https:\/\/baldumarket.lt\/lt\/product\/margaret-3-260-wallnut\/","title":{"rendered":"MARGARET 3 260 \u2013 RIE\u0160UT\u0172"},"content":{"rendered":"<h5><span style=\"color: #54859b\">Apsilankykite m\u016bs\u0173 virtualioje HALMAR MEBLE prek\u0117s \u017eenklo parduotuv\u0117je<\/span><\/h5>\n<p> <a href=\"https:\/\/my.matterport.com\/show\/?m=A37Zvh6YfmB\" target=\"_blank\" rel=\"noopener\"><span style=\"color: #e47025\">https:\/\/my.matterport.com\/<\/span><\/a><\/p>","protected":false},"excerpt":{"rendered":"<p>Komplekto ilgis \u2013 260 cm, stalvir\u0161io storis \u2013 28 mm, fasadai i\u0161 MDF plok\u0161t\u0117s, spalvos: fasadas: rie\u0161utmedis, korpusas: rie\u0161utmedis, stalvir\u0161is: rie\u0161utmedis<\/p>","protected":false},"featured_media":42146,"comment_status":"open","ping_status":"open","template":"","meta":[],"product_brand":[],"product_cat":[2013,9146,1932],"product_tag":[],"class_list":{"0":"post-42145","1":"product","2":"type-product","3":"status-publish","4":"has-post-thumbnail","6":"product_cat-halmar","7":"product_cat-kitchens-halmar","8":"product_cat-kitchen-sets","10":"first","11":"instock","12":"purchasable","13":"product-type-simple"},"_links":{"self":[{"href":"https:\/\/baldumarket.lt\/lt\/wp-json\/wp\/v2\/product\/42145","targetHints":{"allow":["GET"]}}],"collection":[{"href":"https:\/\/baldumarket.lt\/lt\/wp-json\/wp\/v2\/product"}],"about":[{"href":"https:\/\/baldumarket.lt\/lt\/wp-json\/wp\/v2\/types\/product"}],"replies":[{"embeddable":true,"href":"https:\/\/baldumarket.lt\/lt\/wp-json\/wp\/v2\/comments?post=42145"}],"wp:featuredmedia":[{"embeddable":true,"href":"https:\/\/baldumarket.lt\/lt\/wp-json\/wp\/v2\/media\/42146"}],"wp:attachment":[{"href":"https:\/\/baldumarket.lt\/lt\/wp-json\/wp\/v2\/media?parent=42145"}],"wp:term":[{"taxonomy":"product_brand","embeddable":true,"href":"https:\/\/baldumarket.lt\/lt\/wp-json\/wp\/v2\/product_brand?post=42145"},{"taxonomy":"product_cat","embeddable":true,"href":"https:\/\/baldumarket.lt\/lt\/wp-json\/wp\/v2\/product_cat?post=42145"},{"taxonomy":"product_tag","embeddable":true,"href":"https:\/\/baldumarket.lt\/lt\/wp-json\/wp\/v2\/product_tag?post=42145"}],"curies":[{"name":"wp","href":"https:\/\/api.w.org\/{rel}","templated":true}]}}