{"id":41907,"date":"2025-11-21T20:12:57","date_gmt":"2025-11-21T17:12:57","guid":{"rendered":"https:\/\/baldumarket.lt\/product\/leisure-furniture\/"},"modified":"2026-02-04T00:53:08","modified_gmt":"2026-02-03T21:53:08","slug":"leisure-furniture","status":"publish","type":"product","link":"https:\/\/baldumarket.lt\/lt\/product\/leisure-furniture\/","title":{"rendered":"LAISVALAIKIO BALDAI"},"content":{"rendered":"<h5><span style=\"color: #54859b\">Apsilankykite m\u016bs\u0173 virtualioje HALMAR MEBLE prek\u0117s \u017eenklo parduotuv\u0117je<\/span><\/h5>\n<p> <a href=\"https:\/\/my.matterport.com\/show\/?m=A37Zvh6YfmB\" target=\"_blank\" rel=\"noopener\"><span style=\"color: #e47025\">https:\/\/my.matterport.com\/<\/span><\/a><\/p>","protected":false},"excerpt":{"rendered":"<p>matmenys: auk\u0161tis\/plotis\/gylis 30 cm \/ 200 cm \/ 40 cm,<br \/>\nVir\u0161us, \u0161onai ir priekis: 16 mm MDF plok\u0161t\u0117<br \/>\ndugnas: 16 mm med\u017eio dro\u017eli\u0173 plok\u0161t\u0117<br \/>\natidarymas: sistema PUSH-CLICK<br \/>\nPriekin\u0117s, \u0161onin\u0117s ir vir\u0161utin\u0117s dalys pagamintos i\u0161 blizgaus pavir\u0161iaus. Televizoriaus staliukas su mink\u0161tomis, atlenkiamomis durel\u0117mis.<br \/>\nPakabinamas televizoriaus stovas.<\/p>","protected":false},"featured_media":41332,"comment_status":"open","ping_status":"open","template":"","meta":[],"product_brand":[],"product_cat":[2013,9152,1175],"product_tag":[],"class_list":{"0":"post-41907","1":"product","2":"type-product","3":"status-publish","4":"has-post-thumbnail","6":"product_cat-halmar","7":"product_cat-rtv-tables-halmar","8":"product_cat-tv-stands","10":"first","11":"instock","12":"purchasable","13":"product-type-simple"},"_links":{"self":[{"href":"https:\/\/baldumarket.lt\/lt\/wp-json\/wp\/v2\/product\/41907","targetHints":{"allow":["GET"]}}],"collection":[{"href":"https:\/\/baldumarket.lt\/lt\/wp-json\/wp\/v2\/product"}],"about":[{"href":"https:\/\/baldumarket.lt\/lt\/wp-json\/wp\/v2\/types\/product"}],"replies":[{"embeddable":true,"href":"https:\/\/baldumarket.lt\/lt\/wp-json\/wp\/v2\/comments?post=41907"}],"wp:featuredmedia":[{"embeddable":true,"href":"https:\/\/baldumarket.lt\/lt\/wp-json\/wp\/v2\/media\/41332"}],"wp:attachment":[{"href":"https:\/\/baldumarket.lt\/lt\/wp-json\/wp\/v2\/media?parent=41907"}],"wp:term":[{"taxonomy":"product_brand","embeddable":true,"href":"https:\/\/baldumarket.lt\/lt\/wp-json\/wp\/v2\/product_brand?post=41907"},{"taxonomy":"product_cat","embeddable":true,"href":"https:\/\/baldumarket.lt\/lt\/wp-json\/wp\/v2\/product_cat?post=41907"},{"taxonomy":"product_tag","embeddable":true,"href":"https:\/\/baldumarket.lt\/lt\/wp-json\/wp\/v2\/product_tag?post=41907"}],"curies":[{"name":"wp","href":"https:\/\/api.w.org\/{rel}","templated":true}]}}