{"id":41724,"date":"2025-11-21T20:10:32","date_gmt":"2025-11-21T17:10:32","guid":{"rendered":"https:\/\/baldumarket.lt\/product\/harmony-bench-with-storage-function-black-white-gold\/"},"modified":"2026-02-04T00:53:26","modified_gmt":"2026-02-03T21:53:26","slug":"harmony-bench-with-storage-function-black-white-gold","status":"publish","type":"product","link":"https:\/\/baldumarket.lt\/lt\/product\/harmony-bench-with-storage-function-black-white-gold\/","title":{"rendered":"HARMONY suolas su daiktad\u0117\u017ee, juoda \/ balta \/ auksin\u0117"},"content":{"rendered":"<h5><span style=\"color: #54859b\">Apsilankykite m\u016bs\u0173 virtualioje HALMAR MEBLE prek\u0117s \u017eenklo parduotuv\u0117je<\/span><\/h5>\n<p> <a href=\"https:\/\/my.matterport.com\/show\/?m=A37Zvh6YfmB\" target=\"_blank\" rel=\"noopener\"><span style=\"color: #e47025\">https:\/\/my.matterport.com\/<\/span><\/a><\/p>","protected":false},"excerpt":{"rendered":"<p>matmenys: suolas su laikymo funkcija, 105\/40\/42 cm, med\u017eiaga: tkanina \/ stal malowana proszkowo, spalva: czarny \u2013 bia\u0142y \u2013 z\u0142oty<\/p>","protected":false},"featured_media":41725,"comment_status":"open","ping_status":"open","template":"","meta":[],"product_brand":[],"product_cat":[1928,2013],"product_tag":[],"class_list":{"0":"post-41724","1":"product","2":"type-product","3":"status-publish","4":"has-post-thumbnail","6":"product_cat-benches","7":"product_cat-halmar","9":"first","10":"instock","11":"purchasable","12":"product-type-simple"},"_links":{"self":[{"href":"https:\/\/baldumarket.lt\/lt\/wp-json\/wp\/v2\/product\/41724","targetHints":{"allow":["GET"]}}],"collection":[{"href":"https:\/\/baldumarket.lt\/lt\/wp-json\/wp\/v2\/product"}],"about":[{"href":"https:\/\/baldumarket.lt\/lt\/wp-json\/wp\/v2\/types\/product"}],"replies":[{"embeddable":true,"href":"https:\/\/baldumarket.lt\/lt\/wp-json\/wp\/v2\/comments?post=41724"}],"wp:featuredmedia":[{"embeddable":true,"href":"https:\/\/baldumarket.lt\/lt\/wp-json\/wp\/v2\/media\/41725"}],"wp:attachment":[{"href":"https:\/\/baldumarket.lt\/lt\/wp-json\/wp\/v2\/media?parent=41724"}],"wp:term":[{"taxonomy":"product_brand","embeddable":true,"href":"https:\/\/baldumarket.lt\/lt\/wp-json\/wp\/v2\/product_brand?post=41724"},{"taxonomy":"product_cat","embeddable":true,"href":"https:\/\/baldumarket.lt\/lt\/wp-json\/wp\/v2\/product_cat?post=41724"},{"taxonomy":"product_tag","embeddable":true,"href":"https:\/\/baldumarket.lt\/lt\/wp-json\/wp\/v2\/product_tag?post=41724"}],"curies":[{"name":"wp","href":"https:\/\/api.w.org\/{rel}","templated":true}]}}