{"id":41666,"date":"2025-11-21T20:09:46","date_gmt":"2025-11-21T17:09:46","guid":{"rendered":"https:\/\/baldumarket.lt\/product\/elizabeth-240-kitchen-set-color-front-white-matt-body-white-worktop-sonoma-oak\/"},"modified":"2026-02-04T00:53:32","modified_gmt":"2026-02-03T21:53:32","slug":"elizabeth-240-kitchen-set-color-front-white-matt-body-white-worktop-sonoma-oak","status":"publish","type":"product","link":"https:\/\/baldumarket.lt\/lt\/product\/elizabeth-240-kitchen-set-color-front-white-matt-body-white-worktop-sonoma-oak\/","title":{"rendered":"ELIZABETH 240 virtuv\u0117s komplektas, spalva: priekin\u0117 dalis \u2013 balta matin\u0117, korpusas \u2013 baltas, stalvir\u0161is \u2013 sonoma \u0105\u017euolas"},"content":{"rendered":"<h5><span style=\"color: #54859b\">Apsilankykite m\u016bs\u0173 virtualioje HALMAR MEBLE prek\u0117s \u017eenklo parduotuv\u0117je<\/span><\/h5>\n<p> <a href=\"https:\/\/my.matterport.com\/show\/?m=A37Zvh6YfmB\" target=\"_blank\" rel=\"noopener\"><span style=\"color: #e47025\">https:\/\/my.matterport.com\/<\/span><\/a><\/p>","protected":false},"excerpt":{"rendered":"<p>Komplekto ilgis: 240 cm, dujiniai keltuvai, stalvir\u0161io storis 28 mm, MDF fasadai, spalva: priekin\u0117 dalis \u2013 balta matin\u0117, korpusas \u2013 baltas, stalvir\u0161is \u2013 sonoma \u0105\u017euolas<\/p>","protected":false},"featured_media":41667,"comment_status":"open","ping_status":"open","template":"","meta":[],"product_brand":[],"product_cat":[2013,9146,1932],"product_tag":[],"class_list":{"0":"post-41666","1":"product","2":"type-product","3":"status-publish","4":"has-post-thumbnail","6":"product_cat-halmar","7":"product_cat-kitchens-halmar","8":"product_cat-kitchen-sets","10":"first","11":"instock","12":"purchasable","13":"product-type-simple"},"_links":{"self":[{"href":"https:\/\/baldumarket.lt\/lt\/wp-json\/wp\/v2\/product\/41666","targetHints":{"allow":["GET"]}}],"collection":[{"href":"https:\/\/baldumarket.lt\/lt\/wp-json\/wp\/v2\/product"}],"about":[{"href":"https:\/\/baldumarket.lt\/lt\/wp-json\/wp\/v2\/types\/product"}],"replies":[{"embeddable":true,"href":"https:\/\/baldumarket.lt\/lt\/wp-json\/wp\/v2\/comments?post=41666"}],"wp:featuredmedia":[{"embeddable":true,"href":"https:\/\/baldumarket.lt\/lt\/wp-json\/wp\/v2\/media\/41667"}],"wp:attachment":[{"href":"https:\/\/baldumarket.lt\/lt\/wp-json\/wp\/v2\/media?parent=41666"}],"wp:term":[{"taxonomy":"product_brand","embeddable":true,"href":"https:\/\/baldumarket.lt\/lt\/wp-json\/wp\/v2\/product_brand?post=41666"},{"taxonomy":"product_cat","embeddable":true,"href":"https:\/\/baldumarket.lt\/lt\/wp-json\/wp\/v2\/product_cat?post=41666"},{"taxonomy":"product_tag","embeddable":true,"href":"https:\/\/baldumarket.lt\/lt\/wp-json\/wp\/v2\/product_tag?post=41666"}],"curies":[{"name":"wp","href":"https:\/\/api.w.org\/{rel}","templated":true}]}}