{"id":41632,"date":"2025-11-21T20:09:22","date_gmt":"2025-11-21T17:09:22","guid":{"rendered":"https:\/\/baldumarket.lt\/product\/dicky-set-table-4-chairs-color-natural-black-grey\/"},"modified":"2026-02-04T00:53:35","modified_gmt":"2026-02-03T21:53:35","slug":"dicky-set-table-4-chairs-color-natural-black-grey","status":"publish","type":"product","link":"https:\/\/baldumarket.lt\/lt\/product\/dicky-set-table-4-chairs-color-natural-black-grey\/","title":{"rendered":"DICKY komplektas, stalas + 4 k\u0117d\u0117s, spalva: nat\u016brali \/ juoda \/ pilka"},"content":{"rendered":"<h5><span style=\"color: #54859b\">Apsilankykite m\u016bs\u0173 virtualioje HALMAR MEBLE prek\u0117s \u017eenklo parduotuv\u0117je<\/span><\/h5>\n<p> <a href=\"https:\/\/my.matterport.com\/show\/?m=A37Zvh6YfmB\" target=\"_blank\" rel=\"noopener\"><span style=\"color: #e47025\">https:\/\/my.matterport.com\/<\/span><\/a><\/p>","protected":false},"excerpt":{"rendered":"<p>DICKY stalas + 4 k\u0117d\u0117s, matmenys: stalas \u2013 120\/80\/75 cm, k\u0117d\u0117 \u2013 42\/43\/76\/45 cm, med\u017eiaga: laminuota med\u017eio dro\u017eli\u0173 plok\u0161t\u0117 \/ milteliniu b\u016bdu da\u017eytas plienas \/ audinys, spalva: nat\u016brali \/ juoda \/ pilka<\/p>","protected":false},"featured_media":41633,"comment_status":"open","ping_status":"open","template":"","meta":[],"product_brand":[],"product_cat":[2013,9121],"product_tag":[],"class_list":{"0":"post-41632","1":"product","2":"type-product","3":"status-publish","4":"has-post-thumbnail","6":"product_cat-halmar","7":"product_cat-table-sets","9":"first","10":"instock","11":"purchasable","12":"product-type-simple"},"_links":{"self":[{"href":"https:\/\/baldumarket.lt\/lt\/wp-json\/wp\/v2\/product\/41632","targetHints":{"allow":["GET"]}}],"collection":[{"href":"https:\/\/baldumarket.lt\/lt\/wp-json\/wp\/v2\/product"}],"about":[{"href":"https:\/\/baldumarket.lt\/lt\/wp-json\/wp\/v2\/types\/product"}],"replies":[{"embeddable":true,"href":"https:\/\/baldumarket.lt\/lt\/wp-json\/wp\/v2\/comments?post=41632"}],"wp:featuredmedia":[{"embeddable":true,"href":"https:\/\/baldumarket.lt\/lt\/wp-json\/wp\/v2\/media\/41633"}],"wp:attachment":[{"href":"https:\/\/baldumarket.lt\/lt\/wp-json\/wp\/v2\/media?parent=41632"}],"wp:term":[{"taxonomy":"product_brand","embeddable":true,"href":"https:\/\/baldumarket.lt\/lt\/wp-json\/wp\/v2\/product_brand?post=41632"},{"taxonomy":"product_cat","embeddable":true,"href":"https:\/\/baldumarket.lt\/lt\/wp-json\/wp\/v2\/product_cat?post=41632"},{"taxonomy":"product_tag","embeddable":true,"href":"https:\/\/baldumarket.lt\/lt\/wp-json\/wp\/v2\/product_tag?post=41632"}],"curies":[{"name":"wp","href":"https:\/\/api.w.org\/{rel}","templated":true}]}}