{"id":41524,"date":"2025-11-21T20:08:03","date_gmt":"2025-11-21T17:08:03","guid":{"rendered":"https:\/\/baldumarket.lt\/product\/cancun-set-of-two-color-cream-natural\/"},"modified":"2026-02-04T00:53:49","modified_gmt":"2026-02-03T21:53:49","slug":"cancun-set-of-two-color-cream-natural","status":"publish","type":"product","link":"https:\/\/baldumarket.lt\/lt\/product\/cancun-set-of-two-color-cream-natural\/","title":{"rendered":"CANCUN dviej\u0173 spalv\u0173 rinkinys: kremin\u0117 nat\u016brali"},"content":{"rendered":"<h5><span style=\"color: #54859b\">Apsilankykite m\u016bs\u0173 virtualioje HALMAR MEBLE prek\u0117s \u017eenklo parduotuv\u0117je<\/span><\/h5>\n<p> <a href=\"https:\/\/my.matterport.com\/show\/?m=A37Zvh6YfmB\" target=\"_blank\" rel=\"noopener\"><span style=\"color: #e47025\">https:\/\/my.matterport.com\/<\/span><\/a><\/p>","protected":false},"excerpt":{"rendered":"<p>Matmenys: 38\/43 ir 31\/36 cm, 2 vnt. komplektas su daiktad\u0117\u017ee, med\u017eiaga: audinys \u2013 bukl\u0117 \/ lenkta fanera + nat\u016bralus luk\u0161tas, spalva: kremin\u0117 \/ nat\u016brali<\/p>","protected":false},"featured_media":41525,"comment_status":"open","ping_status":"open","template":"","meta":[],"product_brand":[],"product_cat":[2013,826],"product_tag":[],"class_list":{"0":"post-41524","1":"product","2":"type-product","3":"status-publish","4":"has-post-thumbnail","6":"product_cat-halmar","7":"product_cat-poufs","9":"first","10":"instock","11":"purchasable","12":"product-type-simple"},"_links":{"self":[{"href":"https:\/\/baldumarket.lt\/lt\/wp-json\/wp\/v2\/product\/41524","targetHints":{"allow":["GET"]}}],"collection":[{"href":"https:\/\/baldumarket.lt\/lt\/wp-json\/wp\/v2\/product"}],"about":[{"href":"https:\/\/baldumarket.lt\/lt\/wp-json\/wp\/v2\/types\/product"}],"replies":[{"embeddable":true,"href":"https:\/\/baldumarket.lt\/lt\/wp-json\/wp\/v2\/comments?post=41524"}],"wp:featuredmedia":[{"embeddable":true,"href":"https:\/\/baldumarket.lt\/lt\/wp-json\/wp\/v2\/media\/41525"}],"wp:attachment":[{"href":"https:\/\/baldumarket.lt\/lt\/wp-json\/wp\/v2\/media?parent=41524"}],"wp:term":[{"taxonomy":"product_brand","embeddable":true,"href":"https:\/\/baldumarket.lt\/lt\/wp-json\/wp\/v2\/product_brand?post=41524"},{"taxonomy":"product_cat","embeddable":true,"href":"https:\/\/baldumarket.lt\/lt\/wp-json\/wp\/v2\/product_cat?post=41524"},{"taxonomy":"product_tag","embeddable":true,"href":"https:\/\/baldumarket.lt\/lt\/wp-json\/wp\/v2\/product_tag?post=41524"}],"curies":[{"name":"wp","href":"https:\/\/api.w.org\/{rel}","templated":true}]}}