{"id":41504,"date":"2025-11-21T20:07:47","date_gmt":"2025-11-21T17:07:47","guid":{"rendered":"https:\/\/baldumarket.lt\/product\/bullet-w-1-display-cabiner-black-gold\/"},"modified":"2026-02-04T00:53:52","modified_gmt":"2026-02-03T21:53:52","slug":"bullet-w-1-display-cabiner-black-gold","status":"publish","type":"product","link":"https:\/\/baldumarket.lt\/lt\/product\/bullet-w-1-display-cabiner-black-gold\/","title":{"rendered":"BULLET W-1 vitrina, juoda \/ auksin\u0117"},"content":{"rendered":"<h5><span style=\"color: #54859b\">Apsilankykite m\u016bs\u0173 virtualioje HALMAR MEBLE prek\u0117s \u017eenklo parduotuv\u0117je<\/span><\/h5>\n<p> <a href=\"https:\/\/my.matterport.com\/show\/?m=A37Zvh6YfmB\" target=\"_blank\" rel=\"noopener\"><span style=\"color: #e47025\">https:\/\/my.matterport.com\/<\/span><\/a><\/p>","protected":false},"excerpt":{"rendered":"<p>Vitrina, matmenys: 55\/41\/185 cm, med\u017eiaga: laminuota med\u017eio dro\u017eli\u0173 plok\u0161t\u0117 \/ laminuotas MDF \/ kojos \u2013 metalas, spalva: korpusas \u2013 juodas, kojos \u2013 auksin\u0117s<\/p>","protected":false},"featured_media":41505,"comment_status":"open","ping_status":"open","template":"","meta":[],"product_brand":[],"product_cat":[2013,2006],"product_tag":[],"class_list":{"0":"post-41504","1":"product","2":"type-product","3":"status-publish","4":"has-post-thumbnail","6":"product_cat-halmar","7":"product_cat-vitrines","9":"first","10":"instock","11":"purchasable","12":"product-type-simple"},"_links":{"self":[{"href":"https:\/\/baldumarket.lt\/lt\/wp-json\/wp\/v2\/product\/41504","targetHints":{"allow":["GET"]}}],"collection":[{"href":"https:\/\/baldumarket.lt\/lt\/wp-json\/wp\/v2\/product"}],"about":[{"href":"https:\/\/baldumarket.lt\/lt\/wp-json\/wp\/v2\/types\/product"}],"replies":[{"embeddable":true,"href":"https:\/\/baldumarket.lt\/lt\/wp-json\/wp\/v2\/comments?post=41504"}],"wp:featuredmedia":[{"embeddable":true,"href":"https:\/\/baldumarket.lt\/lt\/wp-json\/wp\/v2\/media\/41505"}],"wp:attachment":[{"href":"https:\/\/baldumarket.lt\/lt\/wp-json\/wp\/v2\/media?parent=41504"}],"wp:term":[{"taxonomy":"product_brand","embeddable":true,"href":"https:\/\/baldumarket.lt\/lt\/wp-json\/wp\/v2\/product_brand?post=41504"},{"taxonomy":"product_cat","embeddable":true,"href":"https:\/\/baldumarket.lt\/lt\/wp-json\/wp\/v2\/product_cat?post=41504"},{"taxonomy":"product_tag","embeddable":true,"href":"https:\/\/baldumarket.lt\/lt\/wp-json\/wp\/v2\/product_tag?post=41504"}],"curies":[{"name":"wp","href":"https:\/\/api.w.org\/{rel}","templated":true}]}}