{"id":41497,"date":"2025-11-21T20:07:27","date_gmt":"2025-11-21T17:07:27","guid":{"rendered":"https:\/\/baldumarket.lt\/product\/bolivar-set\/"},"modified":"2026-02-04T00:53:58","modified_gmt":"2026-02-03T21:53:58","slug":"bolivar-set","status":"publish","type":"product","link":"https:\/\/baldumarket.lt\/lt\/product\/bolivar-set\/","title":{"rendered":"BOLIVAR rinkinys"},"content":{"rendered":"<h5><span style=\"color: #54859b\">Apsilankykite m\u016bs\u0173 virtualioje HALMAR MEBLE prek\u0117s \u017eenklo parduotuv\u0117je<\/span><\/h5>\n<p> <a href=\"https:\/\/my.matterport.com\/show\/?m=A37Zvh6YfmB\" target=\"_blank\" rel=\"noopener\"><span style=\"color: #e47025\">https:\/\/my.matterport.com\/<\/span><\/a><\/p>","protected":false},"excerpt":{"rendered":"<p>Matmenys: 140\/80\/75 cm, stalas + 6 k\u0117d\u0117s, med\u017eiaga: laminuota MDF \/ milteliniu b\u016bdu da\u017eytas plienas, spalva: auksinis \u0105\u017euolas \/ juoda<\/p>","protected":false},"featured_media":41404,"comment_status":"open","ping_status":"open","template":"","meta":[],"product_brand":[],"product_cat":[2013,9121],"product_tag":[],"class_list":{"0":"post-41497","1":"product","2":"type-product","3":"status-publish","4":"has-post-thumbnail","6":"product_cat-halmar","7":"product_cat-table-sets","9":"first","10":"instock","11":"purchasable","12":"product-type-simple"},"_links":{"self":[{"href":"https:\/\/baldumarket.lt\/lt\/wp-json\/wp\/v2\/product\/41497","targetHints":{"allow":["GET"]}}],"collection":[{"href":"https:\/\/baldumarket.lt\/lt\/wp-json\/wp\/v2\/product"}],"about":[{"href":"https:\/\/baldumarket.lt\/lt\/wp-json\/wp\/v2\/types\/product"}],"replies":[{"embeddable":true,"href":"https:\/\/baldumarket.lt\/lt\/wp-json\/wp\/v2\/comments?post=41497"}],"wp:featuredmedia":[{"embeddable":true,"href":"https:\/\/baldumarket.lt\/lt\/wp-json\/wp\/v2\/media\/41404"}],"wp:attachment":[{"href":"https:\/\/baldumarket.lt\/lt\/wp-json\/wp\/v2\/media?parent=41497"}],"wp:term":[{"taxonomy":"product_brand","embeddable":true,"href":"https:\/\/baldumarket.lt\/lt\/wp-json\/wp\/v2\/product_brand?post=41497"},{"taxonomy":"product_cat","embeddable":true,"href":"https:\/\/baldumarket.lt\/lt\/wp-json\/wp\/v2\/product_cat?post=41497"},{"taxonomy":"product_tag","embeddable":true,"href":"https:\/\/baldumarket.lt\/lt\/wp-json\/wp\/v2\/product_tag?post=41497"}],"curies":[{"name":"wp","href":"https:\/\/api.w.org\/{rel}","templated":true}]}}