{"id":41481,"date":"2025-11-21T20:06:52","date_gmt":"2025-11-21T17:06:52","guid":{"rendered":"https:\/\/baldumarket.lt\/product\/alina-240-artisan-oak-black-matt\/"},"modified":"2026-02-04T00:54:11","modified_gmt":"2026-02-03T21:54:11","slug":"alina-240-artisan-oak-black-matt","status":"publish","type":"product","link":"https:\/\/baldumarket.lt\/lt\/product\/alina-240-artisan-oak-black-matt\/","title":{"rendered":"ALINA 240 \u2013 ARTISAN \u0104\u017dUOLAS \/ JUODA MATIN\u0116"},"content":{"rendered":"<h5><span style=\"color: #54859b\">Apsilankykite m\u016bs\u0173 virtualioje HALMAR MEBLE prek\u0117s \u017eenklo parduotuv\u0117je<\/span><\/h5>\n<p> <a href=\"https:\/\/my.matterport.com\/show\/?m=A37Zvh6YfmB\" target=\"_blank\" rel=\"noopener\"><span style=\"color: #e47025\">https:\/\/my.matterport.com\/<\/span><\/a><\/p>","protected":false},"excerpt":{"rendered":"<p>Komplekto ilgis: 240 cm, dujiniai keltuvai, stal\u010diai su \u201eMetabox\u201c b\u0117geliais, stalvir\u0161io storis 28 mm, spalva: fornts \u2013 artisan \u0105\u017euolas \/ juoda matin\u0117, korpusas \u2013 artisan \u0105\u017euolas, stalvir\u0161is \u2013 tamsiai pilka<\/p>","protected":false},"featured_media":41344,"comment_status":"open","ping_status":"open","template":"","meta":[],"product_brand":[],"product_cat":[2013,9146,1932],"product_tag":[],"class_list":{"0":"post-41481","1":"product","2":"type-product","3":"status-publish","4":"has-post-thumbnail","6":"product_cat-halmar","7":"product_cat-kitchens-halmar","8":"product_cat-kitchen-sets","10":"first","11":"instock","12":"purchasable","13":"product-type-simple"},"_links":{"self":[{"href":"https:\/\/baldumarket.lt\/lt\/wp-json\/wp\/v2\/product\/41481","targetHints":{"allow":["GET"]}}],"collection":[{"href":"https:\/\/baldumarket.lt\/lt\/wp-json\/wp\/v2\/product"}],"about":[{"href":"https:\/\/baldumarket.lt\/lt\/wp-json\/wp\/v2\/types\/product"}],"replies":[{"embeddable":true,"href":"https:\/\/baldumarket.lt\/lt\/wp-json\/wp\/v2\/comments?post=41481"}],"wp:featuredmedia":[{"embeddable":true,"href":"https:\/\/baldumarket.lt\/lt\/wp-json\/wp\/v2\/media\/41344"}],"wp:attachment":[{"href":"https:\/\/baldumarket.lt\/lt\/wp-json\/wp\/v2\/media?parent=41481"}],"wp:term":[{"taxonomy":"product_brand","embeddable":true,"href":"https:\/\/baldumarket.lt\/lt\/wp-json\/wp\/v2\/product_brand?post=41481"},{"taxonomy":"product_cat","embeddable":true,"href":"https:\/\/baldumarket.lt\/lt\/wp-json\/wp\/v2\/product_cat?post=41481"},{"taxonomy":"product_tag","embeddable":true,"href":"https:\/\/baldumarket.lt\/lt\/wp-json\/wp\/v2\/product_tag?post=41481"}],"curies":[{"name":"wp","href":"https:\/\/api.w.org\/{rel}","templated":true}]}}