{"id":41272,"date":"2025-11-19T20:22:18","date_gmt":"2025-11-19T17:22:18","guid":{"rendered":"https:\/\/baldumarket.lt\/?post_type=product&#038;p=41272"},"modified":"2026-03-24T13:38:38","modified_gmt":"2026-03-24T10:38:38","slug":"weltton-grupa-special","status":"publish","type":"product","link":"https:\/\/baldumarket.lt\/lt\/product\/weltton-grupa-special\/","title":{"rendered":"Weltton SPECIAL grup\u0117"},"content":{"rendered":"<p>\u201eWeltton\u201c sofa \u2013 eleganti\u0161kas ir funkcionalus baldas, puikiai papildantis modern\u0173 interjer\u0105. Minimalistinis dizainas su juodomis plastikin\u0117mis kojel\u0117mis suteikia interjerui modernumo. Sofa turi miegojimo funkcij\u0105, tod\u0117l puikiai tinka tiek kasdieniam naudojimui, tiek sve\u010diams. S\u0117dyn\u0117, pagaminta i\u0161 auk\u0161tos kokyb\u0117s HR (labai elasting\u0173) put\u0173, u\u017etikrina puik\u0173 komfort\u0105 ir ilgaam\u017ei\u0161kum\u0105. Papildomas privalumas \u2013 patalyn\u0117s skyrius, kuriame patogiai galima laikyti pagalves, antklodes ir kitus aksesuarus. Sofos atlo\u0161e \u012frengtos pagalv\u0117l\u0117s, u\u017epildytos put\u0173 granul\u0117mis, kurios puikiai prisitaiko prie nugaros ir u\u017etikrina patog\u0173 poils\u012f. Gaminys n\u0117ra si\u016blomas su \u201eBasic\u201c ar \u201eStandard Nubuck\u201c audiniais, o tai rei\u0161kia, kad vartotojai gali rinktis i\u0161 kit\u0173, auk\u0161tesn\u0117s kokyb\u0117s audini\u0173. \u201eWeltton\u201c sofa \u2013 puikus pasirinkimas tiems, kurie vertina komfort\u0105, funkcionalum\u0105 ir modern\u0173 dizain\u0105.<\/p>","protected":false},"excerpt":{"rendered":"<p>\u201eWeltton\u201c sofa \u2013 eleganti\u0161kas ir funkcionalus baldas, puikiai papildantis modern\u0173 interjer\u0105. Minimalistinis dizainas su juodomis plastikin\u0117mis kojel\u0117mis suteikia interjerui modernumo. Sofa turi miegojimo funkcij\u0105, tod\u0117l puikiai tinka tiek kasdieniam naudojimui, tiek sve\u010diams. S\u0117dyn\u0117, pagaminta i\u0161 auk\u0161tos kokyb\u0117s HR (labai elastingo) audinio [\u2026]<\/p>","protected":false},"featured_media":32893,"comment_status":"open","ping_status":"closed","template":"","meta":[],"product_brand":[],"product_cat":[9133],"product_tag":[],"class_list":{"0":"post-41272","1":"product","2":"type-product","3":"status-publish","4":"has-post-thumbnail","6":"product_cat-grouped","8":"first","9":"instock","10":"shipping-taxable","11":"purchasable","12":"product-type-variable","13":"wvs-archive-product-wrapper"},"_links":{"self":[{"href":"https:\/\/baldumarket.lt\/lt\/wp-json\/wp\/v2\/product\/41272","targetHints":{"allow":["GET"]}}],"collection":[{"href":"https:\/\/baldumarket.lt\/lt\/wp-json\/wp\/v2\/product"}],"about":[{"href":"https:\/\/baldumarket.lt\/lt\/wp-json\/wp\/v2\/types\/product"}],"replies":[{"embeddable":true,"href":"https:\/\/baldumarket.lt\/lt\/wp-json\/wp\/v2\/comments?post=41272"}],"wp:featuredmedia":[{"embeddable":true,"href":"https:\/\/baldumarket.lt\/lt\/wp-json\/wp\/v2\/media\/32893"}],"wp:attachment":[{"href":"https:\/\/baldumarket.lt\/lt\/wp-json\/wp\/v2\/media?parent=41272"}],"wp:term":[{"taxonomy":"product_brand","embeddable":true,"href":"https:\/\/baldumarket.lt\/lt\/wp-json\/wp\/v2\/product_brand?post=41272"},{"taxonomy":"product_cat","embeddable":true,"href":"https:\/\/baldumarket.lt\/lt\/wp-json\/wp\/v2\/product_cat?post=41272"},{"taxonomy":"product_tag","embeddable":true,"href":"https:\/\/baldumarket.lt\/lt\/wp-json\/wp\/v2\/product_tag?post=41272"}],"curies":[{"name":"wp","href":"https:\/\/api.w.org\/{rel}","templated":true}]}}