{"id":41234,"date":"2025-11-19T20:21:50","date_gmt":"2025-11-19T17:21:50","guid":{"rendered":"https:\/\/baldumarket.lt\/?post_type=product&#038;p=41234"},"modified":"2026-03-24T13:45:23","modified_gmt":"2026-03-24T10:45:23","slug":"vivre-140x200-grupa-standard","status":"publish","type":"product","link":"https:\/\/baldumarket.lt\/lt\/product\/vivre-140x200-grupa-standard\/","title":{"rendered":"Vivre 140\u00d7200 STANDARD Group"},"content":{"rendered":"<p>\u201eVivre\u201c \u2013 tai paprasta, erdvi ir eleganti\u0161ka, ta\u010diau labai patogi spyruoklin\u0117 lova, kuri puikiai papildys bet kok\u012f modern\u0173 miegamojo dizain\u0105. Galima rinktis i\u0161 trij\u0173 dyd\u017ei\u0173: 140\/160\/180 x 200 cm. Ji turi tvirt\u0105 \u201eBonnell\u201c spyruoklin\u012f \u010diu\u017ein\u012f ir T25 put\u0173 poliuretan\u0105. Taip pat verta apsvarstyti du erdvius patalyn\u0117s skyrius. Kiti i\u0161skirtiniai \u201eVivre\u201c lovos bruo\u017eai: madingas, dygsniuotas galv\u016bgalis, auk\u0161ta, 53 centimetr\u0173 s\u0117dyn\u0117 ir ma\u017eos kojel\u0117s. Jei ie\u0161kote patogios ir stilingos lovos, i\u0161 kurios d\u0117l maksimalaus komforto ir funkcionalumo gal\u0117tum\u0117te i\u0161lipti tik de\u0161ine koja, kvie\u010diame ap\u017ei\u016br\u0117ti m\u016bs\u0173 \u201eVivre\u201c spyruoklin\u0119 lov\u0105. Juk sveikas miegas yra svarbiausia.<\/p>","protected":false},"excerpt":{"rendered":"<p>\u201eVivre\u201c \u2013 tai paprasta, erdvi, ta\u010diau eleganti\u0161ka ir labai patogi spyruoklin\u0117 lova, kuri puikiai papildys bet kok\u012f modern\u0173 miegamojo dizain\u0105. Galima rinktis i\u0161 trij\u0173 dyd\u017ei\u0173: 140\/160\/180 x 200 cm, lova turi tvirt\u0105 \u201eBonnell\u201c spyruoklin\u012f \u010diu\u017ein\u012f ir T25 put\u0173 poliuretan\u0105. Taip pat verta apsvarstyti du erdvius patalyn\u0117s skyrius. Papildomos i\u0161skirtin\u0117s \u201eVivre\u201c savyb\u0117s [\u2026]<\/p>","protected":false},"featured_media":27623,"comment_status":"open","ping_status":"closed","template":"","meta":[],"product_brand":[],"product_cat":[9133],"product_tag":[],"class_list":{"0":"post-41234","1":"product","2":"type-product","3":"status-publish","4":"has-post-thumbnail","6":"product_cat-grouped","8":"first","9":"instock","10":"shipping-taxable","11":"purchasable","12":"product-type-variable","13":"wvs-archive-product-wrapper"},"_links":{"self":[{"href":"https:\/\/baldumarket.lt\/lt\/wp-json\/wp\/v2\/product\/41234","targetHints":{"allow":["GET"]}}],"collection":[{"href":"https:\/\/baldumarket.lt\/lt\/wp-json\/wp\/v2\/product"}],"about":[{"href":"https:\/\/baldumarket.lt\/lt\/wp-json\/wp\/v2\/types\/product"}],"replies":[{"embeddable":true,"href":"https:\/\/baldumarket.lt\/lt\/wp-json\/wp\/v2\/comments?post=41234"}],"wp:featuredmedia":[{"embeddable":true,"href":"https:\/\/baldumarket.lt\/lt\/wp-json\/wp\/v2\/media\/27623"}],"wp:attachment":[{"href":"https:\/\/baldumarket.lt\/lt\/wp-json\/wp\/v2\/media?parent=41234"}],"wp:term":[{"taxonomy":"product_brand","embeddable":true,"href":"https:\/\/baldumarket.lt\/lt\/wp-json\/wp\/v2\/product_brand?post=41234"},{"taxonomy":"product_cat","embeddable":true,"href":"https:\/\/baldumarket.lt\/lt\/wp-json\/wp\/v2\/product_cat?post=41234"},{"taxonomy":"product_tag","embeddable":true,"href":"https:\/\/baldumarket.lt\/lt\/wp-json\/wp\/v2\/product_tag?post=41234"}],"curies":[{"name":"wp","href":"https:\/\/api.w.org\/{rel}","templated":true}]}}