{"id":41212,"date":"2025-11-19T20:21:29","date_gmt":"2025-11-19T17:21:29","guid":{"rendered":"https:\/\/baldumarket.lt\/?post_type=product&#038;p=41212"},"modified":"2026-03-24T13:45:16","modified_gmt":"2026-03-24T10:45:16","slug":"vincenzo-160x200-grupa-standard","status":"publish","type":"product","link":"https:\/\/baldumarket.lt\/lt\/product\/vincenzo-160x200-grupa-standard\/","title":{"rendered":"Vincenzo 160X200 STANDARTIN\u0116 grup\u0117"},"content":{"rendered":"<p>\u201eVincenzo\u201c \u2013 tai erdvi, unikali ir originali spyruoklin\u0117 lova, pasi\u017eyminti i\u0161skirtiniu mink\u0161tumu ir unikaliu dizainu. \u201eVincenzo\u201c i\u0161vaizd\u0105 pary\u0161kina aplink lov\u0105 esan\u010dios daiktad\u0117\u017e\u0117s ir galv\u016bgalis, papildytas putomis ir puo\u0161tas eleganti\u0161ku i\u0161ilginiu dygsniavimu. \u0160\u012f unikal\u0173 efekt\u0105 dar labiau sustiprina \u012fvairi\u0173 spalv\u0173 apmu\u0161alai. Erdvi \u201eVincenzo\u201c lova, kurios miegamoji erdv\u0117 yra 140\/160\/180 x 200 cm, yra puiki vieta atsipalaiduoti bet kuriuo paros metu. Papildomos \u0161io modelio savyb\u0117s: 20 cm auk\u0161\u010dio \u201eBonnell\u201c spyruoklinis \u010diu\u017einys su papildomais sluoksniais \u2013 vir\u0161utiniu ir apatiniu \u2013 pagamintais i\u0161 mink\u0161t\u0173 ir lanks\u010di\u0173 T25 put\u0173, ir 4 cm storio apmu\u0161tas vir\u0161utinis sluoksnis. Spyruoklinis mechanizmas palengvina prieig\u0105 prie patalyn\u0117s daiktad\u0117\u017e\u0117s. \u201eVincenzo\u201c \u2013 modernaus klasikinio stiliaus baldas \u2013 unikaliame miegamajame dera su modernaus po\u017ei\u016brio \u012f interjero dizain\u0105. Jei ie\u0161kote \u012fsp\u016bdingos ir tuo pa\u010diu unikalios lovos 100%, pasirinkimas gali b\u016bti tik vienas.<\/p>","protected":false},"excerpt":{"rendered":"<p>\u201eVincenzo\u201c \u2013 tai erdvi, unikali ir originali spyruoklin\u0117 lova, pasi\u017eyminti i\u0161skirtiniu mink\u0161tumu ir unikaliu dizainu. \u201eVincenzo\u201c i\u0161vaizd\u0105 pary\u0161kina aplink lov\u0105 esan\u010dios daiktad\u0117\u017e\u0117s ir galv\u016bgalis, kuris yra papildomai apr\u016bpintas putomis ir papuo\u0161tas eleganti\u0161ku i\u0161ilginiu dygsniavimu. \u0160\u012f unikal\u0173 efekt\u0105 dar labiau sustiprina apmu\u0161alai, kuriuos galima \u012fsigyti [\u2026]<\/p>","protected":false},"featured_media":11765,"comment_status":"open","ping_status":"closed","template":"","meta":[],"product_brand":[],"product_cat":[9133],"product_tag":[],"class_list":{"0":"post-41212","1":"product","2":"type-product","3":"status-publish","4":"has-post-thumbnail","6":"product_cat-grouped","8":"first","9":"instock","10":"shipping-taxable","11":"purchasable","12":"product-type-variable","13":"wvs-archive-product-wrapper"},"_links":{"self":[{"href":"https:\/\/baldumarket.lt\/lt\/wp-json\/wp\/v2\/product\/41212","targetHints":{"allow":["GET"]}}],"collection":[{"href":"https:\/\/baldumarket.lt\/lt\/wp-json\/wp\/v2\/product"}],"about":[{"href":"https:\/\/baldumarket.lt\/lt\/wp-json\/wp\/v2\/types\/product"}],"replies":[{"embeddable":true,"href":"https:\/\/baldumarket.lt\/lt\/wp-json\/wp\/v2\/comments?post=41212"}],"wp:featuredmedia":[{"embeddable":true,"href":"https:\/\/baldumarket.lt\/lt\/wp-json\/wp\/v2\/media\/11765"}],"wp:attachment":[{"href":"https:\/\/baldumarket.lt\/lt\/wp-json\/wp\/v2\/media?parent=41212"}],"wp:term":[{"taxonomy":"product_brand","embeddable":true,"href":"https:\/\/baldumarket.lt\/lt\/wp-json\/wp\/v2\/product_brand?post=41212"},{"taxonomy":"product_cat","embeddable":true,"href":"https:\/\/baldumarket.lt\/lt\/wp-json\/wp\/v2\/product_cat?post=41212"},{"taxonomy":"product_tag","embeddable":true,"href":"https:\/\/baldumarket.lt\/lt\/wp-json\/wp\/v2\/product_tag?post=41212"}],"curies":[{"name":"wp","href":"https:\/\/api.w.org\/{rel}","templated":true}]}}