{"id":41152,"date":"2025-11-19T20:20:37","date_gmt":"2025-11-19T17:20:37","guid":{"rendered":"https:\/\/baldumarket.lt\/?post_type=product&#038;p=41152"},"modified":"2026-03-24T13:19:40","modified_gmt":"2026-03-24T10:19:40","slug":"veros-140x200-grupa-premium","status":"publish","type":"product","link":"https:\/\/baldumarket.lt\/lt\/product\/veros-140x200-grupa-premium\/","title":{"rendered":"Veros 140\u00d7200 PREMIUM grup\u0117"},"content":{"rendered":"<p>Reguliuojama elektrin\u0117 \u201eVeros\u201c lova leid\u017eia kontroliuoti poilsio komfort\u0105, kad u\u017etikrintum\u0117te patog\u0173 ir ram\u0173 nakties mieg\u0105. Ji turi motorizuot\u0105, reguliuojam\u0105 r\u0117m\u0105, leid\u017eiant\u012f vartotojui lengvai reguliuoti koj\u0173 ir galvos atramas. Norint pakeisti pad\u0117t\u012f, net nereikia keltis i\u0161 lovos, nes komplekte yra du nuotolinio valdymo pultai. Prie \u201eVeros\u201c lovos pridedamas vienas nuotolinio valdymo pultas. \u201eVeros\u201c lov\u0105 sudaro du pagrindiniai \u010diu\u017einiai: \u201eBonnell\u201c spyruoklin\u0117 ir ki\u0161enin\u0117 spyruoklin\u0117, bei \u010diu\u017einio u\u017etiesalas. Pagrindiniai \u010diu\u017einiai suteikia maksimal\u0173 komfort\u0105, kok\u012f gali suteikti kontinentin\u0117 lova. \u010ciu\u017einio u\u017etiesalas puikiai apsaugo pagrindin\u012f \u010diu\u017ein\u012f nuo d\u0117mi\u0173 ar pa\u017eeidim\u0173. Be to, u\u017etiesal\u0173 privalumai yra papildomas mink\u0161tumas ir atrama miego metu bei pagrindinio \u010diu\u017einio tarnavimo laiko pailginimas. Prie \u201eVeros\u201c kontinentin\u0117s lovos pridedamas \u010diu\u017einio u\u017etiesalas yra apsaugotas nuimamu, skalbimo ma\u0161inoje skalbiamu \u0161ilko u\u017evalkalu. Elektrin\u0117 \u201eVeros\u201c lova taip pat puikiai tinka miegamajam. Apmu\u0161tas atlo\u0161as leid\u017eia paversti lov\u0105 pagrindiniu interjero elementu ir pastatyti j\u0105 kambario centre. Universalios juodos kojel\u0117s lengvai dera prie \u012fvairi\u0173 miegam\u0173j\u0173 dizain\u0173. Dar vienas privalumas, leid\u017eiantis i\u0161sirinkti tobul\u0105 lov\u0105 savo miegamajam, yra tai, kad m\u016bs\u0173 \u201eVeros\u201c baldai gali b\u016bti keturi\u0173 miegamojo pavir\u0161iaus dyd\u017ei\u0173: 90\/140\/160\/180 x 200 cm.<\/p>","protected":false},"excerpt":{"rendered":"<p>Reguliuojama elektrin\u0117 \u201eVeros\u201c lova leid\u017eia kontroliuoti poilsio komfort\u0105, kad u\u017etikrintum\u0117te patog\u0173 ir ram\u0173 nakties mieg\u0105. Joje yra motorizuotas, reguliuojamas r\u0117mas, leid\u017eiantis vartotojui lengvai reguliuoti koj\u0173 ir galvos atramas. Norint pakeisti pad\u0117t\u012f, net nereikia keltis i\u0161 lovos, nes komplekte yra du [\u2026]<\/p>","protected":false},"featured_media":11117,"comment_status":"open","ping_status":"closed","template":"","meta":[],"product_brand":[],"product_cat":[9133],"product_tag":[],"class_list":{"0":"post-41152","1":"product","2":"type-product","3":"status-publish","4":"has-post-thumbnail","6":"product_cat-grouped","8":"first","9":"instock","10":"shipping-taxable","11":"purchasable","12":"product-type-variable","13":"wvs-archive-product-wrapper"},"_links":{"self":[{"href":"https:\/\/baldumarket.lt\/lt\/wp-json\/wp\/v2\/product\/41152","targetHints":{"allow":["GET"]}}],"collection":[{"href":"https:\/\/baldumarket.lt\/lt\/wp-json\/wp\/v2\/product"}],"about":[{"href":"https:\/\/baldumarket.lt\/lt\/wp-json\/wp\/v2\/types\/product"}],"replies":[{"embeddable":true,"href":"https:\/\/baldumarket.lt\/lt\/wp-json\/wp\/v2\/comments?post=41152"}],"wp:featuredmedia":[{"embeddable":true,"href":"https:\/\/baldumarket.lt\/lt\/wp-json\/wp\/v2\/media\/11117"}],"wp:attachment":[{"href":"https:\/\/baldumarket.lt\/lt\/wp-json\/wp\/v2\/media?parent=41152"}],"wp:term":[{"taxonomy":"product_brand","embeddable":true,"href":"https:\/\/baldumarket.lt\/lt\/wp-json\/wp\/v2\/product_brand?post=41152"},{"taxonomy":"product_cat","embeddable":true,"href":"https:\/\/baldumarket.lt\/lt\/wp-json\/wp\/v2\/product_cat?post=41152"},{"taxonomy":"product_tag","embeddable":true,"href":"https:\/\/baldumarket.lt\/lt\/wp-json\/wp\/v2\/product_tag?post=41152"}],"curies":[{"name":"wp","href":"https:\/\/api.w.org\/{rel}","templated":true}]}}