{"id":41128,"date":"2025-11-19T20:20:11","date_gmt":"2025-11-19T17:20:11","guid":{"rendered":"https:\/\/baldumarket.lt\/?post_type=product&#038;p=41128"},"modified":"2026-03-24T13:30:49","modified_gmt":"2026-03-24T10:30:49","slug":"ume-grupa-prestige","status":"publish","type":"product","link":"https:\/\/baldumarket.lt\/lt\/product\/ume-grupa-prestige\/","title":{"rendered":"Ume PRESTIGE grup\u0117"},"content":{"rendered":"<p>\u201eUme\u201c kampin\u0117 sofa \u2013 tai eleganti\u0161ka, L formos kampin\u0117 sofa, kuri \u017eavi moderniu dizainu ir auk\u0161tos kokyb\u0117s meistri\u0161kumu. S\u0117dyn\u0117 pagaminta i\u0161 didelio tankio HR put\u0173 + T3030, kurios u\u017etikrina patog\u0173 ir patvar\u0173 s\u0117d\u0117jimo pavir\u0161i\u0173. Atlo\u0161as pagamintas i\u0161 T2540 + T2315 tankio put\u0173, u\u017etikrinan\u010di\u0173 tinkam\u0105 nugaros atram\u0105 ir komfort\u0105 atsipalaidavus. \u201eUme\u201c kampin\u0117 sofa gali pasigirti \u012fsp\u016bdingais 287 x 190 x 88 cm matmenimis. D\u0117l auk\u0161tos kokyb\u0117s med\u017eiag\u0173 ir tvirtos konstrukcijos \u0161i kampin\u0117 sofa tarnaus daugel\u012f met\u0173 patogiai ir u\u017etikrins pasitenkinim\u0105. \u201eUme\u201c kampin\u0117 sofa taip pat turi elektrin\u0119 i\u0161traukiam\u0105 s\u0117dyn\u0119, tod\u0117l ji dar patogesn\u0117 ir funkcionalesn\u0117. Elektrinis mechanizmas leid\u017eia lengvai reguliuoti s\u0117d\u0117jimo pad\u0117t\u012f pagal savo pageidavimus, tod\u0117l galite individualiai pritaikyti s\u0117d\u0117jimo pad\u0117t\u012f pagal savo poreikius. \u0160is novatori\u0161kas papildymas paver\u010dia \u201eUme\u201c kampin\u0119 sof\u0105 puikiu pasirinkimu tiems, kurie vertina komfort\u0105 ir modernius sprendimus savo interjere.<\/p>","protected":false},"excerpt":{"rendered":"<p>\u201eUme\u201c kampin\u0117 sofa \u2013 tai eleganti\u0161ka, L formos kampin\u0117 sofa, kuri \u017eavi moderniu dizainu ir auk\u0161tos kokyb\u0117s meistri\u0161kumu. S\u0117dyn\u0117 pagaminta i\u0161 didelio tankio HR put\u0173 + T3030, kurios u\u017etikrina patog\u0173 ir patvar\u0173 s\u0117d\u0117jimo pavir\u0161i\u0173. Atlo\u0161as pagamintas i\u0161 T2540 + T2315 tankio put\u0173, kurios u\u017etikrina tinkam\u0105 nugaros atram\u0105 ir komfort\u0105 atsipalaiduojant. [\u2026]<\/p>","protected":false},"featured_media":30305,"comment_status":"open","ping_status":"closed","template":"","meta":[],"product_brand":[],"product_cat":[9133],"product_tag":[],"class_list":{"0":"post-41128","1":"product","2":"type-product","3":"status-publish","4":"has-post-thumbnail","6":"product_cat-grouped","8":"first","9":"instock","10":"shipping-taxable","11":"purchasable","12":"product-type-variable","13":"wvs-archive-product-wrapper"},"_links":{"self":[{"href":"https:\/\/baldumarket.lt\/lt\/wp-json\/wp\/v2\/product\/41128","targetHints":{"allow":["GET"]}}],"collection":[{"href":"https:\/\/baldumarket.lt\/lt\/wp-json\/wp\/v2\/product"}],"about":[{"href":"https:\/\/baldumarket.lt\/lt\/wp-json\/wp\/v2\/types\/product"}],"replies":[{"embeddable":true,"href":"https:\/\/baldumarket.lt\/lt\/wp-json\/wp\/v2\/comments?post=41128"}],"wp:featuredmedia":[{"embeddable":true,"href":"https:\/\/baldumarket.lt\/lt\/wp-json\/wp\/v2\/media\/30305"}],"wp:attachment":[{"href":"https:\/\/baldumarket.lt\/lt\/wp-json\/wp\/v2\/media?parent=41128"}],"wp:term":[{"taxonomy":"product_brand","embeddable":true,"href":"https:\/\/baldumarket.lt\/lt\/wp-json\/wp\/v2\/product_brand?post=41128"},{"taxonomy":"product_cat","embeddable":true,"href":"https:\/\/baldumarket.lt\/lt\/wp-json\/wp\/v2\/product_cat?post=41128"},{"taxonomy":"product_tag","embeddable":true,"href":"https:\/\/baldumarket.lt\/lt\/wp-json\/wp\/v2\/product_tag?post=41128"}],"curies":[{"name":"wp","href":"https:\/\/api.w.org\/{rel}","templated":true}]}}