{"id":41120,"date":"2025-11-19T20:19:47","date_gmt":"2025-11-19T17:19:47","guid":{"rendered":"https:\/\/baldumarket.lt\/?post_type=product&#038;p=41120"},"modified":"2026-03-24T13:11:30","modified_gmt":"2026-03-24T10:11:30","slug":"torrense-grupa-classic","status":"publish","type":"product","link":"https:\/\/baldumarket.lt\/lt\/product\/torrense-grupa-classic\/","title":{"rendered":"Torrense CLASSIC grup\u0117"},"content":{"rendered":"<p>\u201eTorrense\u201c \u2013 stilinga ir moderni kampin\u0117 sofa, kurios matmenys \u2013 265 x 175 x 98 cm. Ji garantuoja erdvum\u0105 ir komfort\u0105 dien\u0105, o nakt\u012f \u2013 maksimal\u0173 komfort\u0105 ant 215 x 140 cm dyd\u017eio sofos pavir\u0161iaus. S\u0117dyn\u0117 pagaminta i\u0161 novatori\u0161ko HR putplas\u010dio, kuris apsaugo nuo \u012flenkim\u0173 ir u\u017etikrina maksimal\u0173 komfort\u0105. Tarp i\u0161skirtini\u0173 \u0161io modelio savybi\u0173 \u2013 kruop\u0161ti ir moderni apdaila, platus spalv\u0173 pasirinkimas i\u0161 m\u016bs\u0173 palet\u0117s, reguliuojamos galvos atramos, slankiojanti atlo\u0161o dalis ir subtilus apsiuvimas tiek s\u0117dyn\u0117je, tiek atlo\u0161e. \u201eTorrense\u201c sukurta taip, kad kiekvienas naudotojas gal\u0117t\u0173 puikiai pails\u0117ti. Jei to ir ie\u0161kote, \u201eTorrense\u201c \u2013 puikus pasirinkimas!<\/p>","protected":false},"excerpt":{"rendered":"<p>\u201eTorrense\u201c \u2013 stilinga ir moderni kampin\u0117 sofa, kurios matmenys \u2013 265 x 175 x 98 cm, u\u017etikrinanti erdvum\u0105 ir komfort\u0105 dien\u0105, taip pat maksimal\u0173 komfort\u0105 nakt\u012f ant 215 x 140 cm dyd\u017eio sofos pavir\u0161iaus. S\u0117dyn\u0117 pagaminta i\u0161 novatori\u0161ko HR putplas\u010dio, kuris apsaugo nuo \u012flenkim\u0173 ir u\u017etikrina maksimal\u0173 komfort\u0105. Tarp [\u2026]<\/p>","protected":false},"featured_media":27081,"comment_status":"open","ping_status":"closed","template":"","meta":[],"product_brand":[],"product_cat":[9133],"product_tag":[],"class_list":{"0":"post-41120","1":"product","2":"type-product","3":"status-publish","4":"has-post-thumbnail","6":"product_cat-grouped","8":"first","9":"instock","10":"shipping-taxable","11":"purchasable","12":"product-type-variable","13":"wvs-archive-product-wrapper"},"_links":{"self":[{"href":"https:\/\/baldumarket.lt\/lt\/wp-json\/wp\/v2\/product\/41120","targetHints":{"allow":["GET"]}}],"collection":[{"href":"https:\/\/baldumarket.lt\/lt\/wp-json\/wp\/v2\/product"}],"about":[{"href":"https:\/\/baldumarket.lt\/lt\/wp-json\/wp\/v2\/types\/product"}],"replies":[{"embeddable":true,"href":"https:\/\/baldumarket.lt\/lt\/wp-json\/wp\/v2\/comments?post=41120"}],"wp:featuredmedia":[{"embeddable":true,"href":"https:\/\/baldumarket.lt\/lt\/wp-json\/wp\/v2\/media\/27081"}],"wp:attachment":[{"href":"https:\/\/baldumarket.lt\/lt\/wp-json\/wp\/v2\/media?parent=41120"}],"wp:term":[{"taxonomy":"product_brand","embeddable":true,"href":"https:\/\/baldumarket.lt\/lt\/wp-json\/wp\/v2\/product_brand?post=41120"},{"taxonomy":"product_cat","embeddable":true,"href":"https:\/\/baldumarket.lt\/lt\/wp-json\/wp\/v2\/product_cat?post=41120"},{"taxonomy":"product_tag","embeddable":true,"href":"https:\/\/baldumarket.lt\/lt\/wp-json\/wp\/v2\/product_tag?post=41120"}],"curies":[{"name":"wp","href":"https:\/\/api.w.org\/{rel}","templated":true}]}}