{"id":41084,"date":"2025-11-19T20:19:21","date_gmt":"2025-11-19T17:19:21","guid":{"rendered":"https:\/\/baldumarket.lt\/?post_type=product&#038;p=41084"},"modified":"2026-03-24T13:45:06","modified_gmt":"2026-03-24T10:45:06","slug":"sorento-grupa-standard","status":"publish","type":"product","link":"https:\/\/baldumarket.lt\/lt\/product\/sorento-grupa-standard\/","title":{"rendered":"\u201eSorento Group\u201c STANDARTAS"},"content":{"rendered":"<p>\u201eSorento\u201c \u2013 stilinga, daugiafunkcin\u0117 kampin\u0117 sofa su stabilia, L formos konstrukcija, kuri puikiai tarnaus Jums ilgus metus. 295 x 195 x 80 cm dyd\u017eio sofa puikiai tinka ne tik dienos poilsiui, bet ir kaip pagrindinis J\u016bs\u0173 svetain\u0117s akcentas. D\u0117l delfininio mechanizmo \u201eSorento\u201c kampin\u0117 sofa tinka ir naktiniam poilsiui. 210 x 126 cm dyd\u017eio miegojimo pavir\u0161ius u\u017etikrina ilg\u0105 mieg\u0105 ir visi\u0161k\u0105 atsipalaidavim\u0105. Maksimal\u0173 komfort\u0105 garantuoja banguot\u0173 spyruokli\u0173 ir s\u0117dyn\u0117je naudojamo T30 putplas\u010dio derinys. Renkantis \u201eSorento\u201c kampin\u0119 sof\u0105, verta atsi\u017evelgti \u012f jos unikal\u0173 stili\u0173, taip pat \u012f kont\u016bruot\u0105 atlo\u0161\u0105, suapvalintus porankius ir stiling\u0105 dygsniavim\u0105, suteikiant\u012f charakterio. \u201eSorento\u201c savaime spinduliuoja stili\u0173, komfort\u0105 ir klas\u0119. Tok\u012f bald\u0105 savo namuose tikrai verta tur\u0117ti.<\/p>","protected":false},"excerpt":{"rendered":"<p>\u201eSorento\u201c \u2013 stilinga, daugiafunkcin\u0117 kampin\u0117 sofa su stabilia, L formos konstrukcija, kuri puikiai tarnaus jums ilgus metus. 295 x 195 x 80 cm dyd\u017eio sofa puikiai tinka ne tik dienos poilsiui, bet ir kaip pagrindinis j\u016bs\u0173 kambario akcentas. D\u0117l delfino mechanizmo \u201eSorento\u201c kampin\u0117 sofa [\u2026]<\/p>","protected":false},"featured_media":25592,"comment_status":"open","ping_status":"closed","template":"","meta":[],"product_brand":[],"product_cat":[9133],"product_tag":[],"class_list":{"0":"post-41084","1":"product","2":"type-product","3":"status-publish","4":"has-post-thumbnail","6":"product_cat-grouped","8":"first","9":"instock","10":"shipping-taxable","11":"purchasable","12":"product-type-variable","13":"wvs-archive-product-wrapper"},"_links":{"self":[{"href":"https:\/\/baldumarket.lt\/lt\/wp-json\/wp\/v2\/product\/41084","targetHints":{"allow":["GET"]}}],"collection":[{"href":"https:\/\/baldumarket.lt\/lt\/wp-json\/wp\/v2\/product"}],"about":[{"href":"https:\/\/baldumarket.lt\/lt\/wp-json\/wp\/v2\/types\/product"}],"replies":[{"embeddable":true,"href":"https:\/\/baldumarket.lt\/lt\/wp-json\/wp\/v2\/comments?post=41084"}],"wp:featuredmedia":[{"embeddable":true,"href":"https:\/\/baldumarket.lt\/lt\/wp-json\/wp\/v2\/media\/25592"}],"wp:attachment":[{"href":"https:\/\/baldumarket.lt\/lt\/wp-json\/wp\/v2\/media?parent=41084"}],"wp:term":[{"taxonomy":"product_brand","embeddable":true,"href":"https:\/\/baldumarket.lt\/lt\/wp-json\/wp\/v2\/product_brand?post=41084"},{"taxonomy":"product_cat","embeddable":true,"href":"https:\/\/baldumarket.lt\/lt\/wp-json\/wp\/v2\/product_cat?post=41084"},{"taxonomy":"product_tag","embeddable":true,"href":"https:\/\/baldumarket.lt\/lt\/wp-json\/wp\/v2\/product_tag?post=41084"}],"curies":[{"name":"wp","href":"https:\/\/api.w.org\/{rel}","templated":true}]}}