{"id":41078,"date":"2025-11-19T20:19:20","date_gmt":"2025-11-19T17:19:20","guid":{"rendered":"https:\/\/baldumarket.lt\/?post_type=product&#038;p=41078"},"modified":"2026-03-24T13:19:31","modified_gmt":"2026-03-24T10:19:31","slug":"solange-grupa-premium","status":"publish","type":"product","link":"https:\/\/baldumarket.lt\/lt\/product\/solange-grupa-premium\/","title":{"rendered":"Solange PREMIUM grup\u0117"},"content":{"rendered":"<p>\u201eSolange\u201c \u2013 unikali, skoninga ir i\u0161skirtinai mink\u0161ta kampin\u0117 sofa, kuri bet kokiam interjerui suteikia gaivumo ir prabangos. 292 x 196 x 80 cm dyd\u017eio sofa garantuoja maksimal\u0173 komfort\u0105 visai \u0161eimai tiek dien\u0105, tiek nakt\u012f, nes joje yra miegojimo funkcija, o pavir\u0161iaus plotas \u2013 210 x 126 cm. Delfino mechanizmas taip pat padeda lengvai atlo\u0161ti sof\u0105 \u012f norim\u0105 pad\u0117t\u012f. Gilios s\u0117dyn\u0117s su ilgu pufu, u\u017epildytu vingiuotomis spyruokl\u0117mis ir T30 putomis, ne tik palaiko taisykling\u0105 laikysen\u0105, bet ir u\u017etikrina sofos atsparum\u0105 deformacijai. Kampin\u0117 sofa si\u016bloma \u012fvairi\u0173 spalv\u0173, tod\u0117l galite rinktis tinkamiausi\u0105 bald\u0105 ir \u012frengti svetain\u0119 pagal savo individual\u0173 stili\u0173.<\/p>","protected":false},"excerpt":{"rendered":"<p>\u201eSolange\u201c \u2013 unikali, skoninga ir i\u0161skirtinai mink\u0161ta kampin\u0117 sofa, kuri bet kokiam interjerui suteikia gaivumo ir prabangos. 292 x 196 x 80 cm dyd\u017eio sofa garantuoja maksimal\u0173 komfort\u0105 visai \u0161eimai tiek dien\u0105, tiek nakt\u012f, nes joje yra miegojimo funkcija, o miegamojo plotas \u2013 210 x 126 [\u2026]<\/p>","protected":false},"featured_media":26596,"comment_status":"open","ping_status":"closed","template":"","meta":[],"product_brand":[],"product_cat":[9133],"product_tag":[],"class_list":{"0":"post-41078","1":"product","2":"type-product","3":"status-publish","4":"has-post-thumbnail","6":"product_cat-grouped","8":"first","9":"instock","10":"shipping-taxable","11":"purchasable","12":"product-type-variable","13":"wvs-archive-product-wrapper"},"_links":{"self":[{"href":"https:\/\/baldumarket.lt\/lt\/wp-json\/wp\/v2\/product\/41078","targetHints":{"allow":["GET"]}}],"collection":[{"href":"https:\/\/baldumarket.lt\/lt\/wp-json\/wp\/v2\/product"}],"about":[{"href":"https:\/\/baldumarket.lt\/lt\/wp-json\/wp\/v2\/types\/product"}],"replies":[{"embeddable":true,"href":"https:\/\/baldumarket.lt\/lt\/wp-json\/wp\/v2\/comments?post=41078"}],"wp:featuredmedia":[{"embeddable":true,"href":"https:\/\/baldumarket.lt\/lt\/wp-json\/wp\/v2\/media\/26596"}],"wp:attachment":[{"href":"https:\/\/baldumarket.lt\/lt\/wp-json\/wp\/v2\/media?parent=41078"}],"wp:term":[{"taxonomy":"product_brand","embeddable":true,"href":"https:\/\/baldumarket.lt\/lt\/wp-json\/wp\/v2\/product_brand?post=41078"},{"taxonomy":"product_cat","embeddable":true,"href":"https:\/\/baldumarket.lt\/lt\/wp-json\/wp\/v2\/product_cat?post=41078"},{"taxonomy":"product_tag","embeddable":true,"href":"https:\/\/baldumarket.lt\/lt\/wp-json\/wp\/v2\/product_tag?post=41078"}],"curies":[{"name":"wp","href":"https:\/\/api.w.org\/{rel}","templated":true}]}}