{"id":41050,"date":"2025-11-19T20:18:55","date_gmt":"2025-11-19T17:18:55","guid":{"rendered":"https:\/\/baldumarket.lt\/?post_type=product&#038;p=41050"},"modified":"2026-03-24T13:11:29","modified_gmt":"2026-03-24T10:11:29","slug":"softy-160x200-grupa-classic","status":"publish","type":"product","link":"https:\/\/baldumarket.lt\/lt\/product\/softy-160x200-grupa-classic\/","title":{"rendered":"Softy 160X200 CLASSIC grup\u0117"},"content":{"rendered":"<p>\u201eSofty\u201c \u2013 tai jauki, stilinga, erdvi ir gerai i\u0161lenkta lova su spyruokliniu \u010diu\u017einiu, skirta kasdienio komforto m\u0117g\u0117jams. Patog\u0173 ir sveik\u0105 mieg\u0105 \u201eSofty\u201c lovoje garantuoja pagrindinio \u201eBonnell\u201c spyruoklinio \u010diu\u017einio ir papildomo \u010diu\u017einio \u010diu\u017einio derinys. \u0160is derinys palaiko taisykling\u0105 stuburo pad\u0117t\u012f. \u201eSofty\u201c yra funkcionali lova, i\u0161 dalies d\u0117l dviej\u0173 erdvi\u0173 patalyn\u0117s skyri\u0173 ir daug vietos poilsiui, nes lova yra trij\u0173 dyd\u017ei\u0173: 140\/160\/180 x 200 cm. Papildomi \u0161io modelio i\u0161skirtiniai bruo\u017eai: apmu\u0161tas atlo\u0161as, stilingas, i\u0161lenktas atlo\u0161as, eleganti\u0161kos chromuotos kojel\u0117s ir patraukli i\u0161vaizda. \u201eSofty\u201c \u2013 tai lova, kuri d\u017eiugina ir \u017eavi. Verta j\u0105 tur\u0117ti savo miegamajame, kad suderintum\u0117te maksimal\u0173 komfort\u0105, funkcionalum\u0105 ir original\u0173 dizain\u0105.<\/p>","protected":false},"excerpt":{"rendered":"<p>\u201eSofty\u201c \u2013 tai jauki, stilinga, erdvi ir gerai i\u0161lenkta lova su spyruokl\u0117mis, sukurta kasdienio komforto m\u0117g\u0117jams. Patog\u0173 ir sveik\u0105 mieg\u0105 \u201eSofty\u201c lovoje garantuoja pagrindinio \u201eBonnell\u201c spyruoklinio \u010diu\u017einio ir papildomo \u010diu\u017einio u\u017etiesalas. \u0160is derinys palaiko taisykling\u0105 stuburo pad\u0117t\u012f. \u201eSofty\u201c yra funkcionalus [\u2026]<\/p>","protected":false},"featured_media":26471,"comment_status":"open","ping_status":"closed","template":"","meta":[],"product_brand":[],"product_cat":[9133],"product_tag":[],"class_list":{"0":"post-41050","1":"product","2":"type-product","3":"status-publish","4":"has-post-thumbnail","6":"product_cat-grouped","8":"first","9":"instock","10":"shipping-taxable","11":"purchasable","12":"product-type-variable","13":"wvs-archive-product-wrapper"},"_links":{"self":[{"href":"https:\/\/baldumarket.lt\/lt\/wp-json\/wp\/v2\/product\/41050","targetHints":{"allow":["GET"]}}],"collection":[{"href":"https:\/\/baldumarket.lt\/lt\/wp-json\/wp\/v2\/product"}],"about":[{"href":"https:\/\/baldumarket.lt\/lt\/wp-json\/wp\/v2\/types\/product"}],"replies":[{"embeddable":true,"href":"https:\/\/baldumarket.lt\/lt\/wp-json\/wp\/v2\/comments?post=41050"}],"wp:featuredmedia":[{"embeddable":true,"href":"https:\/\/baldumarket.lt\/lt\/wp-json\/wp\/v2\/media\/26471"}],"wp:attachment":[{"href":"https:\/\/baldumarket.lt\/lt\/wp-json\/wp\/v2\/media?parent=41050"}],"wp:term":[{"taxonomy":"product_brand","embeddable":true,"href":"https:\/\/baldumarket.lt\/lt\/wp-json\/wp\/v2\/product_brand?post=41050"},{"taxonomy":"product_cat","embeddable":true,"href":"https:\/\/baldumarket.lt\/lt\/wp-json\/wp\/v2\/product_cat?post=41050"},{"taxonomy":"product_tag","embeddable":true,"href":"https:\/\/baldumarket.lt\/lt\/wp-json\/wp\/v2\/product_tag?post=41050"}],"curies":[{"name":"wp","href":"https:\/\/api.w.org\/{rel}","templated":true}]}}