{"id":41012,"date":"2025-11-19T20:18:10","date_gmt":"2025-11-19T17:18:10","guid":{"rendered":"https:\/\/baldumarket.lt\/?post_type=product&#038;p=41012"},"modified":"2026-03-24T13:38:10","modified_gmt":"2026-03-24T10:38:10","slug":"silva-puf-grupa-special","status":"publish","type":"product","link":"https:\/\/baldumarket.lt\/lt\/product\/silva-puf-grupa-special\/","title":{"rendered":"Silva Puf SPECIAL grup\u0117"},"content":{"rendered":"<p>\u201eSilva\u201c pufas \u2013 prakti\u0161kas ir originalus bet kokio interjero papildymas. Jo matmenys \u2013 67 x 67 x 42 cm. Labai elastingas HR put\u0173 u\u017epildas ir vingiuota spyruoklin\u0117 s\u0117dyn\u0117 leid\u017eia patogiai atsipalaiduoti. Pufas aptrauktas auk\u0161tos kokyb\u0117s audiniu, kuris yra labai atsparus mechaniniams pa\u017eeidimams. Be to, auk\u0161tos, juodo plieno kojel\u0117s pufo stabilizuoja bald\u0105 ir suteikia esteti\u0161k\u0105 i\u0161vaizd\u0105. \u201eSilva\u201c pufas yra gra\u017eus ir prakti\u0161kas baldas, sukuriantis \u0161ilt\u0105 ir jauki\u0105 atmosfer\u0105. Kad pufas papildyt\u0173 j\u016bs\u0173 interjero dizain\u0105, j\u012f galima \u012fsigyti \u012fvairi\u0173 spalv\u0173. J\u012f galima naudoti atskirai arba kaip \u201eSilva\u201c poilsio komplekto, kuriame yra ir pufas, dal\u012f.<\/p>","protected":false},"excerpt":{"rendered":"<p>\u201eSilva\u201c pufas yra prakti\u0161kas ir originalus bet kokio interjero papildymas. Jo matmenys yra 67 x 67 x 42 cm. Labai elastingas HR put\u0173 u\u017epildas ir vingiuota spyruoklin\u0117 s\u0117dyn\u0117 leid\u017eia patogiai atsipalaiduoti. Pufas aptrauktas auk\u0161tos kokyb\u0117s audiniu, kuris yra labai atsparus mechaniniams pa\u017eeidimams. Be to, auk\u0161tas, juodas pufo korpusas [\u2026]<\/p>","protected":false},"featured_media":23768,"comment_status":"open","ping_status":"closed","template":"","meta":[],"product_brand":[],"product_cat":[9133],"product_tag":[],"class_list":{"0":"post-41012","1":"product","2":"type-product","3":"status-publish","4":"has-post-thumbnail","6":"product_cat-grouped","8":"first","9":"instock","10":"shipping-taxable","11":"purchasable","12":"product-type-variable","13":"wvs-archive-product-wrapper"},"_links":{"self":[{"href":"https:\/\/baldumarket.lt\/lt\/wp-json\/wp\/v2\/product\/41012","targetHints":{"allow":["GET"]}}],"collection":[{"href":"https:\/\/baldumarket.lt\/lt\/wp-json\/wp\/v2\/product"}],"about":[{"href":"https:\/\/baldumarket.lt\/lt\/wp-json\/wp\/v2\/types\/product"}],"replies":[{"embeddable":true,"href":"https:\/\/baldumarket.lt\/lt\/wp-json\/wp\/v2\/comments?post=41012"}],"wp:featuredmedia":[{"embeddable":true,"href":"https:\/\/baldumarket.lt\/lt\/wp-json\/wp\/v2\/media\/23768"}],"wp:attachment":[{"href":"https:\/\/baldumarket.lt\/lt\/wp-json\/wp\/v2\/media?parent=41012"}],"wp:term":[{"taxonomy":"product_brand","embeddable":true,"href":"https:\/\/baldumarket.lt\/lt\/wp-json\/wp\/v2\/product_brand?post=41012"},{"taxonomy":"product_cat","embeddable":true,"href":"https:\/\/baldumarket.lt\/lt\/wp-json\/wp\/v2\/product_cat?post=41012"},{"taxonomy":"product_tag","embeddable":true,"href":"https:\/\/baldumarket.lt\/lt\/wp-json\/wp\/v2\/product_tag?post=41012"}],"curies":[{"name":"wp","href":"https:\/\/api.w.org\/{rel}","templated":true}]}}