{"id":40990,"date":"2025-11-19T20:18:07","date_gmt":"2025-11-19T17:18:07","guid":{"rendered":"https:\/\/baldumarket.lt\/?post_type=product&#038;p=40990"},"modified":"2026-03-24T13:19:22","modified_gmt":"2026-03-24T10:19:22","slug":"silla-puf-grupa-premium","status":"publish","type":"product","link":"https:\/\/baldumarket.lt\/lt\/product\/silla-puf-grupa-premium\/","title":{"rendered":"Silla Pouf PREMIUM grup\u0117"},"content":{"rendered":"<p>Universalus, gra\u017eus ir patogus \u201cSilla\u201d pufas puikiai tiks bet kokiam interjerui. Jis puikiai tinka ne tik kaip s\u0117dima vieta, bet ir gali b\u016bti centrinis kavos staliukas ar pakojis po ilgos dienos. Nesl\u0117piame, kad \u0161\u012f puf\u0105 k\u016br\u0117me galvodami apie patogi\u0105 s\u0117d\u0117jimo viet\u0105, naudodami itin elastingas HR putas, kurios prisitaiko prie j\u016bs\u0173 k\u016bno form\u0173. Be to, i\u0161skirtiniam komfortui pufas apr\u016bpintas B tipo vingiuota spyruokle. Pufo matmenys: 88 x 68 x 51 centimetras, tod\u0117l j\u012f galima pristumti prie \u201eSilla\u201c sofos arba kampin\u0117s sofos-lovos, kad \u201ei\u0161sipl\u0117st\u0173\u201c jo dydis. Pufas atitinka dabartines interjero dizaino tendencijas, o tai tikrai patiks visiems, ie\u0161kantiems naujo po\u017ei\u016brio \u012f poilsio baldus.<\/p>","protected":false},"excerpt":{"rendered":"<p>Universalus, gra\u017eus ir patogus \u201eSilla\u201c pufas puikiai papildys bet kok\u012f interjer\u0105. Jis puikiai tinka ne tik kaip s\u0117dima vieta, bet ir gali tarnauti kaip centrinis kavos staliukas ar pakojis po ilgos dienos. Nesl\u0117piame, kad \u0161\u012f puf\u0105 k\u016br\u0117me galvodami apie patogi\u0105 s\u0117d\u0117jimo viet\u0105, naudodami itin elasting\u0105 HR [\u2026]<\/p>","protected":false},"featured_media":23861,"comment_status":"open","ping_status":"closed","template":"","meta":[],"product_brand":[],"product_cat":[9133],"product_tag":[],"class_list":{"0":"post-40990","1":"product","2":"type-product","3":"status-publish","4":"has-post-thumbnail","6":"product_cat-grouped","8":"first","9":"instock","10":"shipping-taxable","11":"purchasable","12":"product-type-variable","13":"wvs-archive-product-wrapper"},"_links":{"self":[{"href":"https:\/\/baldumarket.lt\/lt\/wp-json\/wp\/v2\/product\/40990","targetHints":{"allow":["GET"]}}],"collection":[{"href":"https:\/\/baldumarket.lt\/lt\/wp-json\/wp\/v2\/product"}],"about":[{"href":"https:\/\/baldumarket.lt\/lt\/wp-json\/wp\/v2\/types\/product"}],"replies":[{"embeddable":true,"href":"https:\/\/baldumarket.lt\/lt\/wp-json\/wp\/v2\/comments?post=40990"}],"wp:featuredmedia":[{"embeddable":true,"href":"https:\/\/baldumarket.lt\/lt\/wp-json\/wp\/v2\/media\/23861"}],"wp:attachment":[{"href":"https:\/\/baldumarket.lt\/lt\/wp-json\/wp\/v2\/media?parent=40990"}],"wp:term":[{"taxonomy":"product_brand","embeddable":true,"href":"https:\/\/baldumarket.lt\/lt\/wp-json\/wp\/v2\/product_brand?post=40990"},{"taxonomy":"product_cat","embeddable":true,"href":"https:\/\/baldumarket.lt\/lt\/wp-json\/wp\/v2\/product_cat?post=40990"},{"taxonomy":"product_tag","embeddable":true,"href":"https:\/\/baldumarket.lt\/lt\/wp-json\/wp\/v2\/product_tag?post=40990"}],"curies":[{"name":"wp","href":"https:\/\/api.w.org\/{rel}","templated":true}]}}