{"id":40976,"date":"2025-11-19T20:17:44","date_gmt":"2025-11-19T17:17:44","guid":{"rendered":"https:\/\/baldumarket.lt\/?post_type=product&#038;p=40976"},"modified":"2026-03-24T13:44:56","modified_gmt":"2026-03-24T10:44:56","slug":"siber-grupa-standard","status":"publish","type":"product","link":"https:\/\/baldumarket.lt\/lt\/product\/siber-grupa-standard\/","title":{"rendered":"Siber Grupa STANDARD"},"content":{"rendered":"<p>Kampin\u0117 sofa \u201eSiber\u201c \u2013 puikus sprendimas tiems, kurie vertina tvark\u0105 ir \u0161var\u0105. D\u0117l didel\u0117s patalyn\u0117s vietos ji padeda sutaupyti vietos. Auk\u0161ti, kont\u016bruoti, reguliuojami atlo\u0161ai, puo\u0161ti stilingomis si\u016bl\u0117mis, leis net ir ilgas poilsio valandas \u017ei\u016brint m\u0117gstamus serialus m\u0117gautis komfortu. Kampin\u0117s sofos matmenys: 270 x 186 x 93 centimetrai, leid\u017eia ramiai ils\u0117tis keliems \u017emon\u0117ms, nereikalaujant papildom\u0173 s\u0117dim\u0173 viet\u0173. Be to, kampin\u0117 sofa gali tapti papildoma lova d\u0117l i\u0161skleid\u017eiamos miegojimo funkcijos, kurios plotas yra 205 x 125 centimetrai. Delfino mechanizmas \u2013 puikus ir paprastas b\u016bdas paversti kampin\u0119 sof\u0105 pilno dyd\u017eio lova. Taip pat verta pamin\u0117ti reguliuojamus atlo\u0161us, kurie pad\u0117s patogiai atsipalaiduoti su knyga ar prie\u0161ais televizori\u0173. Kitos \u012fdomios savyb\u0117s \u2013 5 centimetr\u0173 auk\u0161\u010dio medin\u0117s kojel\u0117s ir s\u0117dyn\u0117, u\u017epildyta T30 putomis, kurios pasi\u017eymi puikiu elastingumu ir dideliu tankiu.<\/p>","protected":false},"excerpt":{"rendered":"<p>Kampin\u0117 sofa \u201eSiber\u201c \u2013 puikus sprendimas tiems, kurie vertina tvark\u0105 ir \u0161var\u0105. D\u0117l didel\u0117s patalyn\u0117s laikymo vietos ji padeda sutaupyti vietos. Auk\u0161ti, kont\u016bruoti, reguliuojami atlo\u0161ai, puo\u0161ti stilingomis si\u016bl\u0117mis, leis net ir ilgas poilsio valandas \u017ei\u016br\u0117ti m\u0117gstamus serialus patogiai ir patogiai. Kampin\u0117s sofos matmenys: 270 x 186 x 93 centimetrai, leid\u017eia [\u2026]<\/p>","protected":false},"featured_media":15870,"comment_status":"open","ping_status":"closed","template":"","meta":[],"product_brand":[],"product_cat":[9133],"product_tag":[],"class_list":{"0":"post-40976","1":"product","2":"type-product","3":"status-publish","4":"has-post-thumbnail","6":"product_cat-grouped","8":"first","9":"instock","10":"shipping-taxable","11":"purchasable","12":"product-type-variable","13":"wvs-archive-product-wrapper"},"_links":{"self":[{"href":"https:\/\/baldumarket.lt\/lt\/wp-json\/wp\/v2\/product\/40976","targetHints":{"allow":["GET"]}}],"collection":[{"href":"https:\/\/baldumarket.lt\/lt\/wp-json\/wp\/v2\/product"}],"about":[{"href":"https:\/\/baldumarket.lt\/lt\/wp-json\/wp\/v2\/types\/product"}],"replies":[{"embeddable":true,"href":"https:\/\/baldumarket.lt\/lt\/wp-json\/wp\/v2\/comments?post=40976"}],"wp:featuredmedia":[{"embeddable":true,"href":"https:\/\/baldumarket.lt\/lt\/wp-json\/wp\/v2\/media\/15870"}],"wp:attachment":[{"href":"https:\/\/baldumarket.lt\/lt\/wp-json\/wp\/v2\/media?parent=40976"}],"wp:term":[{"taxonomy":"product_brand","embeddable":true,"href":"https:\/\/baldumarket.lt\/lt\/wp-json\/wp\/v2\/product_brand?post=40976"},{"taxonomy":"product_cat","embeddable":true,"href":"https:\/\/baldumarket.lt\/lt\/wp-json\/wp\/v2\/product_cat?post=40976"},{"taxonomy":"product_tag","embeddable":true,"href":"https:\/\/baldumarket.lt\/lt\/wp-json\/wp\/v2\/product_tag?post=40976"}],"curies":[{"name":"wp","href":"https:\/\/api.w.org\/{rel}","templated":true}]}}