{"id":40970,"date":"2025-11-19T20:17:43","date_gmt":"2025-11-19T17:17:43","guid":{"rendered":"https:\/\/baldumarket.lt\/?post_type=product&#038;p=40970"},"modified":"2026-03-24T13:30:32","modified_gmt":"2026-03-24T10:30:32","slug":"set-silva-grupa-prestige","status":"publish","type":"product","link":"https:\/\/baldumarket.lt\/lt\/product\/set-silva-grupa-prestige\/","title":{"rendered":"Silva PRESTIGE grup\u0117"},"content":{"rendered":"<p>\u201eSilva\u201c komplekt\u0105 sudaro trys dalys: sofa, fotelis ir pufas. Baldas yra aptrauktas mink\u0161tais apmu\u0161alais ir pasi\u017eymi gra\u017eia, nat\u016bralia apdaila. Modernios, juodo plieno kojel\u0117s suteikia baldams unikalumo, suteikdamos jiems i\u0161skirtin\u0119, netradicin\u0119 i\u0161vaizd\u0105. Tai suteikia paprastiems baldams dizainerio poj\u016bt\u012f. Rinkdamiesi \u201eSilva\u201c komplekt\u0105, galite rinktis i\u0161 daugyb\u0117s gra\u017ei\u0173 apmu\u0161al\u0173 spalv\u0173. Be to, \u201eSilva\u201c komplektas yra labai patogus ir prakti\u0161kas d\u0117l vingiuot\u0173 spyruokli\u0173 ir labai elasting\u0173 HR put\u0173, naudojam\u0173 s\u0117dyn\u0117se. Sofos atlo\u0161as u\u017epildytas T25 putomis, kurios yra labai atsparios deformacijai. D\u0117l savo konstrukcijos baldai yra minimalistiniai, ta\u010diau labai patog\u016bs. Komplekto matmenys yra \u0161ie: sofa: 236 x 95 x 90 cm, fotelis: 93 x 95 x 82 cm ir pufas: 67 x 67 x 42 cm. Lyg to b\u016bt\u0173 ma\u017ea, sofa taip pat turi miegojimo funkcij\u0105, kurios plotas yra 200 x 145 cm, ir patog\u0173 DL atlo\u0161o mechanizm\u0105. \u201eSilva\u201c taip pat turi patalyn\u0117s daiktad\u0117\u017e\u0119. \u201eSilva\u201c poilsio komplektas \u2013 tai tobulas stiliaus, komforto ir funkcionalumo derinys.<\/p>","protected":false},"excerpt":{"rendered":"<p>\u201eSilva\u201c komplekt\u0105 sudaro sofa, fotelis ir pufas. Baldai yra apmu\u0161ti ir pasi\u017eymi gra\u017eia, nat\u016bralia apdaila. Modernios, juodo plieno kojel\u0117s suteikia baldams unikalumo, suteikdamos jiems i\u0161skirtin\u0119, netradicin\u0119 i\u0161vaizd\u0105. Tai suteikia paprastiems baldams dizainerio poj\u016bt\u012f. Rinkdamiesi \u201eSilva\u201c komplekt\u0105, galite pasirinkti [\u2026]<\/p>","protected":false},"featured_media":25406,"comment_status":"open","ping_status":"closed","template":"","meta":[],"product_brand":[],"product_cat":[9133],"product_tag":[],"class_list":{"0":"post-40970","1":"product","2":"type-product","3":"status-publish","4":"has-post-thumbnail","6":"product_cat-grouped","8":"first","9":"instock","10":"shipping-taxable","11":"purchasable","12":"product-type-variable","13":"wvs-archive-product-wrapper"},"_links":{"self":[{"href":"https:\/\/baldumarket.lt\/lt\/wp-json\/wp\/v2\/product\/40970","targetHints":{"allow":["GET"]}}],"collection":[{"href":"https:\/\/baldumarket.lt\/lt\/wp-json\/wp\/v2\/product"}],"about":[{"href":"https:\/\/baldumarket.lt\/lt\/wp-json\/wp\/v2\/types\/product"}],"replies":[{"embeddable":true,"href":"https:\/\/baldumarket.lt\/lt\/wp-json\/wp\/v2\/comments?post=40970"}],"wp:featuredmedia":[{"embeddable":true,"href":"https:\/\/baldumarket.lt\/lt\/wp-json\/wp\/v2\/media\/25406"}],"wp:attachment":[{"href":"https:\/\/baldumarket.lt\/lt\/wp-json\/wp\/v2\/media?parent=40970"}],"wp:term":[{"taxonomy":"product_brand","embeddable":true,"href":"https:\/\/baldumarket.lt\/lt\/wp-json\/wp\/v2\/product_brand?post=40970"},{"taxonomy":"product_cat","embeddable":true,"href":"https:\/\/baldumarket.lt\/lt\/wp-json\/wp\/v2\/product_cat?post=40970"},{"taxonomy":"product_tag","embeddable":true,"href":"https:\/\/baldumarket.lt\/lt\/wp-json\/wp\/v2\/product_tag?post=40970"}],"curies":[{"name":"wp","href":"https:\/\/api.w.org\/{rel}","templated":true}]}}