{"id":40954,"date":"2025-11-19T20:17:20","date_gmt":"2025-11-19T17:17:20","guid":{"rendered":"https:\/\/baldumarket.lt\/?post_type=product&#038;p=40954"},"modified":"2026-03-24T13:11:13","modified_gmt":"2026-03-24T10:11:13","slug":"selene-puf-buk-grupa-classic","status":"publish","type":"product","link":"https:\/\/baldumarket.lt\/lt\/product\/selene-puf-buk-grupa-classic\/","title":{"rendered":"Selene Pouf buko CLASSIC grup\u0117"},"content":{"rendered":"<p>\u201eSelene\u201c \u2013 tai unikalus 100 x 70 x 41 cm dyd\u017eio pufas, kuris ne tik tarnauja kaip papildoma s\u0117dyn\u0117, bet ir gali b\u016bti naudojamas kaip pakojis ar nedidelis staliukas. I\u0161skirtin\u0117s jo savyb\u0117s: stabili konstrukcija, erdvi, patogi s\u0117dyn\u0117, pagaminta i\u0161 T30 putplas\u010dio, aptraukto mink\u0161tu audiniu, medin\u0117s kojel\u0117s ir groteli\u0173 pagrindas. Med\u017eio masyvo konstrukcija suteikia prabangos ir elegancijos. Taip pat verta pamin\u0117ti, kad puf\u0105 galima naudoti kaip atskir\u0105 bald\u0105 arba kaip komplekt\u0105 su \u201eSelene\u201c sofa. Jei jums svarbiausia paprastumas, patvarumas ir \u012fdomus dizainas, \u201eSelene\u201c sofa yra puikus pasirinkimas.<\/p>","protected":false},"excerpt":{"rendered":"<p>\u201eSelene\u201c \u2013 tai unikalus 100 x 70 x 41 cm dyd\u017eio pufas, kuris ne tik tarnauja kaip papildoma s\u0117dyn\u0117, bet ir gali b\u016bti naudojamas kaip pakojis ar nedidelis staliukas. Jo i\u0161skirtin\u0117s savyb\u0117s: stabili konstrukcija, erdvi, patogi s\u0117dyn\u0117, pagaminta i\u0161 T30 putplas\u010dio, aptraukto mink\u0161tu audiniu, medin\u0117s kojel\u0117s ir [\u2026]<\/p>","protected":false},"featured_media":25021,"comment_status":"open","ping_status":"closed","template":"","meta":[],"product_brand":[],"product_cat":[9133],"product_tag":[],"class_list":{"0":"post-40954","1":"product","2":"type-product","3":"status-publish","4":"has-post-thumbnail","6":"product_cat-grouped","8":"first","9":"instock","10":"shipping-taxable","11":"purchasable","12":"product-type-variable","13":"wvs-archive-product-wrapper"},"_links":{"self":[{"href":"https:\/\/baldumarket.lt\/lt\/wp-json\/wp\/v2\/product\/40954","targetHints":{"allow":["GET"]}}],"collection":[{"href":"https:\/\/baldumarket.lt\/lt\/wp-json\/wp\/v2\/product"}],"about":[{"href":"https:\/\/baldumarket.lt\/lt\/wp-json\/wp\/v2\/types\/product"}],"replies":[{"embeddable":true,"href":"https:\/\/baldumarket.lt\/lt\/wp-json\/wp\/v2\/comments?post=40954"}],"wp:featuredmedia":[{"embeddable":true,"href":"https:\/\/baldumarket.lt\/lt\/wp-json\/wp\/v2\/media\/25021"}],"wp:attachment":[{"href":"https:\/\/baldumarket.lt\/lt\/wp-json\/wp\/v2\/media?parent=40954"}],"wp:term":[{"taxonomy":"product_brand","embeddable":true,"href":"https:\/\/baldumarket.lt\/lt\/wp-json\/wp\/v2\/product_brand?post=40954"},{"taxonomy":"product_cat","embeddable":true,"href":"https:\/\/baldumarket.lt\/lt\/wp-json\/wp\/v2\/product_cat?post=40954"},{"taxonomy":"product_tag","embeddable":true,"href":"https:\/\/baldumarket.lt\/lt\/wp-json\/wp\/v2\/product_tag?post=40954"}],"curies":[{"name":"wp","href":"https:\/\/api.w.org\/{rel}","templated":true}]}}