{"id":40942,"date":"2025-11-19T20:17:19","date_gmt":"2025-11-19T17:17:19","guid":{"rendered":"https:\/\/baldumarket.lt\/?post_type=product&#038;p=40942"},"modified":"2026-03-24T13:11:12","modified_gmt":"2026-03-24T10:11:12","slug":"selene-buk-grupa-classic","status":"publish","type":"product","link":"https:\/\/baldumarket.lt\/lt\/product\/selene-buk-grupa-classic\/","title":{"rendered":"Selene Buk CLASSIC grup\u0117"},"content":{"rendered":"<p>\u201eSelene\u201c \u2013 tai erdvi, klasikinio stiliaus sofa, kurios matmenys \u2013 216 x 87 x 93 cm, sukurta su i\u0161skirtinai stilingu, ta\u010diau minimalistiniu dizainu. Ji puikiai tinka poilsiui dien\u0105 ar nakt\u012f, nes spragtel\u0117jimo mechanizmu j\u0105 galima i\u0161lankstyti \u012f 195 x 110 cm lov\u0105. Sofoje taip pat yra erdvus patalyn\u0117s skyrius, esantis lovos r\u0117me. D\u0117l i\u0161skirtinio lankstumo ir mink\u0161tumo ypa\u010d vertas d\u0117mesio T30 putplastis, atsparus \u012flenkimams. Papildomos \u0161io modelio savyb\u0117s: stilingas dygsniavimas atlo\u0161e ir \u0161onuose, med\u017eio masyvo kojel\u0117s, kont\u016brinis atlo\u0161as ir platus spalv\u0173 pasirinkimas. \u201eSelene\u201c \u2013 unikalus baldas, kuris tarnaus ilgus metus. Jei vertinate maksimal\u0173 komfort\u0105 ir funkcionalum\u0105, \u201eSelene\u201c tikrai taps j\u016bs\u0173 s\u0117kme!<\/p>","protected":false},"excerpt":{"rendered":"<p>\u201eSelene\u201c \u2013 tai erdvi, klasikinio stiliaus sofa, kurios matmenys \u2013 216 x 87 x 93 cm, sukurta su i\u0161skirtinai stilingu, ta\u010diau minimalistiniu prisilietimu. Ji puikiai tinka poilsiui dien\u0105 ar nakt\u012f, nes spragtel\u0117jimo mechanizmu j\u0105 galima i\u0161skleisti \u012f 195 x 110 cm dyd\u017eio lov\u0105. Sofa taip pat turi erdv\u0173 [\u2026]<\/p>","protected":false},"featured_media":24956,"comment_status":"open","ping_status":"closed","template":"","meta":[],"product_brand":[],"product_cat":[9133],"product_tag":[],"class_list":{"0":"post-40942","1":"product","2":"type-product","3":"status-publish","4":"has-post-thumbnail","6":"product_cat-grouped","8":"first","9":"instock","10":"shipping-taxable","11":"purchasable","12":"product-type-variable","13":"wvs-archive-product-wrapper"},"_links":{"self":[{"href":"https:\/\/baldumarket.lt\/lt\/wp-json\/wp\/v2\/product\/40942","targetHints":{"allow":["GET"]}}],"collection":[{"href":"https:\/\/baldumarket.lt\/lt\/wp-json\/wp\/v2\/product"}],"about":[{"href":"https:\/\/baldumarket.lt\/lt\/wp-json\/wp\/v2\/types\/product"}],"replies":[{"embeddable":true,"href":"https:\/\/baldumarket.lt\/lt\/wp-json\/wp\/v2\/comments?post=40942"}],"wp:featuredmedia":[{"embeddable":true,"href":"https:\/\/baldumarket.lt\/lt\/wp-json\/wp\/v2\/media\/24956"}],"wp:attachment":[{"href":"https:\/\/baldumarket.lt\/lt\/wp-json\/wp\/v2\/media?parent=40942"}],"wp:term":[{"taxonomy":"product_brand","embeddable":true,"href":"https:\/\/baldumarket.lt\/lt\/wp-json\/wp\/v2\/product_brand?post=40942"},{"taxonomy":"product_cat","embeddable":true,"href":"https:\/\/baldumarket.lt\/lt\/wp-json\/wp\/v2\/product_cat?post=40942"},{"taxonomy":"product_tag","embeddable":true,"href":"https:\/\/baldumarket.lt\/lt\/wp-json\/wp\/v2\/product_tag?post=40942"}],"curies":[{"name":"wp","href":"https:\/\/api.w.org\/{rel}","templated":true}]}}