{"id":40898,"date":"2025-11-19T20:16:30","date_gmt":"2025-11-19T17:16:30","guid":{"rendered":"https:\/\/baldumarket.lt\/?post_type=product&#038;p=40898"},"modified":"2026-03-24T13:44:48","modified_gmt":"2026-03-24T10:44:48","slug":"sado-grupa-standard","status":"publish","type":"product","link":"https:\/\/baldumarket.lt\/lt\/product\/sado-grupa-standard\/","title":{"rendered":"Sado Grupa STANDARTAS"},"content":{"rendered":"<p>\u201eSado\u201c kampin\u0117 sofa, kurios i\u0161matavimai 272 x 192 x 95 cm, skirta patogiam poilsiui. D\u0117l i\u0161lenkto, reguliuojamo atlo\u0161o ji puikiai tinka \u017ei\u016br\u0117ti filmus ir skaityti knygas. Sofa taip pat turi 207 \u00d7 130 cm i\u0161skleid\u017eiam\u0105 lov\u0105, tod\u0117l prireikus \u201eSado\u201c galite lengvai transformuoti \u012f papildom\u0105 lov\u0105. Dar vienas \u0161ios kampin\u0117s sofos privalumas \u2013 labai paprastas ir intuityvus delfino mechanizmas, naudojamas jai i\u0161skleisti. Be to, pufo daiktad\u0117\u017e\u0117je lengvai sutalpinsite vis\u0105 patalyn\u0117s komplekt\u0105. Puiki vieta daiktams susid\u0117ti tiems, kurie vertina erdv\u0119! Taip pat verta pamin\u0117ti patogius, i\u0161lenktus porankius ir eleganti\u0161kas, sidabruotas medines kojeles, kurios puikiai papildys \u0161iuolaikinius svetain\u0117s kambarius. Be to, \u201eSado\u201c kampin\u0119 sof\u0105 galima \u012fsigyti su \u012fvairiais audiniais i\u0161 pla\u010dios \u201eBalduMarket\u201c kolekcijos.<\/p>","protected":false},"excerpt":{"rendered":"<p>\u201eSado\u201c kampin\u0117 sofa, kurios matmenys \u2013 272 x 192 x 95 cm, skirta patogiam poilsiui. D\u0117l i\u0161lenkto, reguliuojamo atlo\u0161o ji puikiai tinka \u017ei\u016br\u0117ti filmus ir skaityti knygas. Sofa taip pat turi 207 x 130 cm dyd\u017eio i\u0161skleid\u017eiam\u0105 lov\u0105, tod\u0117l prireikus \u201eSado\u201c sof\u0105 galite lengvai transformuoti \u012f papildom\u0105 lov\u0105. Dar vienas \u0161ios kampin\u0117s sofos privalumas \u2013 [\u2026]<\/p>","protected":false},"featured_media":15625,"comment_status":"open","ping_status":"closed","template":"","meta":[],"product_brand":[],"product_cat":[9133],"product_tag":[],"class_list":{"0":"post-40898","1":"product","2":"type-product","3":"status-publish","4":"has-post-thumbnail","6":"product_cat-grouped","8":"first","9":"instock","10":"shipping-taxable","11":"purchasable","12":"product-type-variable","13":"wvs-archive-product-wrapper"},"_links":{"self":[{"href":"https:\/\/baldumarket.lt\/lt\/wp-json\/wp\/v2\/product\/40898","targetHints":{"allow":["GET"]}}],"collection":[{"href":"https:\/\/baldumarket.lt\/lt\/wp-json\/wp\/v2\/product"}],"about":[{"href":"https:\/\/baldumarket.lt\/lt\/wp-json\/wp\/v2\/types\/product"}],"replies":[{"embeddable":true,"href":"https:\/\/baldumarket.lt\/lt\/wp-json\/wp\/v2\/comments?post=40898"}],"wp:featuredmedia":[{"embeddable":true,"href":"https:\/\/baldumarket.lt\/lt\/wp-json\/wp\/v2\/media\/15625"}],"wp:attachment":[{"href":"https:\/\/baldumarket.lt\/lt\/wp-json\/wp\/v2\/media?parent=40898"}],"wp:term":[{"taxonomy":"product_brand","embeddable":true,"href":"https:\/\/baldumarket.lt\/lt\/wp-json\/wp\/v2\/product_brand?post=40898"},{"taxonomy":"product_cat","embeddable":true,"href":"https:\/\/baldumarket.lt\/lt\/wp-json\/wp\/v2\/product_cat?post=40898"},{"taxonomy":"product_tag","embeddable":true,"href":"https:\/\/baldumarket.lt\/lt\/wp-json\/wp\/v2\/product_tag?post=40898"}],"curies":[{"name":"wp","href":"https:\/\/api.w.org\/{rel}","templated":true}]}}