{"id":40778,"date":"2025-11-19T20:15:05","date_gmt":"2025-11-19T17:15:05","guid":{"rendered":"https:\/\/baldumarket.lt\/?post_type=product&#038;p=40778"},"modified":"2026-03-24T13:10:54","modified_gmt":"2026-03-24T10:10:54","slug":"roneyy-grupa-classic","status":"publish","type":"product","link":"https:\/\/baldumarket.lt\/lt\/product\/roneyy-grupa-classic\/","title":{"rendered":"Roneyy CLASSIC grup\u0117"},"content":{"rendered":"<p>Moderni \u201eRoneyy\u201c sofa-lova, kurios matmenys \u2013 212 x 89 x 86 cm, yra stilingas ir funkcionalus svetain\u0117s baldas, derinantis kasdienio poilsio komfort\u0105 su prakti\u0161kais sprendimais, tokiais kaip miegojimo funkcija ir patalyn\u0117s d\u0117\u017e\u0117; naudojimo patogum\u0105 u\u017etikrina s\u0117dyn\u0117 ir atlo\u0161as, u\u017epildyti B tipo banguotomis spyruokl\u0117mis ir T2540 putomis, o stabilum\u0105 ir eleganti\u0161k\u0105 i\u0161vaizd\u0105 pabr\u0117\u017eia juodos plastikin\u0117s kojel\u0117s, o \u201eClick-Clack\u201c mechanizmas leid\u017eia lengvai i\u0161skleisti sof\u0105-lov\u0105, tod\u0117l \u201eRoneyy\u201c puikiai tinka moderniam interjerui ir atitinka net reikliausi\u0173 vartotoj\u0173 l\u016bkes\u010dius.<\/p>","protected":false},"excerpt":{"rendered":"<p>Moderni \u201eRoneyy\u201c sofa-lova, kurios matmenys \u2013 212 x 89 x 86 cm, yra stilingas ir funkcionalus svetain\u0117s baldas, kuriame kasdienio poilsio komfortas derinamas su prakti\u0161kais sprendimais, tokiais kaip miegojimo funkcija ir patalyn\u0117s d\u0117\u017e\u0117; naudojimo patogum\u0105 u\u017etikrina s\u0117dyn\u0117 ir atlo\u0161as, u\u017epildyti B tipo banguotomis spyruokl\u0117mis ir T2540 [\u2026]<\/p>","protected":false},"featured_media":35556,"comment_status":"open","ping_status":"closed","template":"","meta":[],"product_brand":[],"product_cat":[9133],"product_tag":[],"class_list":{"0":"post-40778","1":"product","2":"type-product","3":"status-publish","4":"has-post-thumbnail","6":"product_cat-grouped","8":"first","9":"instock","10":"shipping-taxable","11":"purchasable","12":"product-type-variable","13":"wvs-archive-product-wrapper"},"_links":{"self":[{"href":"https:\/\/baldumarket.lt\/lt\/wp-json\/wp\/v2\/product\/40778","targetHints":{"allow":["GET"]}}],"collection":[{"href":"https:\/\/baldumarket.lt\/lt\/wp-json\/wp\/v2\/product"}],"about":[{"href":"https:\/\/baldumarket.lt\/lt\/wp-json\/wp\/v2\/types\/product"}],"replies":[{"embeddable":true,"href":"https:\/\/baldumarket.lt\/lt\/wp-json\/wp\/v2\/comments?post=40778"}],"wp:featuredmedia":[{"embeddable":true,"href":"https:\/\/baldumarket.lt\/lt\/wp-json\/wp\/v2\/media\/35556"}],"wp:attachment":[{"href":"https:\/\/baldumarket.lt\/lt\/wp-json\/wp\/v2\/media?parent=40778"}],"wp:term":[{"taxonomy":"product_brand","embeddable":true,"href":"https:\/\/baldumarket.lt\/lt\/wp-json\/wp\/v2\/product_brand?post=40778"},{"taxonomy":"product_cat","embeddable":true,"href":"https:\/\/baldumarket.lt\/lt\/wp-json\/wp\/v2\/product_cat?post=40778"},{"taxonomy":"product_tag","embeddable":true,"href":"https:\/\/baldumarket.lt\/lt\/wp-json\/wp\/v2\/product_tag?post=40778"}],"curies":[{"name":"wp","href":"https:\/\/api.w.org\/{rel}","templated":true}]}}