{"id":40774,"date":"2025-11-19T20:15:04","date_gmt":"2025-11-19T17:15:04","guid":{"rendered":"https:\/\/baldumarket.lt\/?post_type=product&#038;p=40774"},"modified":"2026-03-24T13:30:14","modified_gmt":"2026-03-24T10:30:14","slug":"rodrigo-grupa-prestige","status":"publish","type":"product","link":"https:\/\/baldumarket.lt\/lt\/product\/rodrigo-grupa-prestige\/","title":{"rendered":"Rodrigo PRESTIGE grup\u0117"},"content":{"rendered":"<p>\u201eRodrigo\u201c \u2013 stilinga ir moderni U formos kampin\u0117 sofa. 345 x 202 x 90 cm dyd\u017eio sofa garantuoja erdvum\u0105 ir komfort\u0105 dien\u0105, o nakt\u012f \u2013 maksimal\u0173 komfort\u0105 ant 125 x 266 cm dyd\u017eio sofos. D\u0117l delfininio mechanizmo lov\u0105 malonu ir paprasta i\u0161skleisti. Taip pat verta pamin\u0117ti erdv\u0173 patalyn\u0117s skyri\u0173 pufe. I\u0161skirtin\u012f s\u0117dyn\u0117s mink\u0161tum\u0105 ir elastingum\u0105 garantuoja deformacijai atspari\u0173 T30 put\u0173 ir lanks\u010di\u0173 bei patvari\u0173 vingiuot\u0173 spyruokli\u0173 derinys. Tarp i\u0161skirtini\u0173 \u0161io modelio savybi\u0173: apmu\u0161tas atlo\u0161as, erdvios, gilios s\u0117dyn\u0117s, kont\u016brinis atlo\u0161as, reguliuojamos galvos atramos, si\u016bl\u0117s ir subtilus dygsniavimas s\u0117dyn\u0117se bei auk\u0161tos, chromuotos kojel\u0117s. Jei ie\u0161kote ka\u017eko unikalaus modernaus klasikinio stiliaus su \u017eavesio prieskoniu, \u201eRodrigo\u201c tikrai bus kaip tik jums.<\/p>","protected":false},"excerpt":{"rendered":"<p>\u201eRodrigo\u201c \u2013 stilinga ir moderni U formos kampin\u0117 sofa. 345 x 202 x 90 cm dyd\u017eio sofa garantuoja erdvum\u0105 ir komfort\u0105 dien\u0105, o nakt\u012f \u2013 maksimal\u0173 komfort\u0105 ant 125 x 266 cm dyd\u017eio sofos. D\u0117l delfininio mechanizmo lovos i\u0161skleidimas yra malonus ir paprastas. Erdvi patalyn\u0117 [\u2026]<\/p>","protected":false},"featured_media":24316,"comment_status":"open","ping_status":"closed","template":"","meta":[],"product_brand":[],"product_cat":[9133],"product_tag":[],"class_list":{"0":"post-40774","1":"product","2":"type-product","3":"status-publish","4":"has-post-thumbnail","6":"product_cat-grouped","8":"first","9":"instock","10":"shipping-taxable","11":"purchasable","12":"product-type-variable","13":"wvs-archive-product-wrapper"},"_links":{"self":[{"href":"https:\/\/baldumarket.lt\/lt\/wp-json\/wp\/v2\/product\/40774","targetHints":{"allow":["GET"]}}],"collection":[{"href":"https:\/\/baldumarket.lt\/lt\/wp-json\/wp\/v2\/product"}],"about":[{"href":"https:\/\/baldumarket.lt\/lt\/wp-json\/wp\/v2\/types\/product"}],"replies":[{"embeddable":true,"href":"https:\/\/baldumarket.lt\/lt\/wp-json\/wp\/v2\/comments?post=40774"}],"wp:featuredmedia":[{"embeddable":true,"href":"https:\/\/baldumarket.lt\/lt\/wp-json\/wp\/v2\/media\/24316"}],"wp:attachment":[{"href":"https:\/\/baldumarket.lt\/lt\/wp-json\/wp\/v2\/media?parent=40774"}],"wp:term":[{"taxonomy":"product_brand","embeddable":true,"href":"https:\/\/baldumarket.lt\/lt\/wp-json\/wp\/v2\/product_brand?post=40774"},{"taxonomy":"product_cat","embeddable":true,"href":"https:\/\/baldumarket.lt\/lt\/wp-json\/wp\/v2\/product_cat?post=40774"},{"taxonomy":"product_tag","embeddable":true,"href":"https:\/\/baldumarket.lt\/lt\/wp-json\/wp\/v2\/product_tag?post=40774"}],"curies":[{"name":"wp","href":"https:\/\/api.w.org\/{rel}","templated":true}]}}