{"id":40752,"date":"2025-11-19T20:14:36","date_gmt":"2025-11-19T17:14:36","guid":{"rendered":"https:\/\/baldumarket.lt\/?post_type=product&#038;p=40752"},"modified":"2026-03-24T13:30:06","modified_gmt":"2026-03-24T10:30:06","slug":"rivia-90x200-grupa-prestige","status":"publish","type":"product","link":"https:\/\/baldumarket.lt\/lt\/product\/rivia-90x200-grupa-prestige\/","title":{"rendered":"Rivia 90\u00d7200 PRESTIGE Group"},"content":{"rendered":"<p>\u201eRivia\u201c \u2013 tai klasikin\u0117 viengul\u0117 lova su labai eleganti\u0161ku dizainu, kuri puikiai tiks bet kuriame miegamajame \u2013 tiek j\u016bs\u0173 vaiko, tiek sve\u010di\u0173 kambaryje \u2013 ir visada bus populiari. 90 x 209 cm dyd\u017eio lovos pavir\u0161ius, \u201eBonnell\u201c spyruoklin\u0117 sistema ir T25 put\u0173 u\u017epildas garantuoja sveik\u0105 mieg\u0105, nes tokio tipo \u010diu\u017einys palaiko tinkam\u0105 k\u016bno pad\u0117t\u012f poilsio metu. Nors \u201eArco\u201c lova atrodo minimalistin\u0117 ir kompakti\u0161ka, joje yra erdvus patalyn\u0117s skyrius su audiniu aptraukta rankena. Kiti privalumai: auk\u0161ta 53 cm s\u0117dyn\u0117 ir 3 cm kojel\u0117s. \u201eRivia\u201c spyruoklin\u0117 lova yra puikus pasirinkimas, jei ie\u0161kote tobulos viengul\u0117s lovos savo miegamajam. \u201eRivia\u201c \u2013 tai ma\u017eesnio dyd\u017eio ir maksimalaus komforto sinonimas.<\/p>","protected":false},"excerpt":{"rendered":"<p>\u201eRivia\u201c \u2013 tai klasikin\u0117, viengul\u0117 lova su labai eleganti\u0161ku dizainu, kuri puikiai tiks bet kuriame miegamajame \u2013 tiek vaiko, tiek sve\u010di\u0173 kambaryje \u2013 ir visada bus populiari. Lovos 90 x 209 cm dyd\u017eio pavir\u0161ius kartu su \u201eBonnell\u201c spyruokl\u0117mis ir T25 putplas\u010dio u\u017epildu garantuoja sveik\u0105 [\u2026]<\/p>","protected":false},"featured_media":24215,"comment_status":"open","ping_status":"closed","template":"","meta":[],"product_brand":[],"product_cat":[9133],"product_tag":[],"class_list":{"0":"post-40752","1":"product","2":"type-product","3":"status-publish","4":"has-post-thumbnail","6":"product_cat-grouped","8":"first","9":"instock","10":"shipping-taxable","11":"purchasable","12":"product-type-variable","13":"wvs-archive-product-wrapper"},"_links":{"self":[{"href":"https:\/\/baldumarket.lt\/lt\/wp-json\/wp\/v2\/product\/40752","targetHints":{"allow":["GET"]}}],"collection":[{"href":"https:\/\/baldumarket.lt\/lt\/wp-json\/wp\/v2\/product"}],"about":[{"href":"https:\/\/baldumarket.lt\/lt\/wp-json\/wp\/v2\/types\/product"}],"replies":[{"embeddable":true,"href":"https:\/\/baldumarket.lt\/lt\/wp-json\/wp\/v2\/comments?post=40752"}],"wp:featuredmedia":[{"embeddable":true,"href":"https:\/\/baldumarket.lt\/lt\/wp-json\/wp\/v2\/media\/24215"}],"wp:attachment":[{"href":"https:\/\/baldumarket.lt\/lt\/wp-json\/wp\/v2\/media?parent=40752"}],"wp:term":[{"taxonomy":"product_brand","embeddable":true,"href":"https:\/\/baldumarket.lt\/lt\/wp-json\/wp\/v2\/product_brand?post=40752"},{"taxonomy":"product_cat","embeddable":true,"href":"https:\/\/baldumarket.lt\/lt\/wp-json\/wp\/v2\/product_cat?post=40752"},{"taxonomy":"product_tag","embeddable":true,"href":"https:\/\/baldumarket.lt\/lt\/wp-json\/wp\/v2\/product_tag?post=40752"}],"curies":[{"name":"wp","href":"https:\/\/api.w.org\/{rel}","templated":true}]}}