{"id":40718,"date":"2025-11-19T20:14:10","date_gmt":"2025-11-19T17:14:10","guid":{"rendered":"https:\/\/baldumarket.lt\/?post_type=product&#038;p=40718"},"modified":"2026-03-24T13:30:06","modified_gmt":"2026-03-24T10:30:06","slug":"revi-grupa-prestige","status":"publish","type":"product","link":"https:\/\/baldumarket.lt\/lt\/product\/revi-grupa-prestige\/","title":{"rendered":"Revi PRESTIGE grup\u0117"},"content":{"rendered":"<p>\u201eRevi\u201c \u2013 tai unikalus klasikinio stiliaus ir modernumo derinys, \u017eavintis pla\u010diomis galimyb\u0117mis. 215 x 98 x 92 centimetr\u0173 dyd\u017eio sofa neabejotinai tinka bet kokiam interjerui. Paprastas dizainas, patikrinta, tvirta konstrukcija ir d\u0117mesys kiekvienai detalei daro m\u016bs\u0173 \u201eRevi\u201c poilsio baldus vertus d\u0117mesio. Jie ne tik puikiai tinka naudoti dien\u0105, bet ir puikiai tinka kaip lova nakt\u012f, o miegojimo plotas yra 140 x 200 centimetr\u0173. M\u016bs\u0173 sofa taip pat turi patalyn\u0117s skyri\u0173, kuris gali labai supaprastinti kasdien\u012f valym\u0105. \u201eRevi\u201c funkcionalumas taip pat padidina komfort\u0105 \u2013 s\u0117dyn\u0117 pagaminta i\u0161 patvari\u0173 vingiuot\u0173 spyruokli\u0173 ir lanks\u010di\u0173 T30 put\u0173 derinio. Papildomi \u0161io modelio privalumai: erdvios pagalv\u0117l\u0117s, i\u0161skirtinai eleganti\u0161kos kojel\u0117s ir platus m\u016bs\u0173 bald\u0173 spalv\u0173 pasirinkimas. \u201eRevi\u201c tikrai yra geras pasirinkimas ne tik individualistams. Nors ji \u017eavi savo paprastumu ir minimalizmu, ji atveria daug nauj\u0173 galimybi\u0173 bald\u0173 naudotojui.<\/p>","protected":false},"excerpt":{"rendered":"<p>\u201eRevi\u201c \u2013 tai unikalus klasikinio stiliaus ir modernumo derinys, kerintis ak\u012f pla\u010diomis galimyb\u0117mis. 215 x 98 x 92 centimetr\u0173 dyd\u017eio sofa tikrai tinka bet kokiam interjerui. Paprastas dizainas, patikrinta, tvirta konstrukcija ir d\u0117mesys kiekvienai detalei daro m\u016bs\u0173 \u201eRevi\u201c poilsio baldus vertus d\u0117mesio. [\u2026]<\/p>","protected":false},"featured_media":26349,"comment_status":"open","ping_status":"closed","template":"","meta":[],"product_brand":[],"product_cat":[9133],"product_tag":[],"class_list":{"0":"post-40718","1":"product","2":"type-product","3":"status-publish","4":"has-post-thumbnail","6":"product_cat-grouped","8":"first","9":"instock","10":"shipping-taxable","11":"purchasable","12":"product-type-variable","13":"wvs-archive-product-wrapper"},"_links":{"self":[{"href":"https:\/\/baldumarket.lt\/lt\/wp-json\/wp\/v2\/product\/40718","targetHints":{"allow":["GET"]}}],"collection":[{"href":"https:\/\/baldumarket.lt\/lt\/wp-json\/wp\/v2\/product"}],"about":[{"href":"https:\/\/baldumarket.lt\/lt\/wp-json\/wp\/v2\/types\/product"}],"replies":[{"embeddable":true,"href":"https:\/\/baldumarket.lt\/lt\/wp-json\/wp\/v2\/comments?post=40718"}],"wp:featuredmedia":[{"embeddable":true,"href":"https:\/\/baldumarket.lt\/lt\/wp-json\/wp\/v2\/media\/26349"}],"wp:attachment":[{"href":"https:\/\/baldumarket.lt\/lt\/wp-json\/wp\/v2\/media?parent=40718"}],"wp:term":[{"taxonomy":"product_brand","embeddable":true,"href":"https:\/\/baldumarket.lt\/lt\/wp-json\/wp\/v2\/product_brand?post=40718"},{"taxonomy":"product_cat","embeddable":true,"href":"https:\/\/baldumarket.lt\/lt\/wp-json\/wp\/v2\/product_cat?post=40718"},{"taxonomy":"product_tag","embeddable":true,"href":"https:\/\/baldumarket.lt\/lt\/wp-json\/wp\/v2\/product_tag?post=40718"}],"curies":[{"name":"wp","href":"https:\/\/api.w.org\/{rel}","templated":true}]}}