{"id":40708,"date":"2025-11-19T20:14:09","date_gmt":"2025-11-19T17:14:09","guid":{"rendered":"https:\/\/baldumarket.lt\/?post_type=product&#038;p=40708"},"modified":"2026-03-24T13:30:05","modified_gmt":"2026-03-24T10:30:05","slug":"quadratta-60x30-grupa-prestige","status":"publish","type":"product","link":"https:\/\/baldumarket.lt\/lt\/product\/quadratta-60x30-grupa-prestige\/","title":{"rendered":"Quadratta 60\u00d730 PRESTIGE Group"},"content":{"rendered":"<p>\u201eQuadratta\u201c 60 \u00d7 30 cm sienel\u0117 yra mink\u0161ta ir lanksti, ta\u010diau i\u0161skirtinai patvari. Jos pagrindas \u2013 patvari MDF plok\u0161t\u0117 ir trij\u0173 centimetr\u0173 storio T21 putplas\u010dio sluoksnis. \u0160ie elementai ne tik suteikia gaminiui puiki\u0105 i\u0161vaizd\u0105, bet ir atlaiko kasdien\u012f naudojim\u0105. Jas pamils ir t\u0117vai, ir j\u0173 vaikai! Sienel\u0117s pavir\u0161ius yra saugiai mink\u0161tas, apsaugantis j\u016bs\u0173 ma\u017eyl\u012f nuo traum\u0173. Ji taip pat apsaugo j\u012f nuo s\u0105ly\u010dio su nemaloniai \u0161alta siena, suteikdama b\u016btin\u0105 komfort\u0105. \u201eQuadratta\u201c sienel\u0117s pavir\u0161ius pagamintas i\u0161 esteti\u0161kai patrauklaus ir patvaraus, zom\u0161\u0105 primenan\u010dio audinio. Maloni liesti tekst\u016bra ir didelis atsparumas dilimui bei trin\u010diai u\u017etikrina, kad gaminys steb\u0117tinai ilgai i\u0161laiko savo nepriekai\u0161ting\u0105 i\u0161vaizd\u0105. Be to, med\u017eiaga pasi\u017eymi hidrofobin\u0117mis savyb\u0117mis, tai rei\u0161kia, kad ji atstumia skys\u010dius ir ne\u0161varumus, tod\u0117l galite lengvai palaikyti viso baldo \u0161var\u0105. Apmu\u0161t\u0173 plok\u0161\u010di\u0173 montavimas yra nesud\u0117tingas, nereikalauja specialios \u012frangos, jis yra greitas ir paprastas. Kiekvien\u0105 plok\u0161t\u0119 galima \u012fsigyti kaip komplekt\u0105 arba atskirai.<\/p>","protected":false},"excerpt":{"rendered":"<p>\u201eQuadratta\u201c 60 \u00d7 30 cm sienel\u0117 yra mink\u0161ta ir lanksti, ta\u010diau i\u0161skirtinai patvari. Jos pagrindas \u2013 patvari MDF plok\u0161t\u0117 ir trij\u0173 centimetr\u0173 storio T21 putplas\u010dio sluoksnis. \u0160ie elementai ne tik suteikia gaminiui puiki\u0105 i\u0161vaizd\u0105, bet ir atlaiko kasdien\u012f naudojim\u0105. Jas pamils ir t\u0117vai, ir j\u0173 vaikai! Sienin\u0117s plok\u0161t\u0117s pavir\u0161ius yra saugiai mink\u0161tas, apsaugantis [\u2026]<\/p>","protected":false},"featured_media":22800,"comment_status":"open","ping_status":"closed","template":"","meta":[],"product_brand":[],"product_cat":[9133],"product_tag":[],"class_list":{"0":"post-40708","1":"product","2":"type-product","3":"status-publish","4":"has-post-thumbnail","6":"product_cat-grouped","8":"first","9":"instock","10":"shipping-taxable","11":"purchasable","12":"product-type-variable","13":"wvs-archive-product-wrapper"},"_links":{"self":[{"href":"https:\/\/baldumarket.lt\/lt\/wp-json\/wp\/v2\/product\/40708","targetHints":{"allow":["GET"]}}],"collection":[{"href":"https:\/\/baldumarket.lt\/lt\/wp-json\/wp\/v2\/product"}],"about":[{"href":"https:\/\/baldumarket.lt\/lt\/wp-json\/wp\/v2\/types\/product"}],"replies":[{"embeddable":true,"href":"https:\/\/baldumarket.lt\/lt\/wp-json\/wp\/v2\/comments?post=40708"}],"wp:featuredmedia":[{"embeddable":true,"href":"https:\/\/baldumarket.lt\/lt\/wp-json\/wp\/v2\/media\/22800"}],"wp:attachment":[{"href":"https:\/\/baldumarket.lt\/lt\/wp-json\/wp\/v2\/media?parent=40708"}],"wp:term":[{"taxonomy":"product_brand","embeddable":true,"href":"https:\/\/baldumarket.lt\/lt\/wp-json\/wp\/v2\/product_brand?post=40708"},{"taxonomy":"product_cat","embeddable":true,"href":"https:\/\/baldumarket.lt\/lt\/wp-json\/wp\/v2\/product_cat?post=40708"},{"taxonomy":"product_tag","embeddable":true,"href":"https:\/\/baldumarket.lt\/lt\/wp-json\/wp\/v2\/product_tag?post=40708"}],"curies":[{"name":"wp","href":"https:\/\/api.w.org\/{rel}","templated":true}]}}