{"id":40700,"date":"2025-11-19T20:14:07","date_gmt":"2025-11-19T17:14:07","guid":{"rendered":"https:\/\/baldumarket.lt\/?post_type=product&#038;p=40700"},"modified":"2026-03-24T13:29:56","modified_gmt":"2026-03-24T10:29:56","slug":"quadratta-50x30-grupa-prestige","status":"publish","type":"product","link":"https:\/\/baldumarket.lt\/lt\/product\/quadratta-50x30-grupa-prestige\/","title":{"rendered":"Quadratta 50\u00d730 PRESTIGE Group"},"content":{"rendered":"<p>Mink\u0161tas \u201eQuadratta\u201c 50 \u00d7 30 cm apmu\u0161tos plok\u0161t\u0117s vidus, pagamintas naudojant 3 cm storio T21 putplast\u012f ir lengv\u0105, atspari\u0105 pa\u017eeidimams MDF plok\u0161t\u0119, efektyviai pa\u0161alina rizik\u0105 atsitrenkti \u012f sien\u0105 \u017eaid\u017eiant. Tai pad\u0117s j\u016bs\u0173 ma\u017eyliui i\u0161vengti a\u0161ar\u0173 ir sumu\u0161im\u0173! Patrauklus dizainas ir platus \u201eBalduMarket\u201c spalv\u0173 pasirinkimas u\u017etikrina, kad t\u0117vai taip pat bus patenkinti. Svarbiose vietose, pavyzd\u017eiui, u\u017e vaiko lovos, sumontuotos plok\u0161t\u0117s taip pat padeda suma\u017einti rizik\u0105, kad j\u016bs\u0173 vaikas liesis prie \u0161altos sienos. Kiekviena m\u016bs\u0173 apmu\u0161ta plok\u0161t\u0117 pasi\u017eymi mink\u0161tu liesti, zom\u0161os stiliaus audiniu. Med\u017eiagos pavir\u0161ius yra ne tik atsparus pumpuravimuisi, dilimui ir trin\u010diai, bet ir atsparus vandeniui. Plok\u0161t\u0119 taip pat galite valyti dr\u0117gnu b\u016bdu, kad pa\u0161alintum\u0117te dulkes. \u201eQuadratta\u201c ilgai i\u0161laikys savo nepriekai\u0161ting\u0105 i\u0161vaizd\u0105! Apmu\u0161tos plok\u0161t\u0117s yra greitai montuojamos ir nereikalauja sunkios \u012frangos. Jos puikiai dera su kitais \u201eQuadratta\u201c kolekcijos elementais. Kiekvien\u0105 plok\u0161t\u0119 galima \u012fsigyti kaip komplekt\u0105 arba atskirai.<\/p>","protected":false},"excerpt":{"rendered":"<p>Mink\u0161tas \u201eQuadratta\u201c 50 \u00d7 30 cm apmu\u0161tos plok\u0161t\u0117s vidus, pagamintas naudojant 3 cm storio T21 putplast\u012f ir lengv\u0105, atspari\u0105 pa\u017eeidimams MDF plok\u0161t\u0119, efektyviai pa\u0161alina sm\u016bgio \u012f sien\u0105 rizik\u0105 \u017eaid\u017eiant. Tai pad\u0117s j\u016bs\u0173 ma\u017eyliui i\u0161vengti a\u0161ar\u0173 ir sumu\u0161im\u0173! Patrauklus dizainas ir platus spalv\u0173 pasirinkimas [\u2026]<\/p>","protected":false},"featured_media":22828,"comment_status":"open","ping_status":"closed","template":"","meta":[],"product_brand":[],"product_cat":[9133],"product_tag":[],"class_list":{"0":"post-40700","1":"product","2":"type-product","3":"status-publish","4":"has-post-thumbnail","6":"product_cat-grouped","8":"first","9":"instock","10":"shipping-taxable","11":"purchasable","12":"product-type-variable","13":"wvs-archive-product-wrapper"},"_links":{"self":[{"href":"https:\/\/baldumarket.lt\/lt\/wp-json\/wp\/v2\/product\/40700","targetHints":{"allow":["GET"]}}],"collection":[{"href":"https:\/\/baldumarket.lt\/lt\/wp-json\/wp\/v2\/product"}],"about":[{"href":"https:\/\/baldumarket.lt\/lt\/wp-json\/wp\/v2\/types\/product"}],"replies":[{"embeddable":true,"href":"https:\/\/baldumarket.lt\/lt\/wp-json\/wp\/v2\/comments?post=40700"}],"wp:featuredmedia":[{"embeddable":true,"href":"https:\/\/baldumarket.lt\/lt\/wp-json\/wp\/v2\/media\/22828"}],"wp:attachment":[{"href":"https:\/\/baldumarket.lt\/lt\/wp-json\/wp\/v2\/media?parent=40700"}],"wp:term":[{"taxonomy":"product_brand","embeddable":true,"href":"https:\/\/baldumarket.lt\/lt\/wp-json\/wp\/v2\/product_brand?post=40700"},{"taxonomy":"product_cat","embeddable":true,"href":"https:\/\/baldumarket.lt\/lt\/wp-json\/wp\/v2\/product_cat?post=40700"},{"taxonomy":"product_tag","embeddable":true,"href":"https:\/\/baldumarket.lt\/lt\/wp-json\/wp\/v2\/product_tag?post=40700"}],"curies":[{"name":"wp","href":"https:\/\/api.w.org\/{rel}","templated":true}]}}