{"id":40688,"date":"2025-11-19T20:13:43","date_gmt":"2025-11-19T17:13:43","guid":{"rendered":"https:\/\/baldumarket.lt\/?post_type=product&#038;p=40688"},"modified":"2026-03-24T13:29:55","modified_gmt":"2026-03-24T10:29:55","slug":"quadratta-240x90-grupa-prestige","status":"publish","type":"product","link":"https:\/\/baldumarket.lt\/lt\/product\/quadratta-240x90-grupa-prestige\/","title":{"rendered":"Quadratta 240\u00d790 PRESTIGE Group"},"content":{"rendered":"<p>\u201eQuadratta 240\u00d790\u201c komplekt\u0105 sudaro 12 60\u00d730 cm dyd\u017eio paneli\u0173. \u201eQuadratta 60\u00d730 cm\u201c yra mink\u0161ta ir lanksti, ta\u010diau itin patvari. Jos pagrindas \u2013 patvari MDF plok\u0161t\u0117 ir trij\u0173 centimetr\u0173 storio T21 putplas\u010dio sluoksnis. D\u0117l \u0161i\u0173 savybi\u0173 gaminys ne tik puikiai atrodo, bet ir atlaiko kasdien\u012f naudojim\u0105. Jas pamils ir t\u0117vai, ir j\u0173 vaikai! Sien\u0173 plok\u0161t\u0117s pavir\u0161ius yra saugiai mink\u0161tas, apsaugantis \u017eaisming\u0105 ma\u017eyl\u012f nuo traum\u0173. Ji taip pat apsaugo j\u012f nuo s\u0105ly\u010dio su nemaloniai \u0161alta siena, suteikdama b\u016btin\u0105 komfort\u0105. \u201eQuadratta\u201c sien\u0173 plok\u0161\u010di\u0173 pavir\u0161ius pagamintas i\u0161 esteti\u0161kai patrauklaus ir patvaraus, zom\u0161\u0105 primenan\u010dio audinio. Maloni liesti tekst\u016bra ir didelis atsparumas dilimui bei trin\u010diai u\u017etikrina, kad gaminys steb\u0117tinai ilgai i\u0161laikys savo nepriekai\u0161ting\u0105 i\u0161vaizd\u0105. Be to, naudojama med\u017eiaga pasi\u017eymi hidrofobin\u0117mis savyb\u0117mis. Tai rei\u0161kia, kad ji nesugeria skys\u010di\u0173 ar ne\u0161varum\u0173, tod\u0117l galite lengvai palaikyti vis\u0105 bald\u0105 \u0161var\u0173. Apmu\u0161t\u0173 plok\u0161\u010di\u0173 montavimas yra paprastas, nereikalaujantis specialios \u012frangos, be to, tai greita ir lengva. Kiekvien\u0105 plok\u0161t\u0119 galima \u012fsigyti kaip komplekt\u0105 arba atskirai.<\/p>","protected":false},"excerpt":{"rendered":"<p>\u201eQuadratta 240\u00d790\u201c komplekt\u0105 sudaro 12 60\u00d730 cm dyd\u017eio paneli\u0173. \u201eQuadratta 60\u00d730 cm\u201c yra mink\u0161ta ir lanksti, ta\u010diau itin patvari. Jos pagrindas yra patvari MDF plok\u0161t\u0117 ir trij\u0173 centimetr\u0173 storio T21 putplas\u010dio sluoksnis. D\u0117l \u0161i\u0173 savybi\u0173 gaminys ne tik puikiai atrodo, bet ir atlaiko kasdien\u012f naudojim\u0105. Tiek t\u0117vai, tiek j\u0173 vaikai [\u2026]<\/p>","protected":false},"featured_media":25309,"comment_status":"open","ping_status":"closed","template":"","meta":[],"product_brand":[],"product_cat":[9133],"product_tag":[],"class_list":{"0":"post-40688","1":"product","2":"type-product","3":"status-publish","4":"has-post-thumbnail","6":"product_cat-grouped","8":"first","9":"instock","10":"shipping-taxable","11":"purchasable","12":"product-type-variable","13":"wvs-archive-product-wrapper"},"_links":{"self":[{"href":"https:\/\/baldumarket.lt\/lt\/wp-json\/wp\/v2\/product\/40688","targetHints":{"allow":["GET"]}}],"collection":[{"href":"https:\/\/baldumarket.lt\/lt\/wp-json\/wp\/v2\/product"}],"about":[{"href":"https:\/\/baldumarket.lt\/lt\/wp-json\/wp\/v2\/types\/product"}],"replies":[{"embeddable":true,"href":"https:\/\/baldumarket.lt\/lt\/wp-json\/wp\/v2\/comments?post=40688"}],"wp:featuredmedia":[{"embeddable":true,"href":"https:\/\/baldumarket.lt\/lt\/wp-json\/wp\/v2\/media\/25309"}],"wp:attachment":[{"href":"https:\/\/baldumarket.lt\/lt\/wp-json\/wp\/v2\/media?parent=40688"}],"wp:term":[{"taxonomy":"product_brand","embeddable":true,"href":"https:\/\/baldumarket.lt\/lt\/wp-json\/wp\/v2\/product_brand?post=40688"},{"taxonomy":"product_cat","embeddable":true,"href":"https:\/\/baldumarket.lt\/lt\/wp-json\/wp\/v2\/product_cat?post=40688"},{"taxonomy":"product_tag","embeddable":true,"href":"https:\/\/baldumarket.lt\/lt\/wp-json\/wp\/v2\/product_tag?post=40688"}],"curies":[{"name":"wp","href":"https:\/\/api.w.org\/{rel}","templated":true}]}}