{"id":40678,"date":"2025-11-19T20:13:41","date_gmt":"2025-11-19T17:13:41","guid":{"rendered":"https:\/\/baldumarket.lt\/?post_type=product&#038;p=40678"},"modified":"2026-03-24T13:29:47","modified_gmt":"2026-03-24T10:29:47","slug":"quadratta-180x120-grupa-prestige","status":"publish","type":"product","link":"https:\/\/baldumarket.lt\/lt\/product\/quadratta-180x120-grupa-prestige\/","title":{"rendered":"Quadratta 180\u00d7120 PRESTIGE Group"},"content":{"rendered":"<p>\u201eQuadratta 180\u00d7120\u201c komplekt\u0105 sudaro 12 60\u00d740 cm dyd\u017eio paneli\u0173. \u201eQuadratta\u201c 60\u00d740 cm apmu\u0161ta sienel\u0117 pagaminta i\u0161 atsparios pa\u017eeidimams MDF plok\u0161t\u0117s, kuri\u0105 papildo trij\u0173 centimetr\u0173 storio T21 put\u0173 sluoksnis. \u0160ie elementai u\u017etikrina, kad gaminys atrodyt\u0173 nuostabiai ir b\u016bt\u0173 saugus nuo kasdienio naudojimo pavoj\u0173. Tod\u0117l nenuostabu, kad \u201eQuadratta\u201c patiks ne tik t\u0117vams, bet ir j\u0173 vaikams! Mink\u0161tas sienel\u0117s pavir\u0161ius u\u017etikrina \u017eaismingo ma\u017eylio saugum\u0105 susid\u016brus su siena. \u201eQuadratta\u201c sienel\u0117s pavir\u0161ius aptrauktas eleganti\u0161ku ir patvariu zom\u0161os stiliaus audiniu. Maloni liesti tekst\u016bra ir didelis atsparumas trin\u010diai, dilimui ir pumpuravimuisi u\u017etikrina, kad gaminys ilgai d\u017eiugins savo gro\u017eiu. Be to, naudojama med\u017eiaga pasi\u017eymi vandeniui atspariomis savyb\u0117mis. Tai rei\u0161kia, kad ji nesugeria skys\u010di\u0173 ar ne\u0161varum\u0173, tod\u0117l galite lengvai palaikyti vis\u0105 bald\u0105 \u0161var\u0173. Apmu\u0161t\u0173 paneli\u0173 montavimas yra greitas ir paprastas, nereikia specialios \u012frangos. \u0160i panel\u0117 puikiai dera su kitais \u201eQuadratta\u201c kolekcijos baldais. Kiekvien\u0105 panel\u0119 galima \u012fsigyti kaip komplekt\u0105 arba atskirai.<\/p>","protected":false},"excerpt":{"rendered":"<p>\u201eQuadratta 180\u00d7120\u201c komplekt\u0105 sudaro 12 paneli\u0173, kuri\u0173 matmenys 60\u00d740 cm. \u201eQuadratta\u201c 60\u00d740 cm apmu\u0161ta sienin\u0117 panel\u0117 pagaminta i\u0161 sm\u016bgiams atsparios MDF plok\u0161t\u0117s, kuri\u0105 papildo trij\u0173 centimetr\u0173 storio T21 putplas\u010dio sluoksnis. \u0160ie elementai u\u017etikrina, kad gaminys atrodyt\u0173 nuostabiai ir b\u016bt\u0173 apsaugotas nuo kasdienio naudojimo pavoj\u0173. Tad nenuostabu, [\u2026]<\/p>","protected":false},"featured_media":25236,"comment_status":"open","ping_status":"closed","template":"","meta":[],"product_brand":[],"product_cat":[9133],"product_tag":[],"class_list":{"0":"post-40678","1":"product","2":"type-product","3":"status-publish","4":"has-post-thumbnail","6":"product_cat-grouped","8":"first","9":"instock","10":"shipping-taxable","11":"purchasable","12":"product-type-variable","13":"wvs-archive-product-wrapper"},"_links":{"self":[{"href":"https:\/\/baldumarket.lt\/lt\/wp-json\/wp\/v2\/product\/40678","targetHints":{"allow":["GET"]}}],"collection":[{"href":"https:\/\/baldumarket.lt\/lt\/wp-json\/wp\/v2\/product"}],"about":[{"href":"https:\/\/baldumarket.lt\/lt\/wp-json\/wp\/v2\/types\/product"}],"replies":[{"embeddable":true,"href":"https:\/\/baldumarket.lt\/lt\/wp-json\/wp\/v2\/comments?post=40678"}],"wp:featuredmedia":[{"embeddable":true,"href":"https:\/\/baldumarket.lt\/lt\/wp-json\/wp\/v2\/media\/25236"}],"wp:attachment":[{"href":"https:\/\/baldumarket.lt\/lt\/wp-json\/wp\/v2\/media?parent=40678"}],"wp:term":[{"taxonomy":"product_brand","embeddable":true,"href":"https:\/\/baldumarket.lt\/lt\/wp-json\/wp\/v2\/product_brand?post=40678"},{"taxonomy":"product_cat","embeddable":true,"href":"https:\/\/baldumarket.lt\/lt\/wp-json\/wp\/v2\/product_cat?post=40678"},{"taxonomy":"product_tag","embeddable":true,"href":"https:\/\/baldumarket.lt\/lt\/wp-json\/wp\/v2\/product_tag?post=40678"}],"curies":[{"name":"wp","href":"https:\/\/api.w.org\/{rel}","templated":true}]}}