{"id":40672,"date":"2025-11-19T20:13:41","date_gmt":"2025-11-19T17:13:41","guid":{"rendered":"https:\/\/baldumarket.lt\/?post_type=product&#038;p=40672"},"modified":"2026-03-24T13:29:46","modified_gmt":"2026-03-24T10:29:46","slug":"quadratta-120x160-grupa-prestige","status":"publish","type":"product","link":"https:\/\/baldumarket.lt\/lt\/product\/quadratta-120x160-grupa-prestige\/","title":{"rendered":"Quadratta 120&#215;160 PRESTIGE Group"},"content":{"rendered":"<p>\u201eQuadratta 120\u00d7160\u201c komplekt\u0105 sudaro 19 40x40 cm dyd\u017eio paneli\u0173. \u201eQuadratta 40x40 cm\u201c apmu\u0161ta sienin\u0117 panel\u0117 yra \u012fdomus sprendimas, kuris tiks bet kuriame kambaryje. Taip yra d\u0117l unikalios konstrukcijos \u2013 jos pagrindas yra patvari ir deformacijai atspari MDF plok\u0161t\u0117. Ant jos u\u017etepta stora, trij\u0173 centimetr\u0173 storio T21 put\u0173 pl\u0117vel\u0117. \u0160is mink\u0161tas ir lankstus komponentas daro gaminio pavir\u0161i\u0173 itin malon\u0173 liesti. Tai u\u017etikrina, kad visas komplektas ilgai i\u0161laikys gra\u017ei\u0105 i\u0161vaizd\u0105 ir suteiks maloni\u0105 patirt\u012f b\u016bnant namuose. \u201eQuadratta\u201c sienin\u0119 panel\u0119 papildo modernus, zom\u0161os \u012fkv\u0117ptas audinys. Jo stora, mink\u0161ta tekst\u016bra yra labai atspari trin\u010diai ir pumpuravimuisi. Be to, naudojama med\u017eiaga priskiriama vandeniui atspari\u0173 (hidrofobini\u0173) kategorijai. Tai rei\u0161kia, kad jos pavir\u0161ius nesugeria skys\u010di\u0173 \u2013 jie nus\u0117da ant jo ma\u017e\u0173 la\u0161eli\u0173 pavidalu. Apmu\u0161t\u0173 paneli\u0173 montavimas yra itin paprastas, nereikalaujant specializuotos \u012frangos. \u0160ios panel\u0117s puikiai dera su kitais \u201eQuadratta\u201c kolekcijos gaminiais. Kiekvien\u0105 panel\u0119 galima \u012fsigyti kaip komplekt\u0105 arba atskirai.<\/p>","protected":false},"excerpt":{"rendered":"<p>\u201eQuadratta 120\u00d7160\u201c komplekt\u0105 sudaro 19 40x40 cm dyd\u017eio paneli\u0173. \u201eQuadratta 40x40 cm\u201c apmu\u0161ta sienin\u0117 panel\u0117 yra \u012fdomus sprendimas, kuris tiks bet kuriame kambaryje. Taip yra d\u0117l unikalios konstrukcijos \u2013 jos pagrindas yra patvari ir deformacijai atspari MDF plok\u0161t\u0117. Ant jos u\u017ed\u0117tas storas, trij\u0173 centimetr\u0173 storio T21 putplas\u010dio sluoksnis. \u0160i [\u2026]<\/p>","protected":false},"featured_media":25188,"comment_status":"open","ping_status":"closed","template":"","meta":[],"product_brand":[],"product_cat":[9133],"product_tag":[],"class_list":{"0":"post-40672","1":"product","2":"type-product","3":"status-publish","4":"has-post-thumbnail","6":"product_cat-grouped","8":"first","9":"instock","10":"shipping-taxable","11":"purchasable","12":"product-type-variable","13":"wvs-archive-product-wrapper"},"_links":{"self":[{"href":"https:\/\/baldumarket.lt\/lt\/wp-json\/wp\/v2\/product\/40672","targetHints":{"allow":["GET"]}}],"collection":[{"href":"https:\/\/baldumarket.lt\/lt\/wp-json\/wp\/v2\/product"}],"about":[{"href":"https:\/\/baldumarket.lt\/lt\/wp-json\/wp\/v2\/types\/product"}],"replies":[{"embeddable":true,"href":"https:\/\/baldumarket.lt\/lt\/wp-json\/wp\/v2\/comments?post=40672"}],"wp:featuredmedia":[{"embeddable":true,"href":"https:\/\/baldumarket.lt\/lt\/wp-json\/wp\/v2\/media\/25188"}],"wp:attachment":[{"href":"https:\/\/baldumarket.lt\/lt\/wp-json\/wp\/v2\/media?parent=40672"}],"wp:term":[{"taxonomy":"product_brand","embeddable":true,"href":"https:\/\/baldumarket.lt\/lt\/wp-json\/wp\/v2\/product_brand?post=40672"},{"taxonomy":"product_cat","embeddable":true,"href":"https:\/\/baldumarket.lt\/lt\/wp-json\/wp\/v2\/product_cat?post=40672"},{"taxonomy":"product_tag","embeddable":true,"href":"https:\/\/baldumarket.lt\/lt\/wp-json\/wp\/v2\/product_tag?post=40672"}],"curies":[{"name":"wp","href":"https:\/\/api.w.org\/{rel}","templated":true}]}}